{"id":8925,"date":"2018-09-20T15:40:05","date_gmt":"2018-09-20T15:40:05","guid":{"rendered":"https:\/\/www.ovpm.org\/?page_id=8925"},"modified":"2026-01-05T20:33:57","modified_gmt":"2026-01-05T20:33:57","slug":"asambleas-generales-de-la-ocpm","status":"publish","type":"page","link":"https:\/\/www.ovpm.org\/es\/gobernanza\/asambleas-generales-de-la-ocpm\/","title":{"rendered":"Asamblea General"},"content":{"rendered":"<p>La Asamblea General, compuesta por las ciudades miembros en regla representadas por sus alcaldes, dirige la OCPM de acuerdo con los <a href=\"https:\/\/www.ovpm.org\/es\/gobernanza\/reglamentos-generales\/\">Reglamentos Generales<\/a> y se re\u00fane cada a\u00f1o. En la Asamblea General, los Miembros en regla debaten las cuestiones que conciernen a la misi\u00f3n y a los objetivos de la OCPM y hacen recomendaciones al Consejo de Administraci\u00f3n al respecto. Orientan las actividades de la Organizaci\u00f3n. Reciben, estudian y adoptan el programa de trabajo y los informes especiales de la Organizaci\u00f3n y determinan y controlan la pol\u00edtica financiera de la Organizaci\u00f3n, adem\u00e1s de examinar y adoptar el presupuesto y el informe financiero.<\/p>\n<p>Consulte la lista de Asambleas Generales celebradas desde 1993:<\/p>\n","protected":false},"excerpt":{"rendered":"<p>La Asamblea General, compuesta por las ciudades miembros en regla representadas por sus alcaldes, dirige la OCPM de acuerdo con los Reglamentos Generales y se re\u00fane cada a\u00f1o. En la Asamblea General, los Miembros en regla debaten las cuestiones que conciernen a la misi\u00f3n y a los objetivos de la OCPM y hacen recomendaciones al [&hellip;]<\/p>\n","protected":false},"author":1,"featured_media":0,"parent":29393,"menu_order":62,"comment_status":"closed","ping_status":"closed","template":"page-assembly.php","meta":{"_acf_changed":false,"footnotes":""},"acf":[],"_links":{"self":[{"href":"https:\/\/www.ovpm.org\/es\/wp-json\/wp\/v2\/pages\/8925"}],"collection":[{"href":"https:\/\/www.ovpm.org\/es\/wp-json\/wp\/v2\/pages"}],"about":[{"href":"https:\/\/www.ovpm.org\/es\/wp-json\/wp\/v2\/types\/page"}],"author":[{"embeddable":true,"href":"https:\/\/www.ovpm.org\/es\/wp-json\/wp\/v2\/users\/1"}],"replies":[{"embeddable":true,"href":"https:\/\/www.ovpm.org\/es\/wp-json\/wp\/v2\/comments?post=8925"}],"version-history":[{"count":6,"href":"https:\/\/www.ovpm.org\/es\/wp-json\/wp\/v2\/pages\/8925\/revisions"}],"predecessor-version":[{"id":36352,"href":"https:\/\/www.ovpm.org\/es\/wp-json\/wp\/v2\/pages\/8925\/revisions\/36352"}],"up":[{"embeddable":true,"href":"https:\/\/www.ovpm.org\/es\/wp-json\/wp\/v2\/pages\/29393"}],"wp:attachment":[{"href":"https:\/\/www.ovpm.org\/es\/wp-json\/wp\/v2\/media?parent=8925"}],"curies":[{"name":"wp","href":"https:\/\/api.w.org\/{rel}","templated":true}]}}