{"id":8905,"date":"2018-09-20T15:37:07","date_gmt":"2018-09-20T15:37:07","guid":{"rendered":"https:\/\/www.ovpm.org\/?page_id=8905"},"modified":"2023-04-27T15:49:02","modified_gmt":"2023-04-27T15:49:02","slug":"reglamentos-generales","status":"publish","type":"page","link":"https:\/\/www.ovpm.org\/es\/gobernanza\/reglamentos-generales\/","title":{"rendered":"Reglamentos Generales"},"content":{"rendered":"<p>Como organizaci\u00f3n internacional, no gubernamental y sin \u00e1nimo de lucro, la Organizaci\u00f3n de las Ciudades del Patrimonio Mundial ha adoptado un Reglamento General que rige todos los procedimientos operativos de la OCPM. Descargue el documento completo a continuaci\u00f3n:<\/p>\n<p><a href=\"https:\/\/www.ovpm.org\/wp-content\/uploads\/2022\/11\/reglamentos-generalesespadoptados-en-quebec-2022.pdf\">Descargar los reglamentos generales<\/a> (PDF)<\/p>\n<hr \/>\n<h3>Idiomas oficiales de la OCPM<\/h3>\n<p>Para poder demostrar adecuadamente el aspecto internacional de la Organizaci\u00f3n as\u00ed que la gran diversidad de sus ciudades patrimoniales, la OCPM tiene cinco idiomas oficiales: franc\u00e9s, ingl\u00e9s, espa\u00f1ol, \u00e1rabe y portugu\u00e9s. Los tres primeros tienen el estatus de idiomas de trabajo.<\/p>\n","protected":false},"excerpt":{"rendered":"<p>Como organizaci\u00f3n internacional, no gubernamental y sin \u00e1nimo de lucro, la Organizaci\u00f3n de las Ciudades del Patrimonio Mundial ha adoptado un Reglamento General que rige todos los procedimientos operativos de la OCPM. Descargue el documento completo a continuaci\u00f3n: Descargar los reglamentos generales (PDF) Idiomas oficiales de la OCPM Para poder demostrar adecuadamente el aspecto internacional [&hellip;]<\/p>\n","protected":false},"author":1,"featured_media":0,"parent":29393,"menu_order":64,"comment_status":"closed","ping_status":"closed","template":"","meta":{"_acf_changed":false,"footnotes":""},"acf":[],"_links":{"self":[{"href":"https:\/\/www.ovpm.org\/es\/wp-json\/wp\/v2\/pages\/8905"}],"collection":[{"href":"https:\/\/www.ovpm.org\/es\/wp-json\/wp\/v2\/pages"}],"about":[{"href":"https:\/\/www.ovpm.org\/es\/wp-json\/wp\/v2\/types\/page"}],"author":[{"embeddable":true,"href":"https:\/\/www.ovpm.org\/es\/wp-json\/wp\/v2\/users\/1"}],"replies":[{"embeddable":true,"href":"https:\/\/www.ovpm.org\/es\/wp-json\/wp\/v2\/comments?post=8905"}],"version-history":[{"count":3,"href":"https:\/\/www.ovpm.org\/es\/wp-json\/wp\/v2\/pages\/8905\/revisions"}],"predecessor-version":[{"id":29409,"href":"https:\/\/www.ovpm.org\/es\/wp-json\/wp\/v2\/pages\/8905\/revisions\/29409"}],"up":[{"embeddable":true,"href":"https:\/\/www.ovpm.org\/es\/wp-json\/wp\/v2\/pages\/29393"}],"wp:attachment":[{"href":"https:\/\/www.ovpm.org\/es\/wp-json\/wp\/v2\/media?parent=8905"}],"curies":[{"name":"wp","href":"https:\/\/api.w.org\/{rel}","templated":true}]}}