{"id":8881,"date":"2018-09-19T21:19:01","date_gmt":"2018-09-19T21:19:01","guid":{"rendered":"https:\/\/www.ovpm.org\/?page_id=8881"},"modified":"2023-05-01T20:42:32","modified_gmt":"2023-05-01T20:42:32","slug":"fundacion-y-fundador","status":"publish","type":"page","link":"https:\/\/www.ovpm.org\/es\/fundacion-y-fundador\/","title":{"rendered":"Fundaci\u00f3n y fundador"},"content":{"rendered":"<h2>Fundaci\u00f3n de la Organizaci\u00f3n de las Ciudades del Patrimonio \u2013 una perspectiva hist\u00f3rica<\/h2>\n<h3>1972: Adopci\u00f3n por la UNESCO de la Convenci\u00f3n sobre el Patrimonio Mundial<\/h3>\n<p>El 16 de noviembre de 1972, la Conferencia General de la Organizaci\u00f3n de las Naciones Unidas para la Educaci\u00f3n, la Ciencia y la Cultura (UNESCO) adopt\u00f3 la Convenci\u00f3n sobre la Protecci\u00f3n del Patrimonio Mundial Cultural y Natural (llamada en lo sucesivo \u00abConvenci\u00f3n sobre el Patrimonio Mundial\u00bb). En virtud de las disposiciones de dicha convenci\u00f3n, el Comit\u00e9 Intergubernamental del Patrimonio Mundial de la UNESCO inscribe cada a\u00f1o en la Lista del Patrimonio Mundial sitios naturales o culturales cuya candidatura ha de ser presentada por un Estado miembro signatario de dicha convenci\u00f3n.<\/p>\n<h3>1991: Primer Coloquio Internacional de las Ciudades del Patrimonio Mundial en la Ciudad de Quebec (Canad\u00e1) y Declaraci\u00f3n de Quebec<\/h3>\n<p>Con la colaboraci\u00f3n de los gobiernos de Quebec y de Canad\u00e1, as\u00ed como bajo los auspicios de la UNESCO, el Ayuntamiento de la Ciudad de Quebec celebr\u00f3, del 30 de junio al 4 de julio de 1991, el Primer Coloquio Internacional de las Ciudades del Patrimonio Mundial. Al finalizar dicho encuentro, los delegados de las 41 ciudades representadas en el mismo adoptaron la Declaraci\u00f3n de Quebec, en la cual se afirma el deseo de constituir una red de las Ciudades del Patrimonio Mundial. Esta declaraci\u00f3n marca la moci\u00f3n original de la Organizaci\u00f3n de las Ciudades del Patrimonio Mundial o por lo menos, su primer impulso. Se design\u00f3 entonces un Comit\u00e9 Director Provisional responsable de velar por el seguimiento del coloquio e indicar la voluntad real de crear una organizaci\u00f3n para las ciudades del Patrimonio Mundial.<\/p>\n<h3>1993: Fundaci\u00f3n de la Organizaci\u00f3n de las Ciudades del Patrimonio Mundial en Fez (Marruecos)<\/h3>\n<p>Tras las deliberaciones del Segundo Coloquio Internacional de las Ciudades del Patrimonio Mundial, los delegados de las 56 ciudades representadas se reunieron en Asamblea General Constitutiva, el d\u00eda 8 de septiembre de 1993, y decidieron fundar la Organizaci\u00f3n de las Ciudades del Patrimonio Mundial (OCPM). En los Estatutos que se adoptaron en aquella ocasi\u00f3n, se precisaron la misi\u00f3n, los objetivos y las autoridades de esta organizaci\u00f3n no gubernamental internacional sin fines lucrativos. La Asamblea General Constitutiva apoy\u00f3 la propuesta del Alcalde de la Ciudad de Quebec y Presidente del Comit\u00e9 Director Provisional, Jean-Paul L\u2019Allier, de que se estableciera la sede de la Organizaci\u00f3n en la Ciudad de Quebec. Los ocho primeros alcaldes miembros del Consejo de Administraci\u00f3n y el Secretario General se eligieron por la Asamblea General. La Secretaria General de la OCPM a\u00fan se encuentra en la ciudad de Quebec, en Canad\u00e1.<\/p>\n<hr \/>\n<h2>Jean-Paul L&#8217;Allier<br \/>\nFundador de la Organizacion de las Ciudades des Patrimonio Mundial<\/h2>\n<p><a href=\"https:\/\/www.ovpm.org\/wp-content\/uploads\/2018\/10\/photogroupeavecjplrognee1.png\"><img loading=\"lazy\" decoding=\"async\" class=\" wp-image-15700 alignnone\" src=\"https:\/\/www.ovpm.org\/wp-content\/uploads\/2018\/10\/photogroupeavecjplrognee1.png\" alt=\"\" width=\"261\" height=\"360\" srcset=\"https:\/\/www.ovpm.org\/wp-content\/uploads\/2018\/10\/photogroupeavecjplrognee1.png 388w, https:\/\/www.ovpm.org\/wp-content\/uploads\/2018\/10\/photogroupeavecjplrognee1-218x300.png 218w\" sizes=\"(max-width: 261px) 100vw, 261px\" \/><\/a><\/p>\n<p>El Se\u00f1or Jean-Paul L&#8217;Allier gradu\u00f3 en Derecho y Ciencias Pol\u00edticas por la Universidad de Montreal (Licenciatura en 1959) y la Universidad de Ottawa (LLL, 1962, DESD, 1963).<\/p>\n<p>Abogado en la pr\u00e1ctica privada en Ottawa y Hull, fue tambi\u00e9n profesor en la Facultad de Derecho de la Universidad de Ottawa, antes de ser jefe de investigaci\u00f3n en el Centro Africano de Formaci\u00f3n e Investigaci\u00f3n Administrativas para el Desarrollo, en Marruecos, de 1964 a 1966.<\/p>\n<p>Primer Director de Cooperaci\u00f3n en el Ministerio de Asuntos Culturales de Quebec de 1966 a 1968, y coordinador de las visitas de Jefes de Estado por el Gobierno de Quebec en 1967, con motivo de la Exposici\u00f3n Universal de Montreal, fue nombrado primer Secretario General de la Oficina Franco-Quebequense para la Juventud en 1968. Hasta 1970, dirigi\u00f3 su creaci\u00f3n antes de ser el ministro responsable de la misma y presidente de su consejo de administraci\u00f3n hasta 1976.<\/p>\n<h3>Una pol\u00edtica al servicio de la cultura y del patrimonio<\/h3>\n<p>Diputado en la Asamblea Nacional de Quebec por el condado de Deux-Montagnes, fue ministro del gobierno de Robert Bourassa de 1970 a 1976: Ministro responsable de Juventud, Recreaci\u00f3n y Deportes en 1970, Ministro de Administraciones P\u00fablicas de 1970 a 1972, Ministro de Comunicaciones, de 1970 a 1975, Ministro de Asuntos Culturales en 1975 y 1976. Miembro del Consejo del Tesoro y del Comit\u00e9 de Legislaci\u00f3n durante todo aquel periodo, fue Presidente del Comit\u00e9 Interministerial sobre la Calidad de Vida hasta la elecci\u00f3n de 1976.<\/p>\n<p>Ocup\u00f3 los puestos de Presidente del Consejo de Administraci\u00f3n del Gran Teatro de la Ciudad de Quebec y Presidente de la Fundaci\u00f3n del Teatro del Nuevo Mundo, en Montreal, a finales de los a\u00f1os 1970. Fue nombrado Delegado General de Quebec en Bruselas de 1981 a 1984, siendo luego C\u00f3nsul Honorario de B\u00e9lgica en la Ciudad de Quebec, de 1985 a 1988.<\/p>\n<h3>Quebec \u2013 joya del Patrimonio Mundial<\/h3>\n<p>Elegido Alcalde de la Ciudad de Quebec el 5 de noviembre de 1989, ostent\u00f3 dicho cargo hasta el mes de diciembre de 2005. Entre los diversos cargos ocupados por \u00e9l durante su mandato, figuran los de Presidente de la Comunidad Metropolitana de Quebec y miembro del Consejo de Administraci\u00f3n de la Uni\u00f3n de Municipios de Quebec; Vicepresidente de la Asociaci\u00f3n Internacional de Alcaldes y Responsables de Capitales y Metr\u00f3polis Parcial o Totalmente Franc\u00f3fonas (AIMF), as\u00ed como Presidente de la Asociaci\u00f3n Internacional de Alcaldes de las regiones de los Grandes Lagos y del R\u00edo San Lorenzo.<\/p>\n<h3>Fundaci\u00f3n de la Organizaci\u00f3n de las Ciudades del Patrimonio Mundial<\/h3>\n<p>Fund\u00f3 en 1991 la Organizaci\u00f3n de las Ciudades del Patrimonio Mundial (OCPM), que presidi\u00f3 hasta 1999. Nacida de un deseo de alcance internacional, la OCPM agrupa actualmente a m\u00e1s de 300 ciudades diseminadas por todo el mundo.<\/p>\n<h3>Retorno hacia el derecho y la ense\u00f1anza<\/h3>\n<p>Orgullo de una carrera pol\u00edtica bien ocupada, el Se\u00f1or L&#8217;Allier vuelve a ejercer el derecho como abogado y asesor estrat\u00e9gico en desarrollo de los negocios en la firma Langlois Kronstr\u00f6m Desjardins, uno de los principales bufetes de abogados de Quebec.<\/p>\n<p>Asimismo, fue profesor invitado en la Universidad Laval (Ciudad de Quebec), donde particip\u00f3 en las actividades de ense\u00f1anza e investigaci\u00f3n de la Escuela Superior de Ordenaci\u00f3n del Territorio y Desarrollo Regional, de los departamentos de Ciencias Pol\u00edticas y Geograf\u00eda, as\u00ed como de la informaci\u00f3n y la comunicaci\u00f3n.<\/p>\n<p>El Se\u00f1or L\u2019Allier falleci\u00f3 en la Ciudad de Quebec el 5 de enero de 2016, a la edad de 77 a\u00f1os.<\/p>\n<h3>Reconocimientos<\/h3>\n<ul>\n<li>Nombrado <strong>Oficial de la Legi\u00f3n de Honor<\/strong> por el Presidente de la Rep\u00fablica Francesa, el 12 de mayo de 1992.<\/li>\n<li>Galardonado con el <strong>Premio Frederick Todd<\/strong> entregado por la Asociaci\u00f3n de Arquitectos Paisajistas de Quebec, en 1997.<\/li>\n<li>Primer galardonado con el <strong>Premio G\u00e9rald-Dame<\/strong> otorgado por la Agrupaci\u00f3n de Centros de Ciudades y Arterias Comerciales, en 2001.<\/li>\n<li>La Universidad Montesquieu Bordeaux IV le confiri\u00f3 el grado de <strong>Doctor honoris causa<\/strong> en Derecho, el 3 de octubre de 2002.<\/li>\n<li>Recibi\u00f3 el grado de <strong>Comendador da la Orden de la Pl\u00e9yade<\/strong>, hermandad de la Francofon\u00eda y del Di\u00e1logo de Culturas, el 11 de marzo de 2003.<\/li>\n<li>El Colegio de Urbanistas de Quebec le entreg\u00f3 el <strong>Premio Blanche Lemco Van Ginkel<\/strong> para se\u00f1alar su aporte significativo al \u00e1rea del urbanismo en Quebec, el 6\u00a0de noviembre de 2003.<\/li>\n<li>Recibi\u00f3 el grado de <strong>Oficial de la Orden Nacional de Quebec<\/strong> el 23 de junio de 2004.<\/li>\n<li>El Colegio de Arquitectos de Quebec le entreg\u00f3 el <strong>Premio Thomas-Baillairg\u00e9<\/strong> a fin de recalcar su excepcional contribuci\u00f3n a la promoci\u00f3n y conservaci\u00f3n de la calidad del marco de vida en Quebec, el 10 de junio de 2005.<\/li>\n<li>Honrado con el t\u00edtulo de <strong>Comendador de la Orden de Leopoldo<\/strong> por el papel determinante que desempe\u00f1\u00f3 en el desarrollo de las relaciones entre B\u00e9lgica y Quebec, el 26 de septiembre de 2005.<\/li>\n<li>Elevado, en Par\u00eds, al grado de <strong>Comendador de la Legi\u00f3n de Honor<\/strong> por el Presidente de la Rep\u00fablica Francesa para mostrar el reconocimiento de Francia por su acci\u00f3n al servicio de la amistad entre Quebec y Francia y para recalcar su contribuci\u00f3n de primer orden a la proyecci\u00f3n de la lengua francesa y al refuerzo de los intercambios pol\u00edticos, culturales y econ\u00f3micos entre la Ciudad de Quebec, Quebec y numerosos socios franceses, el 7 de octubre de 2005.<\/li>\n<li>La Universidad de Quebec le confiri\u00f3 el grado de <strong>Doctor honoris causa<\/strong> por el papel importante papel que desempe\u00f1\u00f3 en el establecimiento del Instituto Nacional de Investigaci\u00f3n Cient\u00edfica en la Ciudad de Quebec, el 16 de mayo de 2006.<\/li>\n<li>La Universidad de Ottawa le otorg\u00f3 la <strong>Orden del M\u00e9rito de la Secci\u00f3n de Derecho Civil<\/strong> el 6\u00a0de septiembre de 2006.<\/li>\n<li>En 2009, la OCPM cre\u00f3 el <strong>Premio Jean-Paul-L\u2019Allier para el Patrimonio<\/strong>, concedido cada dos a\u00f1os a una ciudad que se haya ilustrado en la gesti\u00f3n o conservaci\u00f3n de su patrimonio.<\/li>\n<li>La C\u00e1mara de Comercio de Quebec lo nombr\u00f3 <strong>Grand Qu\u00e9b\u00e9cois<\/strong> en el sector social para el a\u00f1o 2008.<\/li>\n<li>Centraide Qu\u00e9bec &#8211; Chaudi\u00e8re-Appalaches le otorg\u00f3 el <strong>Gran Premio de Solidaridad<\/strong> para el Sector Cultural durante el Gran Almuerzo de Solidaridad el 6 de abril de 2008.<\/li>\n<li>La Ordre des urbanistes du Qu\u00e9bec ha creado el <strong>Premio Jean-Paul L&#8217;Allier<\/strong>, que se presenta cada a\u00f1o a un miembro elegido que se haya distinguido por su visi\u00f3n, su liderazgo y sus logros en planificaci\u00f3n y desarrollo urbanos.<\/li>\n<\/ul>\n","protected":false},"excerpt":{"rendered":"<p>Fundaci\u00f3n de la Organizaci\u00f3n de las Ciudades del Patrimonio \u2013 una perspectiva hist\u00f3rica 1972: Adopci\u00f3n por la UNESCO de la Convenci\u00f3n sobre el Patrimonio Mundial El 16 de noviembre de 1972, la Conferencia General de la Organizaci\u00f3n de las Naciones Unidas para la Educaci\u00f3n, la Ciencia y la Cultura (UNESCO) adopt\u00f3 la Convenci\u00f3n sobre la [&hellip;]<\/p>\n","protected":false},"author":1,"featured_media":0,"parent":0,"menu_order":331,"comment_status":"closed","ping_status":"closed","template":"","meta":{"_acf_changed":false,"footnotes":""},"acf":[],"_links":{"self":[{"href":"https:\/\/www.ovpm.org\/es\/wp-json\/wp\/v2\/pages\/8881"}],"collection":[{"href":"https:\/\/www.ovpm.org\/es\/wp-json\/wp\/v2\/pages"}],"about":[{"href":"https:\/\/www.ovpm.org\/es\/wp-json\/wp\/v2\/types\/page"}],"author":[{"embeddable":true,"href":"https:\/\/www.ovpm.org\/es\/wp-json\/wp\/v2\/users\/1"}],"replies":[{"embeddable":true,"href":"https:\/\/www.ovpm.org\/es\/wp-json\/wp\/v2\/comments?post=8881"}],"version-history":[{"count":1,"href":"https:\/\/www.ovpm.org\/es\/wp-json\/wp\/v2\/pages\/8881\/revisions"}],"predecessor-version":[{"id":29515,"href":"https:\/\/www.ovpm.org\/es\/wp-json\/wp\/v2\/pages\/8881\/revisions\/29515"}],"wp:attachment":[{"href":"https:\/\/www.ovpm.org\/es\/wp-json\/wp\/v2\/media?parent=8881"}],"curies":[{"name":"wp","href":"https:\/\/api.w.org\/{rel}","templated":true}]}}