{"id":385,"date":"2018-07-25T18:59:47","date_gmt":"2018-07-25T18:59:47","guid":{"rendered":"https:\/\/www.ovpm.org\/?page_id=385"},"modified":"2025-05-14T19:15:49","modified_gmt":"2025-05-14T19:15:49","slug":"plan-accion","status":"publish","type":"page","link":"https:\/\/www.ovpm.org\/es\/plan-accion\/","title":{"rendered":"Plan de acci\u00f3n"},"content":{"rendered":"<p>El Plan de Acci\u00f3n de la OCPM es adoptado cada dos a\u00f1os por la Asamblea General.<\/p>\n<p>El documento aqu\u00ed abajo presenta la estructura general de los distintos programas. Las actividades detalladas se presentar\u00e1n lo antes posible para que puedan ponerse en marcha antes de finales de 2024 o principios de 2025.<br \/>\n<a href=\"https:\/\/www.ovpm.org\/wp-content\/uploads\/2024\/11\/plan-de-accion-2025-2026esp-1.pdf\" class=\"button m-t-sm m-b-sm\">Plan de acci\u00f3n 2025-2026<\/a><\/p>\n<p>La Secretar\u00eda General est\u00e1 dando prioridad a la clarificaci\u00f3n de las condiciones de aplicaci\u00f3n de los dos programas, la <em>Hoja de Ruta de Quebec<\/em> y el <em>Camino de C\u00f3rdoba<\/em>, dedicados al desarrollo del <em>Nuevo Proyecto Urbano<\/em>. Los progresos realizados desde 2022 y los objetivos fijados en C\u00f3rdoba aclaran las perspectivas:<\/p>\n<p><img loading=\"lazy\" decoding=\"async\" class=\"alignnone wp-image-34970 \" src=\"https:\/\/www.ovpm.org\/wp-content\/uploads\/2025\/05\/es-e1747250133668-300x154.png\" alt=\"\" width=\"666\" height=\"342\" srcset=\"https:\/\/www.ovpm.org\/wp-content\/uploads\/2025\/05\/es-e1747250133668-300x154.png 300w, https:\/\/www.ovpm.org\/wp-content\/uploads\/2025\/05\/es-e1747250133668-1024x526.png 1024w, https:\/\/www.ovpm.org\/wp-content\/uploads\/2025\/05\/es-e1747250133668-768x395.png 768w, https:\/\/www.ovpm.org\/wp-content\/uploads\/2025\/05\/es-e1747250133668-1536x790.png 1536w, https:\/\/www.ovpm.org\/wp-content\/uploads\/2025\/05\/es-e1747250133668-1200x617.png 1200w, https:\/\/www.ovpm.org\/wp-content\/uploads\/2025\/05\/es-e1747250133668-1000x514.png 1000w, https:\/\/www.ovpm.org\/wp-content\/uploads\/2025\/05\/es-e1747250133668.png 1926w\" sizes=\"(max-width: 666px) 100vw, 666px\" \/><\/p>\n<p>El Plan de Acci\u00f3n 2025-2026 ofrece a todos los miembros de la OCPM la oportunidad de convertirse en \u00abciudades de aprendizaje\u00bb que desarrollar\u00e1n acciones conjuntas, coordinadas y movilizadoras, capaces de generar din\u00e1micas a gran escala para resolver retos ampliamente compartidos.<\/p>\n<p>\u00a1QU\u00c9 VIVA LA CIUDAD!<\/p>\n<p><iframe loading=\"lazy\" title=\"\u00ab Vive la ville \u00bb\" width=\"500\" height=\"281\" src=\"https:\/\/www.youtube.com\/embed\/1m8UMzp_QPo?feature=oembed\" frameborder=\"0\" allow=\"accelerometer; autoplay; clipboard-write; encrypted-media; gyroscope; picture-in-picture; web-share\" referrerpolicy=\"strict-origin-when-cross-origin\" allowfullscreen><\/iframe><\/p>\n","protected":false},"excerpt":{"rendered":"<p>El Plan de Acci\u00f3n de la OCPM es adoptado cada dos a\u00f1os por la Asamblea General. El documento aqu\u00ed abajo presenta la estructura general de los distintos programas. Las actividades detalladas se presentar\u00e1n lo antes posible para que puedan ponerse en marcha antes de finales de 2024 o principios de 2025. La Secretar\u00eda General est\u00e1 [&hellip;]<\/p>\n","protected":false},"author":1,"featured_media":0,"parent":0,"menu_order":357,"comment_status":"closed","ping_status":"closed","template":"page-programs.php","meta":{"_acf_changed":false,"footnotes":""},"acf":[],"_links":{"self":[{"href":"https:\/\/www.ovpm.org\/es\/wp-json\/wp\/v2\/pages\/385"}],"collection":[{"href":"https:\/\/www.ovpm.org\/es\/wp-json\/wp\/v2\/pages"}],"about":[{"href":"https:\/\/www.ovpm.org\/es\/wp-json\/wp\/v2\/types\/page"}],"author":[{"embeddable":true,"href":"https:\/\/www.ovpm.org\/es\/wp-json\/wp\/v2\/users\/1"}],"replies":[{"embeddable":true,"href":"https:\/\/www.ovpm.org\/es\/wp-json\/wp\/v2\/comments?post=385"}],"version-history":[{"count":11,"href":"https:\/\/www.ovpm.org\/es\/wp-json\/wp\/v2\/pages\/385\/revisions"}],"predecessor-version":[{"id":34973,"href":"https:\/\/www.ovpm.org\/es\/wp-json\/wp\/v2\/pages\/385\/revisions\/34973"}],"wp:attachment":[{"href":"https:\/\/www.ovpm.org\/es\/wp-json\/wp\/v2\/media?parent=385"}],"curies":[{"name":"wp","href":"https:\/\/api.w.org\/{rel}","templated":true}]}}