{"id":373,"date":"2018-07-25T18:52:18","date_gmt":"2018-07-25T18:52:18","guid":{"rendered":"https:\/\/www.ovpm.org\/?page_id=373"},"modified":"2021-11-29T22:25:45","modified_gmt":"2021-11-29T22:25:45","slug":"contactenos","status":"publish","type":"page","link":"https:\/\/www.ovpm.org\/es\/contactenos\/","title":{"rendered":"Cont\u00e1ctenos"},"content":{"rendered":"<h2>Contactar la OCPM<\/h2>\n<p>A la Organizaci\u00f3n de las Ciudades del Patrimonio Mundial (OCPM) le importa mantener una relaci\u00f3n de cercan\u00eda con sus miembros. Pero tambi\u00e9n, como parte de su misi\u00f3n, quiere prestar atenci\u00f3n a la comunidad internacional.<\/p>\n<hr \/>\n<h3>Contactar la Secretaria General<\/h3>\n<div class=\"col-12 grid\">\n<div class=\"col-6 p-r-xsm col--med-12 p--med-r-x\">\n<p class=\"text serif\"><strong>Espace 400e<\/strong><br \/>\n100, Quai Saint-Andr\u00e9, Bureau 140<br \/>\nQu\u00e9bec (Qu\u00e9bec) G1K 3Y2<br \/>\nCanada<\/p>\n<p class=\"text serif\">Tel: <a href=\"tel:+14186920000\">+1 418 692-0000<\/a><br \/>\n<a href=\"mailto:secretariat@ovpm.org\">secretariat@ovpm.org<\/a><\/p>\n<\/div>\n<\/div>\n<hr \/>\n<h3>Contactar las Secretarias Regionales<\/h3>\n<p>Para contactar una Secretaria Regional, favor de consultar la p\u00e1gina web de esta secretaria:<\/p>\n<\/div><div class=\"fake-table col-12 wrap-content p-t p-b\"><div class=\"fake-table-row grid col-12\"><div class=\"fake-table-cell col-6 col--med-12\"><p class=\"text med  fat\"><a class=\"c-text\" href=\"https:\/\/www.ovpm.org\/es\/secretaria\/america-latina\/\">Am\u00e9rica latina<\/a><\/p><\/div><div class=\"fake-table-cell ta-r col-6 col--med-12 ta--med-l p--med-l-x p--med-t-xsm\"><p class=\"text med  serif\">Morelia, M\u00e9xico<\/p><\/div><\/div><div class=\"fake-table-row grid col-12\"><div class=\"fake-table-cell col-6 col--med-12\"><p class=\"text med  fat\"><a class=\"c-text\" href=\"https:\/\/www.ovpm.org\/es\/secretaria\/asia-pacifico\/\">Asia-Pac\u00edfico<\/a><\/p><\/div><div class=\"fake-table-cell ta-r col-6 col--med-12 ta--med-l p--med-l-x p--med-t-xsm\"><p class=\"text med  serif\">Gyeongju, Rep\u00fablica de Corea<\/p><\/div><\/div><div class=\"fake-table-row grid col-12\"><div class=\"fake-table-cell col-6 col--med-12\"><p class=\"text med  fat\"><a class=\"c-text\" href=\"https:\/\/www.ovpm.org\/es\/secretaria\/europa-central-y-del-este\/\">Europa Central y del Este<\/a><\/p><\/div><div class=\"fake-table-cell ta-r col-6 col--med-12 ta--med-l p--med-l-x p--med-t-xsm\"><p class=\"text med  serif\">Varsovia, Polonia<\/p><\/div><\/div><div class=\"fake-table-row grid col-12\"><div class=\"fake-table-cell col-6 col--med-12\"><p class=\"text med  fat\"><a class=\"c-text\" href=\"https:\/\/www.ovpm.org\/es\/secretaria\/europa-del-noroeste-y-america-del-norte\/\">Europa del Noroeste y Am\u00e9rica del Norte<\/a><\/p><\/div><div class=\"fake-table-cell ta-r col-6 col--med-12 ta--med-l p--med-l-x p--med-t-xsm\"><p class=\"text med  serif\">Ratisbona, Alemania<\/p><\/div><\/div><div class=\"fake-table-row grid col-12\"><div class=\"fake-table-cell col-6 col--med-12\"><p class=\"text med  fat\"><a class=\"c-text\" href=\"https:\/\/www.ovpm.org\/es\/secretaria\/europa-del-sur-y-mediterraneo\/\">Europa del Sur y Mediterr\u00e1neo<\/a><\/p><\/div><div class=\"fake-table-cell ta-r col-6 col--med-12 ta--med-l p--med-l-x p--med-t-xsm\"><p class=\"text med  serif\">C\u00f3rdoba, Espa\u00f1a<\/p><\/div><\/div><\/div><div class=\"wysiwyg wrap-content\">\n<p>&nbsp;<\/p>\n<p>&nbsp;<\/p>\n<h2>Preguntas, comentarios y sugerencias<\/h2>\n<p>La OCPM y su p\u00e1gina web est\u00e1n en constante evoluci\u00f3n. En este sentido, nos preocupa que les guste esta plataforma y es importante que les podamos ofrecer la mejor ayuda posible. Los invitamos a ponerse en contacto con nosotros.<\/p>\n<p>&nbsp;<\/p>\n<script type=\"text\/javascript\">var gform;gform||(document.addEventListener(\"gform_main_scripts_loaded\",function(){gform.scriptsLoaded=!0}),window.addEventListener(\"DOMContentLoaded\",function(){gform.domLoaded=!0}),gform={domLoaded:!1,scriptsLoaded:!1,initializeOnLoaded:function(o){gform.domLoaded&&gform.scriptsLoaded?o():!gform.domLoaded&&gform.scriptsLoaded?window.addEventListener(\"DOMContentLoaded\",o):document.addEventListener(\"gform_main_scripts_loaded\",o)},hooks:{action:{},filter:{}},addAction:function(o,n,r,t){gform.addHook(\"action\",o,n,r,t)},addFilter:function(o,n,r,t){gform.addHook(\"filter\",o,n,r,t)},doAction:function(o){gform.doHook(\"action\",o,arguments)},applyFilters:function(o){return gform.doHook(\"filter\",o,arguments)},removeAction:function(o,n){gform.removeHook(\"action\",o,n)},removeFilter:function(o,n,r){gform.removeHook(\"filter\",o,n,r)},addHook:function(o,n,r,t,i){null==gform.hooks[o][n]&&(gform.hooks[o][n]=[]);var e=gform.hooks[o][n];null==i&&(i=n+\"_\"+e.length),gform.hooks[o][n].push({tag:i,callable:r,priority:t=null==t?10:t})},doHook:function(n,o,r){var t;if(r=Array.prototype.slice.call(r,1),null!=gform.hooks[n][o]&&((o=gform.hooks[n][o]).sort(function(o,n){return o.priority-n.priority}),o.forEach(function(o){\"function\"!=typeof(t=o.callable)&&(t=window[t]),\"action\"==n?t.apply(null,r):r[0]=t.apply(null,r)})),\"filter\"==n)return r[0]},removeHook:function(o,n,t,i){var r;null!=gform.hooks[o][n]&&(r=(r=gform.hooks[o][n]).filter(function(o,n,r){return!!(null!=i&&i!=o.tag||null!=t&&t!=o.priority)}),gform.hooks[o][n]=r)}});<\/script>\n                <div class='gf_browser_gecko gform_wrapper gform_legacy_markup_wrapper gform-theme--no-framework form_wrapper wrap-content_wrapper p-t_wrapper p-b-med_wrapper grid_wrapper' data-form-theme='legacy' data-form-index='0' id='gform_wrapper_12' ><form method='post' enctype='multipart\/form-data'  id='gform_12' class='form wrap-content p-t p-b-med grid' action='\/es\/wp-json\/wp\/v2\/pages\/373' data-formid='12' novalidate> \r\n <input type='hidden' class='gforms-pum' value='{\"closepopup\":false,\"closedelay\":0,\"openpopup\":false,\"openpopup_id\":0}' \/>\n                        <div class='gform-body gform_body'><ul id='gform_fields_12' class='gform_fields top_label form_sublabel_above description_above validation_below'><li id=\"field_12_5\" class=\"gfield gfield--type-text gf_left_half gfield_contains_required field_sublabel_above gfield--no-description field_description_above field_validation_below gfield_visibility_visible\"  data-js-reload=\"field_12_5\" ><label class='gfield_label gform-field-label' for='input_12_5'>Nombre<span class=\"gfield_required\"><span class=\"gfield_required gfield_required_asterisk\">*<\/span><\/span><\/label><div class='ginput_container ginput_container_text'><input name='input_5' id='input_12_5' type='text' value='' class='large'    placeholder='Ingresa tu nombre' aria-required=\"true\" aria-invalid=\"false\"   \/> <\/div><\/li><li id=\"field_12_6\" class=\"gfield gfield--type-text gf_right_half gfield_contains_required field_sublabel_above gfield--no-description field_description_above field_validation_below gfield_visibility_visible\"  data-js-reload=\"field_12_6\" ><label class='gfield_label gform-field-label' for='input_12_6'>Apellido<span class=\"gfield_required\"><span class=\"gfield_required gfield_required_asterisk\">*<\/span><\/span><\/label><div class='ginput_container ginput_container_text'><input name='input_6' id='input_12_6' type='text' value='' class='large'    placeholder='Ingresa tu apellido' aria-required=\"true\" aria-invalid=\"false\"   \/> <\/div><\/li><li id=\"field_12_2\" class=\"gfield gfield--type-email gfield_contains_required field_sublabel_above gfield--no-description field_description_above field_validation_below gfield_visibility_visible\"  data-js-reload=\"field_12_2\" ><label class='gfield_label gform-field-label' for='input_12_2'>Correo<span class=\"gfield_required\"><span class=\"gfield_required gfield_required_asterisk\">*<\/span><\/span><\/label><div class='ginput_container ginput_container_email'>\n                            <input name='input_2' id='input_12_2' type='email' value='' class='large'   placeholder='nombre@correo.com' aria-required=\"true\" aria-invalid=\"false\"  \/>\n                        <\/div><\/li><li id=\"field_12_3\" class=\"gfield gfield--type-text field_sublabel_above gfield--no-description field_description_above field_validation_below gfield_visibility_visible\"  data-js-reload=\"field_12_3\" ><label class='gfield_label gform-field-label' for='input_12_3'>Asunto<\/label><div class='ginput_container ginput_container_text'><input name='input_3' id='input_12_3' type='text' value='' class='large'    placeholder='(facultativo)'  aria-invalid=\"false\"   \/> <\/div><\/li><li id=\"field_12_4\" class=\"gfield gfield--type-textarea gfield_contains_required field_sublabel_above gfield--no-description field_description_above field_validation_below gfield_visibility_visible\"  data-js-reload=\"field_12_4\" ><label class='gfield_label gform-field-label' for='input_12_4'>Mesaje<span class=\"gfield_required\"><span class=\"gfield_required gfield_required_asterisk\">*<\/span><\/span><\/label><div class='ginput_container ginput_container_textarea'><textarea name='input_4' id='input_12_4' class='textarea medium'     aria-required=\"true\" aria-invalid=\"false\"   rows='10' cols='50'><\/textarea><\/div><\/li><li id=\"field_12_7\" class=\"gfield gfield--type-honeypot gform_validation_container field_sublabel_above gfield--has-description field_description_above field_validation_below gfield_visibility_visible\"  data-js-reload=\"field_12_7\" ><label class='gfield_label gform-field-label' for='input_12_7'>Phone<\/label><div class='gfield_description' id='gfield_description_12_7'>Este campo es un campo de validaci\u00f3n y debe quedar sin cambios.<\/div><div class='ginput_container'><input name='input_7' id='input_12_7' type='text' value='' autocomplete='new-password'\/><\/div><\/li><\/ul><\/div>\n        <div class='gform_footer top_label'> <input type='submit' id='gform_submit_button_12' class='gform_button button' value='Enviar'  onclick='if(window[\"gf_submitting_12\"]){return false;}  if( !jQuery(\"#gform_12\")[0].checkValidity || jQuery(\"#gform_12\")[0].checkValidity()){window[\"gf_submitting_12\"]=true;}  ' onkeypress='if( event.keyCode == 13 ){ if(window[\"gf_submitting_12\"]){return false;} if( !jQuery(\"#gform_12\")[0].checkValidity || jQuery(\"#gform_12\")[0].checkValidity()){window[\"gf_submitting_12\"]=true;}  jQuery(\"#gform_12\").trigger(\"submit\",[true]); }' \/> \n            <input type='hidden' class='gform_hidden' name='is_submit_12' value='1' \/>\n            <input type='hidden' class='gform_hidden' name='gform_submit' value='12' \/>\n            \n            <input type='hidden' class='gform_hidden' name='gform_unique_id' value='' \/>\n            <input type='hidden' class='gform_hidden' name='state_12' value='WyJbXSIsIjdmMWM1NWZlN2I1NTZjMzQ3YTFhMDQ3ZTE5ZTU5NTRmIl0=' \/>\n            <input type='hidden' class='gform_hidden' name='gform_target_page_number_12' id='gform_target_page_number_12' value='0' \/>\n            <input type='hidden' class='gform_hidden' name='gform_source_page_number_12' id='gform_source_page_number_12' value='1' \/>\n            <input type='hidden' name='gform_field_values' value='' \/>\n            \n        <\/div>\n                        <\/form>\n                        <\/div><script type=\"text\/javascript\">\n\/* <![CDATA[ *\/\n gform.initializeOnLoaded( function() {gformInitSpinner( 12, 'https:\/\/www.ovpm.org\/wp-content\/plugins\/gravityforms\/images\/spinner.svg', true );jQuery('#gform_ajax_frame_12').on('load',function(){var contents = jQuery(this).contents().find('*').html();var is_postback = contents.indexOf('GF_AJAX_POSTBACK') >= 0;if(!is_postback){return;}var form_content = jQuery(this).contents().find('#gform_wrapper_12');var is_confirmation = jQuery(this).contents().find('#gform_confirmation_wrapper_12').length > 0;var is_redirect = contents.indexOf('gformRedirect(){') >= 0;var is_form = form_content.length > 0 && ! is_redirect && ! is_confirmation;var mt = parseInt(jQuery('html').css('margin-top'), 10) + parseInt(jQuery('body').css('margin-top'), 10) + 100;if(is_form){jQuery('#gform_wrapper_12').html(form_content.html());if(form_content.hasClass('gform_validation_error')){jQuery('#gform_wrapper_12').addClass('gform_validation_error');} else {jQuery('#gform_wrapper_12').removeClass('gform_validation_error');}setTimeout( function() { \/* delay the scroll by 50 milliseconds to fix a bug in chrome *\/  }, 50 );if(window['gformInitDatepicker']) {gformInitDatepicker();}if(window['gformInitPriceFields']) {gformInitPriceFields();}var current_page = jQuery('#gform_source_page_number_12').val();gformInitSpinner( 12, 'https:\/\/www.ovpm.org\/wp-content\/plugins\/gravityforms\/images\/spinner.svg', true );jQuery(document).trigger('gform_page_loaded', [12, current_page]);window['gf_submitting_12'] = false;}else if(!is_redirect){var confirmation_content = jQuery(this).contents().find('.GF_AJAX_POSTBACK').html();if(!confirmation_content){confirmation_content = contents;}jQuery('#gform_wrapper_12').replaceWith(confirmation_content);jQuery(document).trigger('gform_confirmation_loaded', [12]);window['gf_submitting_12'] = false;wp.a11y.speak(jQuery('#gform_confirmation_message_12').text());}else{jQuery('#gform_12').append(contents);if(window['gformRedirect']) {gformRedirect();}}jQuery(document).trigger(\"gform_pre_post_render\", [{ formId: \"12\", currentPage: \"current_page\", abort: function() { this.preventDefault(); } }]);                if (event && event.defaultPrevented) {                return;         }        const gformWrapperDiv = document.getElementById( \"gform_wrapper_12\" );        if ( gformWrapperDiv ) {            const visibilitySpan = document.createElement( \"span\" );            visibilitySpan.id = \"gform_visibility_test_12\";            gformWrapperDiv.insertAdjacentElement( \"afterend\", visibilitySpan );        }        const visibilityTestDiv = document.getElementById( \"gform_visibility_test_12\" );        let postRenderFired = false;                function triggerPostRender() {            if ( postRenderFired ) {                return;            }            postRenderFired = true;            jQuery( document ).trigger( 'gform_post_render', [12, current_page] );            gform.utils.trigger( { event: 'gform\/postRender', native: false, data: { formId: 12, currentPage: current_page } } );            if ( visibilityTestDiv ) {                visibilityTestDiv.parentNode.removeChild( visibilityTestDiv );            }        }        function debounce( func, wait, immediate ) {            var timeout;            return function() {                var context = this, args = arguments;                var later = function() {                    timeout = null;                    if ( !immediate ) func.apply( context, args );                };                var callNow = immediate && !timeout;                clearTimeout( timeout );                timeout = setTimeout( later, wait );                if ( callNow ) func.apply( context, args );            };        }        const debouncedTriggerPostRender = debounce( function() {            triggerPostRender();        }, 200 );        if ( visibilityTestDiv && visibilityTestDiv.offsetParent === null ) {            const observer = new MutationObserver( ( mutations ) => {                mutations.forEach( ( mutation ) => {                    if ( mutation.type === 'attributes' && visibilityTestDiv.offsetParent !== null ) {                        debouncedTriggerPostRender();                        observer.disconnect();                    }                });            });            observer.observe( document.body, {                attributes: true,                childList: false,                subtree: true,                attributeFilter: [ 'style', 'class' ],            });        } else {            triggerPostRender();        }    } );} ); \n\/* ]]> *\/\n<\/script>\n\n","protected":false},"excerpt":{"rendered":"<p>Contactar la OCPM A la Organizaci\u00f3n de las Ciudades del Patrimonio Mundial (OCPM) le importa mantener una relaci\u00f3n de cercan\u00eda con sus miembros. Pero tambi\u00e9n, como parte de su misi\u00f3n, quiere prestar atenci\u00f3n a la comunidad internacional. Contactar la Secretaria General Espace 400e 100, Quai Saint-Andr\u00e9, Bureau 140 Qu\u00e9bec (Qu\u00e9bec) G1K 3Y2 Canada Tel: +1 [&hellip;]<\/p>\n","protected":false},"author":1,"featured_media":0,"parent":0,"menu_order":381,"comment_status":"closed","ping_status":"closed","template":"page-contact.php","meta":{"_acf_changed":false,"footnotes":""},"acf":[],"_links":{"self":[{"href":"https:\/\/www.ovpm.org\/es\/wp-json\/wp\/v2\/pages\/373"}],"collection":[{"href":"https:\/\/www.ovpm.org\/es\/wp-json\/wp\/v2\/pages"}],"about":[{"href":"https:\/\/www.ovpm.org\/es\/wp-json\/wp\/v2\/types\/page"}],"author":[{"embeddable":true,"href":"https:\/\/www.ovpm.org\/es\/wp-json\/wp\/v2\/users\/1"}],"replies":[{"embeddable":true,"href":"https:\/\/www.ovpm.org\/es\/wp-json\/wp\/v2\/comments?post=373"}],"version-history":[{"count":1,"href":"https:\/\/www.ovpm.org\/es\/wp-json\/wp\/v2\/pages\/373\/revisions"}],"predecessor-version":[{"id":26030,"href":"https:\/\/www.ovpm.org\/es\/wp-json\/wp\/v2\/pages\/373\/revisions\/26030"}],"wp:attachment":[{"href":"https:\/\/www.ovpm.org\/es\/wp-json\/wp\/v2\/media?parent=373"}],"curies":[{"name":"wp","href":"https:\/\/api.w.org\/{rel}","templated":true}]}}