{"id":36593,"date":"2026-02-16T20:03:56","date_gmt":"2026-02-16T20:03:56","guid":{"rendered":"https:\/\/www.ovpm.org\/?page_id=36593"},"modified":"2026-02-16T20:03:56","modified_gmt":"2026-02-16T20:03:56","slug":"2024-icherisheher-azerbaiyan","status":"publish","type":"page","link":"https:\/\/www.ovpm.org\/es\/2024-icherisheher-azerbaiyan\/","title":{"rendered":"2024 &#8211; Icherisheher (Azerbaiy\u00e1n)"},"content":{"rendered":"<p><strong>Ganador del Premio Jean-Paul-L&#8217;Allier de Patrimonio<\/strong><\/p>\n<p>En el 17\u00ba Congreso Mundial de la OCPM, celebrado en C\u00f3rdoba del 24 al 27 de septiembre de 2024, la Ciudad Amurallada de Bak\u00fa, conocida como Icherisheher, fue distinguida con el prestigioso Premio Jean-Paul-L&#8217;Allier de Patrimonio.<\/p>\n<p><img decoding=\"async\" src=\"https:\/\/www.ovpm.org\/wp-content\/uploads\/2018\/09\/18.png\" \/><\/p>\n<p>El proyecto ganador, destinado a mejorar la calidad de vida en la Ciudad Amurallada de Bak\u00fa, se distingui\u00f3 por la valorizaci\u00f3n del Parque de los Khans y la restauraci\u00f3n del Complejo del Palacio de los Khans. Adem\u00e1s de la construcci\u00f3n del mayor parque verde de la ciudad, se han restaurado edificios hist\u00f3ricos como el palacio del siglo XVIII y los balnearios subterr\u00e1neos para ofrecer espacios p\u00fablicos confortables y lugares de encuentro cultural.<\/p>\n<p>El proyecto combina modernidad y respeto por el patrimonio, realzando el car\u00e1cter \u00fanico del centro hist\u00f3rico y mejorando al mismo tiempo la calidad de vida de residentes y visitantes. La participaci\u00f3n activa de los residentes, las empresas locales y las autoridades p\u00fablicas en todas las fases de la iniciativa ha reforzado el sentimiento de pertenencia de los ciudadanos y su entusiasmo por el patrimonio cultural, haciendo de la Ciudad Amurallada un lugar m\u00e1s sostenible, m\u00e1s verde y m\u00e1s inclusivo para vivir.<\/p>\n<p>El Parque Khans, pieza clave de la revitalizaci\u00f3n de la ciudad, se ha convertido en un lugar emblem\u00e1tico donde residentes y visitantes pueden reunirse, participar en actividades culturales y sumergirse en la historia de Bak\u00fa. Las tecnolog\u00edas digitales, como los sistemas de realidad virtual instalados en el Museo del Palacio de los Khans, ofrecen una experiencia inmersiva en el fascinante pasado de la ciudad, enriqueciendo con ello su visita y aumentando su atractivo tur\u00edstico.<\/p>\n<p>Felicidades a la Ciudad Amurallada de Bak\u00fa por este notable \u00e9xito.<\/p>\n<a href=\"https:\/\/www.ovpm.org\/wp-content\/uploads\/2018\/09\/resumen-ejecutivo-traduccion-de-cortesia-7.pdf\" class=\"button m-t-sm m-b-sm\">M\u00e1s informaci\u00f3n sobre el proyecto Icherisheher<\/a>\n","protected":false},"excerpt":{"rendered":"<p>Ganador del Premio Jean-Paul-L&#8217;Allier de Patrimonio En el 17\u00ba Congreso Mundial de la OCPM, celebrado en C\u00f3rdoba del 24 al 27 de septiembre de 2024, la Ciudad Amurallada de Bak\u00fa, conocida como Icherisheher, fue distinguida con el prestigioso Premio Jean-Paul-L&#8217;Allier de Patrimonio. El proyecto ganador, destinado a mejorar la calidad de vida en la Ciudad [&hellip;]<\/p>\n","protected":false},"author":22,"featured_media":0,"parent":0,"menu_order":3,"comment_status":"closed","ping_status":"closed","template":"","meta":{"_acf_changed":false,"footnotes":""},"acf":[],"_links":{"self":[{"href":"https:\/\/www.ovpm.org\/es\/wp-json\/wp\/v2\/pages\/36593"}],"collection":[{"href":"https:\/\/www.ovpm.org\/es\/wp-json\/wp\/v2\/pages"}],"about":[{"href":"https:\/\/www.ovpm.org\/es\/wp-json\/wp\/v2\/types\/page"}],"author":[{"embeddable":true,"href":"https:\/\/www.ovpm.org\/es\/wp-json\/wp\/v2\/users\/22"}],"replies":[{"embeddable":true,"href":"https:\/\/www.ovpm.org\/es\/wp-json\/wp\/v2\/comments?post=36593"}],"version-history":[{"count":1,"href":"https:\/\/www.ovpm.org\/es\/wp-json\/wp\/v2\/pages\/36593\/revisions"}],"predecessor-version":[{"id":36594,"href":"https:\/\/www.ovpm.org\/es\/wp-json\/wp\/v2\/pages\/36593\/revisions\/36594"}],"wp:attachment":[{"href":"https:\/\/www.ovpm.org\/es\/wp-json\/wp\/v2\/media?parent=36593"}],"curies":[{"name":"wp","href":"https:\/\/api.w.org\/{rel}","templated":true}]}}