{"id":36587,"date":"2026-02-16T19:48:18","date_gmt":"2026-02-16T19:48:18","guid":{"rendered":"https:\/\/www.ovpm.org\/?page_id=36587"},"modified":"2026-02-16T19:48:18","modified_gmt":"2026-02-16T19:48:18","slug":"finalistas-2024","status":"publish","type":"page","link":"https:\/\/www.ovpm.org\/es\/finalistas-2024\/","title":{"rendered":"Finalistas 2024"},"content":{"rendered":"<h3>Candidaturas 2024<\/h3>\n<p><strong><img loading=\"lazy\" decoding=\"async\" class=\"alignleft wp-image-31929 size-thumbnail\" src=\"https:\/\/www.ovpm.org\/wp-content\/uploads\/2018\/09\/1-foto-aerea-conjunto-copy-150x150.jpg\" alt=\"\" width=\"150\" height=\"150\" srcset=\"https:\/\/www.ovpm.org\/wp-content\/uploads\/2018\/09\/1-foto-aerea-conjunto-copy-150x150.jpg 150w, https:\/\/www.ovpm.org\/wp-content\/uploads\/2018\/09\/1-foto-aerea-conjunto-copy-500x500.jpg 500w\" sizes=\"(max-width: 150px) 100vw, 150px\" \/>Angra do Heroismo<\/strong> &#8211; <em>\u00abRehabilitaci\u00f3n de la Iglesia de Nossa Senhora da Concei\u00e7\u00e3o &#8211; Concpecionistas\u00bb <\/em>(documento original disponible en la version inglesa del sitio web)<br \/>\n<a href=\"https:\/\/www.ovpm.org\/wp-content\/uploads\/2018\/09\/resumen-ejecutivo-traduccion-de-cortesia.pdf\" class=\"button m-t-sm m-b-sm\">Resumen ejecutivo del proyecto (traducci\u00f3n de cortes\u00eda)<\/a><\/p>\n<p>&nbsp;<\/p>\n<p>&nbsp;<\/p>\n<p><strong><img loading=\"lazy\" decoding=\"async\" class=\"alignleft wp-image-31932 size-thumbnail\" src=\"https:\/\/www.ovpm.org\/wp-content\/uploads\/2018\/09\/image-site-150x150.png\" alt=\"\" width=\"150\" height=\"150\" srcset=\"https:\/\/www.ovpm.org\/wp-content\/uploads\/2018\/09\/image-site-150x150.png 150w, https:\/\/www.ovpm.org\/wp-content\/uploads\/2018\/09\/image-site-500x500.png 500w\" sizes=\"(max-width: 150px) 100vw, 150px\" \/>Colonia del Sacramento<\/strong> &#8211; <em>Refuncionalizaci\u00f3n de la Plaza de Toros del Real de San Carlos<br \/>\n<\/em><a href=\"https:\/\/www.ovpm.org\/wp-content\/uploads\/2018\/09\/resumen-ejecutivo.pdf\" class=\"button m-t-sm m-b-sm\">Resumen ejecutivo del proyecto<\/a><\/p>\n<p>&nbsp;<\/p>\n<p><em>\u00a0<\/em><\/p>\n<p><strong><img loading=\"lazy\" decoding=\"async\" class=\"alignleft wp-image-31935 size-thumbnail\" src=\"https:\/\/www.ovpm.org\/wp-content\/uploads\/2018\/09\/1-150x150.jpg\" alt=\"\" width=\"150\" height=\"150\" srcset=\"https:\/\/www.ovpm.org\/wp-content\/uploads\/2018\/09\/1-150x150.jpg 150w, https:\/\/www.ovpm.org\/wp-content\/uploads\/2018\/09\/1-500x500.jpg 500w\" sizes=\"(max-width: 150px) 100vw, 150px\" \/>Icherisheher<\/strong> &#8211; <em>\u00abAumento de la habitabilidad en la ciudad amurallada de Bak\u00fa (Icherisheher): El parque de los jans de Bak\u00fa y el complejo palaciego de los jans de Bak\u00fa\u00bb<\/em> (documento original disponible en la version inglesa del sitio web)<br \/>\n<a href=\"https:\/\/www.ovpm.org\/wp-content\/uploads\/2018\/09\/resumen-ejecutivo-traduccion-de-cortesia-1.pdf\" class=\"button m-t-sm m-b-sm\">Resumen ejecutivo del proyecto (traducci\u00f3n de cortes\u00eda)<\/a><\/p>\n<p>&nbsp;<\/p>\n<p><strong><img loading=\"lazy\" decoding=\"async\" class=\"alignleft wp-image-31938 size-thumbnail\" src=\"https:\/\/www.ovpm.org\/wp-content\/uploads\/2018\/09\/image-site-1-150x150.png\" alt=\"\" width=\"150\" height=\"150\" srcset=\"https:\/\/www.ovpm.org\/wp-content\/uploads\/2018\/09\/image-site-1-150x150.png 150w, https:\/\/www.ovpm.org\/wp-content\/uploads\/2018\/09\/image-site-1-500x500.png 500w\" sizes=\"(max-width: 150px) 100vw, 150px\" \/>Jongno-gu<\/strong> &#8211; <em>\u00abLa Puerta del Palacio\u00bb se abre en Jongno<\/em> (documento original disponible en la version inglesa del sitio web)<br \/>\n<a href=\"https:\/\/www.ovpm.org\/wp-content\/uploads\/2018\/09\/resumen-ejecutivo-traduccion-de-cortesia-2.pdf\" class=\"button m-t-sm m-b-sm\">Resumen ejecutivo del proyecto (traducci\u00f3n de cortes\u00eda)<\/a><\/p>\n<p>&nbsp;<\/p>\n<p>&nbsp;<\/p>\n<p><strong><img loading=\"lazy\" decoding=\"async\" class=\"alignleft wp-image-31941 size-thumbnail\" src=\"https:\/\/www.ovpm.org\/wp-content\/uploads\/2018\/09\/photo-1-general-view-of-slavic-reading-room-150x150.jpg\" alt=\"\" width=\"150\" height=\"150\" srcset=\"https:\/\/www.ovpm.org\/wp-content\/uploads\/2018\/09\/photo-1-general-view-of-slavic-reading-room-150x150.jpg 150w, https:\/\/www.ovpm.org\/wp-content\/uploads\/2018\/09\/photo-1-general-view-of-slavic-reading-room-500x500.jpg 500w\" sizes=\"(max-width: 150px) 100vw, 150px\" \/>Kotor<\/strong> &#8211; <em>\u00abReconstrucci\u00f3n del bien cultural inmueble SALA DE LECTURA ESLAVICA\u00bb<\/em>\u00a0(documento original disponible en la version inglesa del sitio web)<br \/>\n<a href=\"https:\/\/www.ovpm.org\/wp-content\/uploads\/2018\/09\/resumen-ejecutivo-traduccion-de-cortesia-3.pdf\" class=\"button m-t-sm m-b-sm\">Resumen ejecutivo del proyecto (traducci\u00f3n de cortes\u00eda)<\/a><\/p>\n<p>&nbsp;<\/p>\n<p>&nbsp;<\/p>\n<p><strong><img loading=\"lazy\" decoding=\"async\" class=\"alignleft wp-image-31944 size-thumbnail\" src=\"https:\/\/www.ovpm.org\/wp-content\/uploads\/2018\/09\/image-site-2-150x150.png\" alt=\"\" width=\"150\" height=\"150\" srcset=\"https:\/\/www.ovpm.org\/wp-content\/uploads\/2018\/09\/image-site-2-150x150.png 150w, https:\/\/www.ovpm.org\/wp-content\/uploads\/2018\/09\/image-site-2-500x500.png 500w\" sizes=\"(max-width: 150px) 100vw, 150px\" \/>Cracovia<\/strong> &#8211; <em>El liderazgo de Polonia en la implantaci\u00f3n de parques culturales<\/em> (documento original disponible en la version inglesa del sitio web)<br \/>\n<a href=\"https:\/\/www.ovpm.org\/wp-content\/uploads\/2018\/09\/resumen-ejecutivo-traduccion-de-cortesia-4.pdf\" class=\"button m-t-sm m-b-sm\">Resumen ejecutivo del proyecto (traducci\u00f3n de cortes\u00eda)<\/a><\/p>\n<p>&nbsp;<\/p>\n<p>&nbsp;<\/p>\n<p><strong><img loading=\"lazy\" decoding=\"async\" class=\"alignleft wp-image-31947 size-thumbnail\" src=\"https:\/\/www.ovpm.org\/wp-content\/uploads\/2018\/09\/image-site-3-150x150.png\" alt=\"\" width=\"150\" height=\"150\" srcset=\"https:\/\/www.ovpm.org\/wp-content\/uploads\/2018\/09\/image-site-3-150x150.png 150w, https:\/\/www.ovpm.org\/wp-content\/uploads\/2018\/09\/image-site-3-500x500.png 500w\" sizes=\"(max-width: 150px) 100vw, 150px\" \/>M\u00e9xico<\/strong> &#8211; <em>Rehabilitaci\u00f3n del inmueble ubicado en antiguo callej\u00f3n de Puentecito Rep\u00fablica de Ecuador 10<br \/>\n<\/em><a href=\"https:\/\/www.ovpm.org\/wp-content\/uploads\/2018\/09\/resumen-ejecutivo-1.pdf\" class=\"button m-t-sm m-b-sm\">Resumen ejecutivo del proyecto<\/a><\/p>\n<p>&nbsp;<\/p>\n<p><em>\u00a0<\/em><\/p>\n<p><strong><img loading=\"lazy\" decoding=\"async\" class=\"alignleft wp-image-31950 size-thumbnail\" src=\"https:\/\/www.ovpm.org\/wp-content\/uploads\/2018\/09\/image-site-4-150x150.png\" alt=\"\" width=\"150\" height=\"150\" srcset=\"https:\/\/www.ovpm.org\/wp-content\/uploads\/2018\/09\/image-site-4-150x150.png 150w, https:\/\/www.ovpm.org\/wp-content\/uploads\/2018\/09\/image-site-4-500x500.png 500w\" sizes=\"(max-width: 150px) 100vw, 150px\" \/>Morelia<\/strong> &#8211; <em>El Consejo Consultivo de Sitios Culturales de Morelia<br \/>\n<\/em><a href=\"https:\/\/www.ovpm.org\/wp-content\/uploads\/2018\/09\/resumen-ejecutivo-2.pdf\" class=\"button m-t-sm m-b-sm\">Resumen ejecutivo del proyecto<\/a><\/p>\n<p>&nbsp;<\/p>\n<p><em>\u00a0<\/em><\/p>\n<p><strong><img loading=\"lazy\" decoding=\"async\" class=\"alignleft wp-image-31953 size-thumbnail\" src=\"https:\/\/www.ovpm.org\/wp-content\/uploads\/2018\/09\/01sketch-16-septiembre-150x150.jpg\" alt=\"\" width=\"150\" height=\"150\" srcset=\"https:\/\/www.ovpm.org\/wp-content\/uploads\/2018\/09\/01sketch-16-septiembre-150x150.jpg 150w, https:\/\/www.ovpm.org\/wp-content\/uploads\/2018\/09\/01sketch-16-septiembre-500x500.jpg 500w\" sizes=\"(max-width: 150px) 100vw, 150px\" \/>Puebla<\/strong> &#8211; <em>Intervenci\u00f3n Integral del \u201cCorredor de la Calle 16 de Septiembre<\/em>\u00bb<br \/>\n<a href=\"https:\/\/www.ovpm.org\/wp-content\/uploads\/2018\/09\/resumen-ejecutivo-3.pdf\" class=\"button m-t-sm m-b-sm\">Resumen ejecutivo del proyecto<\/a><\/p>\n<p>&nbsp;<\/p>\n<p>&nbsp;<\/p>\n<p><strong><img loading=\"lazy\" decoding=\"async\" class=\"alignleft wp-image-31956 size-thumbnail\" src=\"https:\/\/www.ovpm.org\/wp-content\/uploads\/2018\/09\/2023-stantec-phdv0018-pano-150x150.jpg\" alt=\"\" width=\"150\" height=\"150\" srcset=\"https:\/\/www.ovpm.org\/wp-content\/uploads\/2018\/09\/2023-stantec-phdv0018-pano-150x150.jpg 150w, https:\/\/www.ovpm.org\/wp-content\/uploads\/2018\/09\/2023-stantec-phdv0018-pano-500x500.jpg 500w\" sizes=\"(max-width: 150px) 100vw, 150px\" \/>Quebec<\/strong> &#8211; <em>La place del H\u00f4tel-de-Ville<\/em> (documento original disponible en la version en franc\u00e9s del sitio web)<br \/>\n<a href=\"https:\/\/www.ovpm.org\/wp-content\/uploads\/2018\/09\/resumen-ejecutivo-traduccion-de-cortesia-5.pdf\" class=\"button m-t-sm m-b-sm\">Resumen ejecutivo del proyecto (traducci\u00f3n de cortes\u00eda)<\/a><\/p>\n<p>&nbsp;<\/p>\n<p>&nbsp;<\/p>\n<p><strong><img loading=\"lazy\" decoding=\"async\" class=\"alignleft wp-image-31959 size-thumbnail\" src=\"https:\/\/www.ovpm.org\/wp-content\/uploads\/2018\/09\/1-1-150x150.jpg\" alt=\"\" width=\"150\" height=\"150\" srcset=\"https:\/\/www.ovpm.org\/wp-content\/uploads\/2018\/09\/1-1-150x150.jpg 150w, https:\/\/www.ovpm.org\/wp-content\/uploads\/2018\/09\/1-1-500x500.jpg 500w\" sizes=\"(max-width: 150px) 100vw, 150px\" \/>Queretaro<\/strong> &#8211; <em>\u00abConservaci\u00f3n y Restauraci\u00f3n de Pintura Mural Interior del Templo de San Jos\u00e9 de Gracia (ZMHQ)\u00bb<br \/>\n<\/em><a href=\"https:\/\/www.ovpm.org\/wp-content\/uploads\/2018\/09\/resumen-ejecutivo-4.pdf\" class=\"button m-t-sm m-b-sm\">Resumen ejecutivo del proyecto<\/a><\/p>\n<p>&nbsp;<\/p>\n<p><em>\u00a0<\/em><\/p>\n<p><strong><img loading=\"lazy\" decoding=\"async\" class=\"alignleft wp-image-31962 size-thumbnail\" src=\"https:\/\/www.ovpm.org\/wp-content\/uploads\/2018\/09\/image-site-5-150x150.png\" alt=\"\" width=\"150\" height=\"150\" srcset=\"https:\/\/www.ovpm.org\/wp-content\/uploads\/2018\/09\/image-site-5-150x150.png 150w, https:\/\/www.ovpm.org\/wp-content\/uploads\/2018\/09\/image-site-5-500x500.png 500w\" sizes=\"(max-width: 150px) 100vw, 150px\" \/>Visby<\/strong> &#8211; <em>\u00abEl viaje hacia una ciudad hanse\u00e1tica sostenible &#8211; Desarrollo de lugares mediante la gesti\u00f3n de visitantes\u00bb<\/em>\u00a0 (documento original disponible en la version inglesa del sitio web)<br \/>\n<a href=\"https:\/\/www.ovpm.org\/wp-content\/uploads\/2018\/09\/resumen-ejecutivo-traduccion-de-cortesia-6.pdf\" class=\"button m-t-sm m-b-sm\">Resumen ejecutivo del proyecto (traducci\u00f3n de cortes\u00eda)<\/a><\/p>\n<p>&nbsp;<\/p>\n","protected":false},"excerpt":{"rendered":"<p>Candidaturas 2024 Angra do Heroismo &#8211; \u00abRehabilitaci\u00f3n de la Iglesia de Nossa Senhora da Concei\u00e7\u00e3o &#8211; Concpecionistas\u00bb (documento original disponible en la version inglesa del sitio web) &nbsp; &nbsp; Colonia del Sacramento &#8211; Refuncionalizaci\u00f3n de la Plaza de Toros del Real de San Carlos &nbsp; \u00a0 Icherisheher &#8211; \u00abAumento de la habitabilidad en la ciudad [&hellip;]<\/p>\n","protected":false},"author":22,"featured_media":0,"parent":0,"menu_order":6,"comment_status":"closed","ping_status":"closed","template":"","meta":{"_acf_changed":false,"footnotes":""},"acf":[],"_links":{"self":[{"href":"https:\/\/www.ovpm.org\/es\/wp-json\/wp\/v2\/pages\/36587"}],"collection":[{"href":"https:\/\/www.ovpm.org\/es\/wp-json\/wp\/v2\/pages"}],"about":[{"href":"https:\/\/www.ovpm.org\/es\/wp-json\/wp\/v2\/types\/page"}],"author":[{"embeddable":true,"href":"https:\/\/www.ovpm.org\/es\/wp-json\/wp\/v2\/users\/22"}],"replies":[{"embeddable":true,"href":"https:\/\/www.ovpm.org\/es\/wp-json\/wp\/v2\/comments?post=36587"}],"version-history":[{"count":1,"href":"https:\/\/www.ovpm.org\/es\/wp-json\/wp\/v2\/pages\/36587\/revisions"}],"predecessor-version":[{"id":36588,"href":"https:\/\/www.ovpm.org\/es\/wp-json\/wp\/v2\/pages\/36587\/revisions\/36588"}],"wp:attachment":[{"href":"https:\/\/www.ovpm.org\/es\/wp-json\/wp\/v2\/media?parent=36587"}],"curies":[{"name":"wp","href":"https:\/\/api.w.org\/{rel}","templated":true}]}}