{"id":360,"date":"2018-09-24T14:59:52","date_gmt":"2018-09-24T14:59:52","guid":{"rendered":"https:\/\/www.ovpm.org\/?page_id=360"},"modified":"2026-02-27T15:43:48","modified_gmt":"2026-02-27T15:43:48","slug":"congresos-mundiales","status":"publish","type":"page","link":"https:\/\/www.ovpm.org\/es\/congresos-mundiales\/","title":{"rendered":"Congresos Mundiales"},"content":{"rendered":"<p>Los Congresos Mundiales de la OCPM se celebran cada dos a\u00f1os. Desde la fundaci\u00f3n de la Organizaci\u00f3n, han marcado su evoluci\u00f3n y ofrecido a sus miembros la oportunidad de reunirse.<\/p>\n<p>Encontrar\u00e1n aqu\u00ed varias informaciones pertinentes en relaci\u00f3n con la preparaci\u00f3n del pr\u00f3ximo Congreso Mundial, como las inscripciones, distintos formularios esenciales, el tema, la exposici\u00f3n de carteles, y m\u00e1s todav\u00eda. Con la presente p\u00e1gina, ponemos adem\u00e1s al alcance de nuestros miembros las actas de coloquios publicadas desde 1991, en un enfoque de conservaci\u00f3n de la memoria de la OCPM, acompa\u00f1ado de la transmisi\u00f3n de estos conocimientos a la comunidad internacional.<\/p>\n","protected":false},"excerpt":{"rendered":"<p>Los Congresos Mundiales de la OCPM se celebran cada dos a\u00f1os. Desde la fundaci\u00f3n de la Organizaci\u00f3n, han marcado su evoluci\u00f3n y ofrecido a sus miembros la oportunidad de reunirse. Encontrar\u00e1n aqu\u00ed varias informaciones pertinentes en relaci\u00f3n con la preparaci\u00f3n del pr\u00f3ximo Congreso Mundial, como las inscripciones, distintos formularios esenciales, el tema, la exposici\u00f3n de [&hellip;]<\/p>\n","protected":false},"author":1,"featured_media":0,"parent":0,"menu_order":378,"comment_status":"closed","ping_status":"closed","template":"page-congress.php","meta":{"_acf_changed":false,"footnotes":""},"acf":[],"_links":{"self":[{"href":"https:\/\/www.ovpm.org\/es\/wp-json\/wp\/v2\/pages\/360"}],"collection":[{"href":"https:\/\/www.ovpm.org\/es\/wp-json\/wp\/v2\/pages"}],"about":[{"href":"https:\/\/www.ovpm.org\/es\/wp-json\/wp\/v2\/types\/page"}],"author":[{"embeddable":true,"href":"https:\/\/www.ovpm.org\/es\/wp-json\/wp\/v2\/users\/1"}],"replies":[{"embeddable":true,"href":"https:\/\/www.ovpm.org\/es\/wp-json\/wp\/v2\/comments?post=360"}],"version-history":[{"count":4,"href":"https:\/\/www.ovpm.org\/es\/wp-json\/wp\/v2\/pages\/360\/revisions"}],"predecessor-version":[{"id":36762,"href":"https:\/\/www.ovpm.org\/es\/wp-json\/wp\/v2\/pages\/360\/revisions\/36762"}],"wp:attachment":[{"href":"https:\/\/www.ovpm.org\/es\/wp-json\/wp\/v2\/media?parent=360"}],"curies":[{"name":"wp","href":"https:\/\/api.w.org\/{rel}","templated":true}]}}