{"id":35801,"date":"2025-10-08T13:36:27","date_gmt":"2025-10-08T13:36:27","guid":{"rendered":"https:\/\/www.ovpm.org\/?page_id=35801"},"modified":"2025-10-08T13:48:58","modified_gmt":"2025-10-08T13:48:58","slug":"31o-dia-de-la-ocpm","status":"publish","type":"page","link":"https:\/\/www.ovpm.org\/es\/31o-dia-de-la-ocpm\/","title":{"rendered":"31\u00ba D\u00eda de la OCPM"},"content":{"rendered":"<h3><strong>Kotor<\/strong><\/h3>\n<p>Con motivo del 31\u00ba D\u00eda de las Ciudades de la OCPM, los Museos de Kotor organizaron una exposici\u00f3n de artesan\u00eda de encaje de Dobrota, titulada \u00abUn oficio antiguo para una nueva generaci\u00f3n\u00bb, frente a la Catedral de San Trif\u00f3n. Participantes de los talleres de encaje hicieron demostraciones p\u00fablicas en honor de esta artesan\u00eda tradicional. El acto celebr\u00f3 el patrimonio cultural inmaterial de la ciudad en un ambiente c\u00e1lido en el coraz\u00f3n de la plaza principal.<\/p>\n<p><img loading=\"lazy\" decoding=\"async\" class=\"alignnone wp-image-33739\" src=\"https:\/\/www.ovpm.org\/wp-content\/uploads\/2018\/09\/kotor-300x300.jpg\" alt=\"\" width=\"406\" height=\"406\" srcset=\"https:\/\/www.ovpm.org\/wp-content\/uploads\/2018\/09\/kotor-300x300.jpg 300w, https:\/\/www.ovpm.org\/wp-content\/uploads\/2018\/09\/kotor-1024x1024.jpg 1024w, https:\/\/www.ovpm.org\/wp-content\/uploads\/2018\/09\/kotor-150x150.jpg 150w, https:\/\/www.ovpm.org\/wp-content\/uploads\/2018\/09\/kotor-768x768.jpg 768w, https:\/\/www.ovpm.org\/wp-content\/uploads\/2018\/09\/kotor-500x500.jpg 500w, https:\/\/www.ovpm.org\/wp-content\/uploads\/2018\/09\/kotor-1200x1200.jpg 1200w, https:\/\/www.ovpm.org\/wp-content\/uploads\/2018\/09\/kotor.jpg 1350w\" sizes=\"(max-width: 406px) 100vw, 406px\" \/><\/p>\n<p>&nbsp;<\/p>\n<h3><strong>Quebec<\/strong><\/h3>\n<p>Para conmemorar el 31\u00ba D\u00eda de las Ciudades de la OCPM, la ciudad de Qu\u00e9bec organiz\u00f3 dos importantes actividades. Una exposici\u00f3n al aire libre titulada \u00abCuriosidades del Viejo Quebec\u00bb se celebr\u00f3 en la entrada de la terraza Dufferin durante todo el mes de septiembre. Adem\u00e1s, se organiz\u00f3 una proyecci\u00f3n art\u00edstica sobre los silos Bunge, iluminando el Puerto Viejo con im\u00e1genes que rend\u00edan homenaje al patrimonio hist\u00f3rico de Qu\u00e9bec.<\/p>\n<p><img loading=\"lazy\" decoding=\"async\" class=\"alignnone wp-image-33742\" src=\"https:\/\/www.ovpm.org\/wp-content\/uploads\/2018\/09\/quebec-300x200.jpg\" alt=\"\" width=\"399\" height=\"266\" srcset=\"https:\/\/www.ovpm.org\/wp-content\/uploads\/2018\/09\/quebec-300x200.jpg 300w, https:\/\/www.ovpm.org\/wp-content\/uploads\/2018\/09\/quebec-1024x683.jpg 1024w, https:\/\/www.ovpm.org\/wp-content\/uploads\/2018\/09\/quebec-768x512.jpg 768w, https:\/\/www.ovpm.org\/wp-content\/uploads\/2018\/09\/quebec-1536x1024.jpg 1536w, https:\/\/www.ovpm.org\/wp-content\/uploads\/2018\/09\/quebec-2048x1365.jpg 2048w, https:\/\/www.ovpm.org\/wp-content\/uploads\/2018\/09\/quebec-1200x800.jpg 1200w\" sizes=\"(max-width: 399px) 100vw, 399px\" \/><\/p>\n<p>&nbsp;<\/p>\n<h3><strong>Granada<\/strong><\/h3>\n<p>Granada celebr\u00f3 el 31\u00ba D\u00eda de las Ciudades de la OCPM con tres d\u00edas de fiesta del 6 al 8 de septiembre, bajo el tema \u00abHabitabilidad en los centros hist\u00f3ricos\u00bb. Lugares emblem\u00e1ticos acogieron jornadas de puertas abiertas, acompa\u00f1adas de conciertos y proyecciones de pel\u00edculas. Destacaron el concierto \u00abFiesta con la Orquesta Ciudad de Granada\u00bb y la proyecci\u00f3n de la pel\u00edcula \u00abLos Constructores de la Alhambra\u00bb, que permitieron a residentes y visitantes sumergirse en el rico patrimonio cultural de la ciudad.<\/p>\n<p><img loading=\"lazy\" decoding=\"async\" class=\"alignnone wp-image-33736\" src=\"https:\/\/www.ovpm.org\/wp-content\/uploads\/2018\/09\/granada-300x300.jpg\" alt=\"\" width=\"400\" height=\"400\" srcset=\"https:\/\/www.ovpm.org\/wp-content\/uploads\/2018\/09\/granada-300x300.jpg 300w, https:\/\/www.ovpm.org\/wp-content\/uploads\/2018\/09\/granada-1024x1021.jpg 1024w, https:\/\/www.ovpm.org\/wp-content\/uploads\/2018\/09\/granada-150x150.jpg 150w, https:\/\/www.ovpm.org\/wp-content\/uploads\/2018\/09\/granada-768x766.jpg 768w, https:\/\/www.ovpm.org\/wp-content\/uploads\/2018\/09\/granada-1536x1532.jpg 1536w, https:\/\/www.ovpm.org\/wp-content\/uploads\/2018\/09\/granada-500x500.jpg 500w, https:\/\/www.ovpm.org\/wp-content\/uploads\/2018\/09\/granada-1200x1197.jpg 1200w, https:\/\/www.ovpm.org\/wp-content\/uploads\/2018\/09\/granada.jpg 1715w\" sizes=\"(max-width: 400px) 100vw, 400px\" \/><\/p>\n<p>&nbsp;<\/p>\n<h3><strong>Segovia<\/strong><\/h3>\n<p>La ciudad de Segovia celebr\u00f3 el 31\u00ba D\u00eda de las Ciudades de la OCPM izando la bandera de la OCPM en el m\u00e1stil del Jard\u00edn de los Poetas durante todo el fin de semana. El 8 de septiembre tambi\u00e9n se organiz\u00f3 un paseo educativo a lo largo del r\u00edo Eresma, que ofreci\u00f3 a los participantes informaci\u00f3n sobre la importancia de los espacios verdes en la ciudad, especialmente en lo que respecta a la salud, la calidad del aire y el bienestar.<\/p>\n<p><img loading=\"lazy\" decoding=\"async\" class=\"alignnone wp-image-33748\" src=\"https:\/\/www.ovpm.org\/wp-content\/uploads\/2018\/09\/segovie-300x200.jpg\" alt=\"\" width=\"395\" height=\"263\" srcset=\"https:\/\/www.ovpm.org\/wp-content\/uploads\/2018\/09\/segovie-300x200.jpg 300w, https:\/\/www.ovpm.org\/wp-content\/uploads\/2018\/09\/segovie.jpg 371w\" sizes=\"(max-width: 395px) 100vw, 395px\" \/><\/p>\n<p>&nbsp;<\/p>\n<h3><strong>Cracovia<\/strong><\/h3>\n<p>Cracovia celebr\u00f3 el 31\u00ba D\u00eda de las Ciudades de la OCPM destacando iniciativas para reverdecer espacios p\u00fablicos hist\u00f3ricos y preparando el 17\u00ba Congreso Mundial de la OCPM en C\u00f3rdoba. El alcalde Aleksander Miszalski pronunci\u00f3 un mensaje especial, haciendo \u00e9nfasis en el patrimonio hist\u00f3rico de la ciudad y en el compromiso de Cracovia con su conservaci\u00f3n. Se prest\u00f3 especial atenci\u00f3n a las \u00abDirectrices para la gesti\u00f3n del centro hist\u00f3rico de Cracovia\u00bb.<\/p>\n<p><iframe loading=\"lazy\" title=\"Message of the Mayor of Krak\u00f3w Aleksander Miszalski for the Solidarity Day of World Heritage Cities\" width=\"500\" height=\"281\" src=\"https:\/\/www.youtube.com\/embed\/txAUCf5KbTQ?feature=oembed\" frameborder=\"0\" allow=\"accelerometer; autoplay; clipboard-write; encrypted-media; gyroscope; picture-in-picture; web-share\" referrerpolicy=\"strict-origin-when-cross-origin\" allowfullscreen><\/iframe><\/p>\n<p>&nbsp;<\/p>\n<h3><strong>Nessebar<\/strong><\/h3>\n<p>La ciudad de Nessebar y el Museo de la Antigua Nessebar ofrecieron a los visitantes una visita panor\u00e1mica gratuita titulada \u00abEl camino del esp\u00edritu\u00bb en honor del 31\u00ba D\u00eda de las Ciudades OCPM. Esta ruta guiada permiti\u00f3 a los participantes descubrir los monumentos emblem\u00e1ticos de la ciudad, promoviendo la riqueza cultural de esta pen\u00ednsula Patrimonio Mundial.<\/p>\n<p><img loading=\"lazy\" decoding=\"async\" class=\"alignnone wp-image-33751\" src=\"https:\/\/www.ovpm.org\/wp-content\/uploads\/2018\/09\/nessebar-1-300x168.jpg\" alt=\"\" width=\"402\" height=\"225\" srcset=\"https:\/\/www.ovpm.org\/wp-content\/uploads\/2018\/09\/nessebar-1-300x168.jpg 300w, https:\/\/www.ovpm.org\/wp-content\/uploads\/2018\/09\/nessebar-1.jpg 376w\" sizes=\"(max-width: 402px) 100vw, 402px\" \/><\/p>\n<p>&nbsp;<\/p>\n<h3><strong>Morelia<\/strong><\/h3>\n<p>El 7 de septiembre, la ciudad de Morelia celebr\u00f3 el 31\u00ba D\u00eda de las Ciudades OCPM con la segunda edici\u00f3n del Festival del Patrimonio Cultural Inmaterial en el Rancho del Charro. Este evento gratuito cont\u00f3 con diversas actividades como presentaciones de charrer\u00eda, espect\u00e1culos musicales, bailes folcl\u00f3ricos y degustaciones de comida tradicional mexicana y mezcal, atrayendo a m\u00e1s de 2,500 asistentes a lo largo del d\u00eda.<\/p>\n<p><img loading=\"lazy\" decoding=\"async\" class=\"alignnone wp-image-33745\" src=\"https:\/\/www.ovpm.org\/wp-content\/uploads\/2018\/09\/morelia-182x300.jpg\" alt=\"\" width=\"283\" height=\"466\" srcset=\"https:\/\/www.ovpm.org\/wp-content\/uploads\/2018\/09\/morelia-182x300.jpg 182w, https:\/\/www.ovpm.org\/wp-content\/uploads\/2018\/09\/morelia-622x1024.jpg 622w, https:\/\/www.ovpm.org\/wp-content\/uploads\/2018\/09\/morelia-768x1264.jpg 768w, https:\/\/www.ovpm.org\/wp-content\/uploads\/2018\/09\/morelia-933x1536.jpg 933w, https:\/\/www.ovpm.org\/wp-content\/uploads\/2018\/09\/morelia-729x1200.jpg 729w, https:\/\/www.ovpm.org\/wp-content\/uploads\/2018\/09\/morelia.jpg 1244w\" sizes=\"(max-width: 283px) 100vw, 283px\" \/><\/p>\n<p>&nbsp;<\/p>\n<h3><strong>Cidade Velha<\/strong><\/h3>\n<p>Cidade Velha celebr\u00f3 el 31\u00ba D\u00eda de las Ciudades de la OCPM con la inauguraci\u00f3n de la exposici\u00f3n \u00abIdentidadi Mistisu\u00bb, del artista Tchilac Furtado, en el Centro Cultural de Cidade Velha. Tambi\u00e9n se organiz\u00f3 un programa cultural con la sociedad \u00abTradison n&#8217;Alma\u00bb para celebrar la cultura y el patrimonio de la ciudad.<\/p>\n<p><img loading=\"lazy\" decoding=\"async\" class=\"alignnone wp-image-33733\" src=\"https:\/\/www.ovpm.org\/wp-content\/uploads\/2018\/09\/cidade-velha-212x300.jpg\" alt=\"\" width=\"277\" height=\"392\" srcset=\"https:\/\/www.ovpm.org\/wp-content\/uploads\/2018\/09\/cidade-velha-212x300.jpg 212w, https:\/\/www.ovpm.org\/wp-content\/uploads\/2018\/09\/cidade-velha.jpg 678w\" sizes=\"(max-width: 277px) 100vw, 277px\" \/><\/p>\n<p>&nbsp;<\/p>\n<h3><strong>San Antonio<\/strong><\/h3>\n<p>El 9\u00ba Festival Anual del Patrimonio Mundial tuvo lugar en San Antonio del 4 al 8 de septiembre de 2024. Este evento de colaboraci\u00f3n celebr\u00f3 las Misiones de San Antonio con recorridos en bicicleta, a pie y corriendo por los lugares hist\u00f3ricos para los residentes. Los festejos incluyeron m\u00fasica, artistas locales, comida y mucho m\u00e1s.<\/p>\n<p><iframe loading=\"lazy\" title=\"World Heritage Festival Sneak Peek\" width=\"500\" height=\"281\" src=\"https:\/\/www.youtube.com\/embed\/1ZM0mk0cF4A?feature=oembed\" frameborder=\"0\" allow=\"accelerometer; autoplay; clipboard-write; encrypted-media; gyroscope; picture-in-picture; web-share\" referrerpolicy=\"strict-origin-when-cross-origin\" allowfullscreen><\/iframe><\/p>\n","protected":false},"excerpt":{"rendered":"<p>Kotor Con motivo del 31\u00ba D\u00eda de las Ciudades de la OCPM, los Museos de Kotor organizaron una exposici\u00f3n de artesan\u00eda de encaje de Dobrota, titulada \u00abUn oficio antiguo para una nueva generaci\u00f3n\u00bb, frente a la Catedral de San Trif\u00f3n. Participantes de los talleres de encaje hicieron demostraciones p\u00fablicas en honor de esta artesan\u00eda tradicional. [&hellip;]<\/p>\n","protected":false},"author":22,"featured_media":0,"parent":0,"menu_order":11,"comment_status":"closed","ping_status":"closed","template":"","meta":{"_acf_changed":false,"footnotes":""},"acf":[],"_links":{"self":[{"href":"https:\/\/www.ovpm.org\/es\/wp-json\/wp\/v2\/pages\/35801"}],"collection":[{"href":"https:\/\/www.ovpm.org\/es\/wp-json\/wp\/v2\/pages"}],"about":[{"href":"https:\/\/www.ovpm.org\/es\/wp-json\/wp\/v2\/types\/page"}],"author":[{"embeddable":true,"href":"https:\/\/www.ovpm.org\/es\/wp-json\/wp\/v2\/users\/22"}],"replies":[{"embeddable":true,"href":"https:\/\/www.ovpm.org\/es\/wp-json\/wp\/v2\/comments?post=35801"}],"version-history":[{"count":2,"href":"https:\/\/www.ovpm.org\/es\/wp-json\/wp\/v2\/pages\/35801\/revisions"}],"predecessor-version":[{"id":35803,"href":"https:\/\/www.ovpm.org\/es\/wp-json\/wp\/v2\/pages\/35801\/revisions\/35803"}],"wp:attachment":[{"href":"https:\/\/www.ovpm.org\/es\/wp-json\/wp\/v2\/media?parent=35801"}],"curies":[{"name":"wp","href":"https:\/\/api.w.org\/{rel}","templated":true}]}}