{"id":356,"date":"2018-07-25T18:46:38","date_gmt":"2018-07-25T18:46:38","guid":{"rendered":"https:\/\/www.ovpm.org\/?page_id=356"},"modified":"2025-04-03T18:22:54","modified_gmt":"2025-04-03T18:22:54","slug":"acerca-de-la-ocpm","status":"publish","type":"page","link":"https:\/\/www.ovpm.org\/es\/acerca-de-la-ocpm\/","title":{"rendered":"Acerca de la OCPM"},"content":{"rendered":"<h3>Contexto<\/h3>\n<p><a href=\"https:\/\/www.ovpm.org\/es\/fundacion-y-fundador\/\">Creada en 1993<\/a>, la Organizaci\u00f3n de las Ciudades del Patrimonio Mundial (OCPM) tiene su sede en la ciudad de Quebec (Canad\u00e1). La OCPM es una organizaci\u00f3n internacional no gubernamental sin fines de lucro que re\u00fane a los alcaldes de las ciudades inscritas en la Lista del Patrimonio Mundial de la UNESCO.<\/p>\n<p>La OCPM funciona bajo la direcci\u00f3n de la <a href=\"https:\/\/www.ovpm.org\/es\/gobernanza\/asambleas-generales-de-la-ocpm\/\">Asamblea General<\/a>, conformada por las <a href=\"https:\/\/www.ovpm.org\/es\/miembros\/ciudades\/\">ciudades miembro<\/a> en regla, y por el <a href=\"https:\/\/www.ovpm.org\/es\/gobernanza\/consejo-de-administracion-de-la-ocpm\/\">Consejo de administraci\u00f3n<\/a>, conformado por ocho (8) alcaldes. La <a href=\"https:\/\/www.ovpm.org\/es\/secretaria-general-de-la-ocpm\/\">Secretar\u00eda General<\/a> administra la Organizaci\u00f3n y desarrolla sus actividades con el apoyo de cinco (5) <a href=\"https:\/\/www.ovpm.org\/es\/secretarias\/acerca-de-las-secretarias\/\">Secretar\u00edas Regionales<\/a>.<\/p>\n<h3>Misi\u00f3n de la OCPM<\/h3>\n<p>Para la OCPM, las ciudades del patrimonio mundial que tienen el privilegio de defender los valores universales de la humanidad, deben ser modelos en la protecci\u00f3n y puesta en valor del patrimonio cultural; deben proponer una visi\u00f3n audaz para el futuro en respuesta a los cambios en curso.<\/p>\n<p>Los efectos combinados de las crisis clim\u00e1ticas, econ\u00f3micas y sociales est\u00e1n ejerciendo una presi\u00f3n considerable sobre los entornos urbanos, que son especialmente vulnerables en cuanto a sus dimensiones hist\u00f3ricas y patrimoniales. Dada la magnitud de los cambios que se est\u00e1n produciendo, es preciso plantearse otras formas de actuar y nuevas pr\u00e1cticas urbanas.<\/p>\n<p>Por ello, las ciudades miembros de la OCPM han decidido actuar conjuntamente. Tras el 16\u00ba Congreso Mundial de la Organizaci\u00f3n (Quebec, 2022) se puso en marcha una importante iniciativa para reforzar su car\u00e1cter pol\u00edtico y aumentar sus capacidades operativas. La \u00ab Hoja de Ruta de Quebec \u00bb es un experimento de cooperaci\u00f3n participativa sin precedentes en la Organizaci\u00f3n, que implica activamente a un amplio abanico de partes interesadas de las ciudades miembro. El proceso alcanz\u00f3 una nueva etapa en el 17\u00ba Congreso Mundial de la OCPM (C\u00f3rdoba, septiembre de 2024), con las ciudades miembro trabajando en el dise\u00f1o y la adopci\u00f3n de un \u00ab Nuevo Proyecto Urbano \u00bb, que deber\u00eda contribuir a la emergencia de una nueva generaci\u00f3n de pol\u00edticas, estrategias y proyectos de desarrollo urbano, alimentados por un enfoque patrimonial del desarrollo sostenible que concilie lo urbano, lo humano y el medio ambiente.<\/p>\n<p>Dentro de esta perspectiva, la OCPM realiza una acci\u00f3n espec\u00edfica con los siguientes objetivos:<\/p>\n<ul>\n<li>Ayudar individualmente a las ciudades miembro a comprender mejor la complejidad de los retos actuales;<\/li>\n<li>Acompa\u00f1ar colectivamente a las ciudades miembro en la expresi\u00f3n de sus aspiraciones leg\u00edtimas en relaci\u00f3n con el futuro y con su contribuci\u00f3n a los objetivos de desarrollo durable de las Naciones Unidas.<\/li>\n<\/ul>\n<h3>El plan de acci\u00f3n 2025-2026<\/h3>\n<p>Para cumplir esta misi\u00f3n, el <a href=\"https:\/\/www.ovpm.org\/es\/plan-accion\/\">Plan de Acci\u00f3n<\/a> propone principalmente:<\/p>\n<ul>\n<li>Programas de cooperaci\u00f3n y asistencia t\u00e9cnica para las ciudades y entre ciudades.<\/li>\n<li>Continuaci\u00f3n de las reflexiones tem\u00e1ticas en el marco de la \u00abHoja de Ruta de Quebec\u00bb.<\/li>\n<li>Desarrollo del \u00ab Camino de C\u00f3rdoba \u00bb para dise\u00f1ar el \u00ab Nuevo Proyecto Urbano \u00bb.<\/li>\n<li>Programas de comunicaci\u00f3n y educaci\u00f3n, dirigidos a las ciudades, j\u00f3venes profesionales y ciudadanos.<\/li>\n<\/ul>\n<h3>Folleto de la OCPM<\/h3>\n<p>Para acceder a una herramienta corporativa sobre la OCPM, consulte nuestro folleto:<\/p>\n<p><object data=\"https:\/\/www.ovpm.org\/wp-content\/uploads\/2025\/04\/espcompressed.pdf\" type=\"application\/pdf\" width=\"100%\" height=\"600\"><embed src=\"https:\/\/www.ovpm.org\/wp-content\/uploads\/2025\/04\/espcompressed.pdf\" style=\"width: 100%;\" \/><\/object><\/p>\n","protected":false},"excerpt":{"rendered":"<p>Contexto Creada en 1993, la Organizaci\u00f3n de las Ciudades del Patrimonio Mundial (OCPM) tiene su sede en la ciudad de Quebec (Canad\u00e1). La OCPM es una organizaci\u00f3n internacional no gubernamental sin fines de lucro que re\u00fane a los alcaldes de las ciudades inscritas en la Lista del Patrimonio Mundial de la UNESCO. La OCPM funciona [&hellip;]<\/p>\n","protected":false},"author":1,"featured_media":0,"parent":0,"menu_order":330,"comment_status":"closed","ping_status":"closed","template":"","meta":{"_acf_changed":false,"footnotes":""},"acf":[],"_links":{"self":[{"href":"https:\/\/www.ovpm.org\/es\/wp-json\/wp\/v2\/pages\/356"}],"collection":[{"href":"https:\/\/www.ovpm.org\/es\/wp-json\/wp\/v2\/pages"}],"about":[{"href":"https:\/\/www.ovpm.org\/es\/wp-json\/wp\/v2\/types\/page"}],"author":[{"embeddable":true,"href":"https:\/\/www.ovpm.org\/es\/wp-json\/wp\/v2\/users\/1"}],"replies":[{"embeddable":true,"href":"https:\/\/www.ovpm.org\/es\/wp-json\/wp\/v2\/comments?post=356"}],"version-history":[{"count":15,"href":"https:\/\/www.ovpm.org\/es\/wp-json\/wp\/v2\/pages\/356\/revisions"}],"predecessor-version":[{"id":34765,"href":"https:\/\/www.ovpm.org\/es\/wp-json\/wp\/v2\/pages\/356\/revisions\/34765"}],"wp:attachment":[{"href":"https:\/\/www.ovpm.org\/es\/wp-json\/wp\/v2\/media?parent=356"}],"curies":[{"name":"wp","href":"https:\/\/api.w.org\/{rel}","templated":true}]}}