{"id":348,"date":"2018-09-25T17:55:16","date_gmt":"2018-09-25T17:55:16","guid":{"rendered":"https:\/\/www.ovpm.org\/?page_id=348"},"modified":"2026-04-09T15:32:56","modified_gmt":"2026-04-09T15:32:56","slug":"bienvenida","status":"publish","type":"page","link":"https:\/\/www.ovpm.org\/es\/","title":{"rendered":"Memoria del Mundo, Ciudades del futuro"},"content":{"rendered":"<h2><img loading=\"lazy\" decoding=\"async\" class=\"alignnone wp-image-28530\" src=\"https:\/\/www.ovpm.org\/wp-content\/uploads\/2022\/12\/f2res-300x157.png\" alt=\"\" width=\"200\" height=\"105\" srcset=\"https:\/\/www.ovpm.org\/wp-content\/uploads\/2022\/12\/f2res-300x157.png 300w, https:\/\/www.ovpm.org\/wp-content\/uploads\/2022\/12\/f2res-1024x536.png 1024w, https:\/\/www.ovpm.org\/wp-content\/uploads\/2022\/12\/f2res-768x402.png 768w, https:\/\/www.ovpm.org\/wp-content\/uploads\/2022\/12\/f2res.png 1200w\" sizes=\"(max-width: 200px) 100vw, 200px\" \/>Hoja de Ruta de Qu\u00e9bec<\/h2>\n<p>La OCPM adopt\u00f3 la \u00abHoja de ruta de Quebec\u00bb en el 16\u00ba Congreso Mundial (Ciudad de Quebec, Canad\u00e1, 6-9 de septiembre de 2022). Lanzada el 1 de noviembre de 2022, la \u00abHoja de Ruta\u00bb ofrece a los miembros de la Organizaci\u00f3n la oportunidad de participar en una experiencia de cooperaci\u00f3n sin precedentes que desembocar\u00e1 en la adopci\u00f3n de un \u00abNuevo Proyecto Urbano\u00bb en el XVII Congreso Mundial que se celebrar\u00e1 en C\u00f3rdoba (Espa\u00f1a) en oto\u00f1o de 2024.<\/p>\n<a href=\"https:\/\/www.ovpm.org\/es\/programa\/hoja-de-ruta-de-quebec\/\" class=\"button m-t-sm m-b-sm\">M\u00e1s informaci\u00f3n sobre la Hoja de Ruta de Qu\u00e9bec<\/a>\n<p>Hay tres pasos principales: 1. concepci\u00f3n, 2. aplicaci\u00f3n, 3. evaluaci\u00f3n.<\/p>\n<a href=\"https:\/\/www.ovpm.org\/wp-content\/uploads\/2023\/02\/hoja-de-ruta-de-quebecetapa-1esp16feb23.pdf\" class=\"button m-t-sm m-b-sm\">M\u00e1s informaci\u00f3n sobre la fase de concepci\u00f3n (c\u00f3mo participar)<\/a>\n<hr \/>\n<h2><img loading=\"lazy\" decoding=\"async\" class=\"alignnone wp-image-27850\" src=\"https:\/\/www.ovpm.org\/wp-content\/uploads\/2022\/09\/logo-congres-de-lovpm-2022-2-300x67.png\" alt=\"\" width=\"200\" height=\"44\" srcset=\"https:\/\/www.ovpm.org\/wp-content\/uploads\/2022\/09\/logo-congres-de-lovpm-2022-2-300x67.png 300w, https:\/\/www.ovpm.org\/wp-content\/uploads\/2022\/09\/logo-congres-de-lovpm-2022-2-1024x228.png 1024w, https:\/\/www.ovpm.org\/wp-content\/uploads\/2022\/09\/logo-congres-de-lovpm-2022-2-768x171.png 768w, https:\/\/www.ovpm.org\/wp-content\/uploads\/2022\/09\/logo-congres-de-lovpm-2022-2.png 1200w\" sizes=\"(max-width: 200px) 100vw, 200px\" \/>16<sup>o<\/sup>\u00a0Congreso Mundial de la OCPM<\/h2>\n<p>Del 6 al 9 de setiembre de 2022 se celebr\u00f3 en la ciudad de Quebec, Canad\u00e1 el 16 Congreso Mundial de la Organizaci\u00f3n de las Ciudades del Patrimonio Mundial (OCPM) en torno a la tem\u00e1tica \u201cMejorar la calidad de vida en las ciudades del Patrimonio Mundial\u201d\u00bb. El Congreso consisti\u00f3 principalmente en la 25\u00aa Asamblea General de la OCPM y el Simposio<em>: juntos hacia un nuevo proyecto urbano<\/em>. En el siguiente enlace encontrar\u00e1 un resumen de estas jornadas.<\/p>\n<a href=\"https:\/\/www.ovpm.org\/es\/congresos-mundiales\/quebec\/\" class=\"button m-t-sm m-b-sm\">El Congreso d\u00eda a d\u00eda <\/a>\n<p>Descargar las actas del congreso:<\/p>\n<a href=\"https:\/\/www.ovpm.org\/wp-content\/uploads\/2022\/12\/actes-du-congresspa.pdf\" class=\"button m-t-sm m-b-sm\">las actas del Congreso<\/a>\n","protected":false},"excerpt":{"rendered":"<p>Hoja de Ruta de Qu\u00e9bec La OCPM adopt\u00f3 la \u00abHoja de ruta de Quebec\u00bb en el 16\u00ba Congreso Mundial (Ciudad de Quebec, Canad\u00e1, 6-9 de septiembre de 2022). Lanzada el 1 de noviembre de 2022, la \u00abHoja de Ruta\u00bb ofrece a los miembros de la Organizaci\u00f3n la oportunidad de participar en una experiencia de cooperaci\u00f3n [&hellip;]<\/p>\n","protected":false},"author":1,"featured_media":0,"parent":0,"menu_order":327,"comment_status":"closed","ping_status":"closed","template":"page-home.php","meta":{"_acf_changed":false,"footnotes":""},"acf":[],"_links":{"self":[{"href":"https:\/\/www.ovpm.org\/es\/wp-json\/wp\/v2\/pages\/348"}],"collection":[{"href":"https:\/\/www.ovpm.org\/es\/wp-json\/wp\/v2\/pages"}],"about":[{"href":"https:\/\/www.ovpm.org\/es\/wp-json\/wp\/v2\/types\/page"}],"author":[{"embeddable":true,"href":"https:\/\/www.ovpm.org\/es\/wp-json\/wp\/v2\/users\/1"}],"replies":[{"embeddable":true,"href":"https:\/\/www.ovpm.org\/es\/wp-json\/wp\/v2\/comments?post=348"}],"version-history":[{"count":50,"href":"https:\/\/www.ovpm.org\/es\/wp-json\/wp\/v2\/pages\/348\/revisions"}],"predecessor-version":[{"id":36948,"href":"https:\/\/www.ovpm.org\/es\/wp-json\/wp\/v2\/pages\/348\/revisions\/36948"}],"wp:attachment":[{"href":"https:\/\/www.ovpm.org\/es\/wp-json\/wp\/v2\/media?parent=348"}],"curies":[{"name":"wp","href":"https:\/\/api.w.org\/{rel}","templated":true}]}}