{"id":33726,"date":"2024-10-30T20:17:14","date_gmt":"2024-10-30T20:17:14","guid":{"rendered":"https:\/\/www.ovpm.org\/?page_id=33726"},"modified":"2024-10-30T20:17:14","modified_gmt":"2024-10-30T20:17:14","slug":"30o-dia-de-la-solidaridad-de-las-ciudades-del-patrimonio-mundial","status":"publish","type":"page","link":"https:\/\/www.ovpm.org\/es\/30o-dia-de-la-solidaridad-de-las-ciudades-del-patrimonio-mundial\/","title":{"rendered":"30\u00ba D\u00eda de la Solidaridad de las Ciudades del Patrimonio Mundial"},"content":{"rendered":"<h2>Edici\u00f3n 2023<\/h2>\n<h3><strong>Qu\u00e9bec<\/strong><\/h3>\n<p>La ciudad de Quebec celebr\u00f3 el 30\u00ba D\u00eda de la Solidaridad de las Ciudades del Patrimonio Mundial con dos actividades.<\/p>\n<p>Primeramente, la organizaci\u00f3n \u00abD\u00e9couvrir ma cit\u00e9\u00bb ofreci\u00f3 una serie de visitas guiadas por el Viejo Quebec los d\u00edas 9 y 10 de septiembre a los reci\u00e9n llegados a la capital. El objetivo de esta iniciativa era compartir la riqueza cultural de la ciudad con los nuevos residentes.<\/p>\n<p>En segundo, durante todo el mes de septiembre se organiz\u00f3 una exposici\u00f3n al aire libre titulada \u00abEl Viejo Quebec, Patrimonio Mundial de la UNESCO\u00bb en el recinto de Maizerets. Esta exposici\u00f3n puso de relieve la importancia del patrimonio mundial de Quebec e invit\u00f3 a los visitantes a descubrir su historia.<\/p>\n<p><img loading=\"lazy\" decoding=\"async\" class=\" wp-image-30584 alignleft\" src=\"https:\/\/www.ovpm.org\/wp-content\/uploads\/2018\/09\/quebec-2-300x300.jpg\" alt=\"\" width=\"367\" height=\"367\" srcset=\"https:\/\/www.ovpm.org\/wp-content\/uploads\/2018\/09\/quebec-2-300x300.jpg 300w, https:\/\/www.ovpm.org\/wp-content\/uploads\/2018\/09\/quebec-2-150x150.jpg 150w, https:\/\/www.ovpm.org\/wp-content\/uploads\/2018\/09\/quebec-2-500x500.jpg 500w, https:\/\/www.ovpm.org\/wp-content\/uploads\/2018\/09\/quebec-2.jpg 583w\" sizes=\"(max-width: 367px) 100vw, 367px\" \/><\/p>\n<p>&nbsp;<\/p>\n<p>&nbsp;<\/p>\n<p>&nbsp;<\/p>\n<p>&nbsp;<\/p>\n<p>&nbsp;<\/p>\n<p>&nbsp;<\/p>\n<p>&nbsp;<\/p>\n<p>&nbsp;<\/p>\n<p>&nbsp;<\/p>\n<p>&nbsp;<\/p>\n<h3><strong>Bamberg <\/strong><\/h3>\n<p>La ciudad de Bamberg, miembro de la Organizaci\u00f3n de Ciudades del Patrimonio Mundial desde hace muchos a\u00f1os, tambi\u00e9n contribuy\u00f3 a las celebraciones del 8 de septiembre de 2023.<\/p>\n<p>Para expresar su solidaridad con todas las dem\u00e1s ciudades miembros y por treintavo a\u00f1o consecutivo, la ciudad iz\u00f3 la bandera del Patrimonio Mundial de la UNESCO en la fachada del ayuntamiento hist\u00f3rico. Un gesto simb\u00f3lico para celebrar la ocasi\u00f3n.<\/p>\n<p><img loading=\"lazy\" decoding=\"async\" class=\"alignnone wp-image-30602\" src=\"https:\/\/www.ovpm.org\/wp-content\/uploads\/2018\/09\/bamberg-2-224x300.png\" alt=\"\" width=\"346\" height=\"463\" srcset=\"https:\/\/www.ovpm.org\/wp-content\/uploads\/2018\/09\/bamberg-2-224x300.png 224w, https:\/\/www.ovpm.org\/wp-content\/uploads\/2018\/09\/bamberg-2-766x1024.png 766w, https:\/\/www.ovpm.org\/wp-content\/uploads\/2018\/09\/bamberg-2-768x1027.png 768w, https:\/\/www.ovpm.org\/wp-content\/uploads\/2018\/09\/bamberg-2-300x400.png 300w, https:\/\/www.ovpm.org\/wp-content\/uploads\/2018\/09\/bamberg-2.png 890w\" sizes=\"(max-width: 346px) 100vw, 346px\" \/><\/p>\n<p>&nbsp;<\/p>\n<h3><strong>Ratisbona<\/strong><\/h3>\n<p>El 8 de septiembre de 2023, Ratisbona celebr\u00f3 el 30\u00ba D\u00eda de la Solidaridad de las Ciudades Patrimonio y el 30\u00ba aniversario de la OCPM con el tema de \u00abcompartir con sus ciudadanos\u00bb.<\/p>\n<p>En el Centro de Visitantes de Ratisbona se ofrecieron gratuitamente a los visitantes libros de cocina del patrimonio mundial y se instal\u00f3 un peque\u00f1o puesto de informaci\u00f3n sobre la OCPM. El objetivo de la jornada era resaltar el valor del patrimonio mundial y sensibilizar al p\u00fablico sobre su importancia.<\/p>\n<p>&nbsp;<\/p>\n<p><img loading=\"lazy\" decoding=\"async\" class=\"alignnone wp-image-30605\" src=\"https:\/\/www.ovpm.org\/wp-content\/uploads\/2018\/09\/owhcsolidarity23regensburg2-300x225.jpg\" alt=\"\" width=\"378\" height=\"283\" srcset=\"https:\/\/www.ovpm.org\/wp-content\/uploads\/2018\/09\/owhcsolidarity23regensburg2-300x225.jpg 300w, https:\/\/www.ovpm.org\/wp-content\/uploads\/2018\/09\/owhcsolidarity23regensburg2-1024x768.jpg 1024w, https:\/\/www.ovpm.org\/wp-content\/uploads\/2018\/09\/owhcsolidarity23regensburg2-768x576.jpg 768w, https:\/\/www.ovpm.org\/wp-content\/uploads\/2018\/09\/owhcsolidarity23regensburg2-1536x1152.jpg 1536w, https:\/\/www.ovpm.org\/wp-content\/uploads\/2018\/09\/owhcsolidarity23regensburg2-2048x1536.jpg 2048w, https:\/\/www.ovpm.org\/wp-content\/uploads\/2018\/09\/owhcsolidarity23regensburg2-1200x900.jpg 1200w\" sizes=\"(max-width: 378px) 100vw, 378px\" \/><\/p>\n<p>&nbsp;<\/p>\n<h3><strong>Augsburgo<\/strong><\/h3>\n<p>Augsburgo organiz\u00f3 una visita tem\u00e1tica titulada \u00abFuentes milagrosas: conexiones privadas de agua en tiempos de la ciudad imperial\u00bb.<br \/>\nEsta visita permiti\u00f3 a los participantes descubrir las fuentes hist\u00f3ricas de Augsburgo y las conexiones privadas al sistema de tuber\u00edas subterr\u00e1neas que han existido desde el siglo XVI.<br \/>\nLa visita tambi\u00e9n puso de relieve la importancia del agua potable en la ciudad y c\u00f3mo se dise\u00f1aron las antiguas conexiones privadas desde el punto de vista arquitect\u00f3nico y art\u00edstico. La participaci\u00f3n en estas visitas se limit\u00f3 a 20 personas por grupo para garantizar una experiencia de alta calidad.<\/p>\n<p><img loading=\"lazy\" decoding=\"async\" class=\"alignnone wp-image-30608\" src=\"https:\/\/www.ovpm.org\/wp-content\/uploads\/2018\/09\/augsburg-300x226.png\" alt=\"\" width=\"365\" height=\"275\" srcset=\"https:\/\/www.ovpm.org\/wp-content\/uploads\/2018\/09\/augsburg-300x226.png 300w, https:\/\/www.ovpm.org\/wp-content\/uploads\/2018\/09\/augsburg-1024x772.png 1024w, https:\/\/www.ovpm.org\/wp-content\/uploads\/2018\/09\/augsburg-768x579.png 768w, https:\/\/www.ovpm.org\/wp-content\/uploads\/2018\/09\/augsburg.png 1188w\" sizes=\"(max-width: 365px) 100vw, 365px\" \/><\/p>\n<p>&nbsp;<\/p>\n<h3><strong>C\u00f3rdoba <\/strong><\/h3>\n<p>Con ocasi\u00f3n del D\u00eda de la Solidaridad de las Ciudades del Patrimonio Mundial, C\u00f3rdoba iz\u00f3 la bandera de la OCPM sobre el arco entre el puente romano y la mezquita catedral. Este a\u00f1o, la jornada se dedic\u00f3 a concienciar sobre el cambio clim\u00e1tico. La ciudad reparti\u00f3 botellas de agua reutilizables a todos los que se acercaron al edificio hist\u00f3rico de la <em>Puerta del Puente<\/em> para fomentar el uso responsable de los recursos h\u00eddricos.<br \/>\nC\u00f3rdoba tambi\u00e9n acoger\u00e1 el Congreso Mundial de la OCPM en 2024, por lo que el alcalde Bellido Roche anunci\u00f3 que mantendr\u00e1 la bandera ondeando hasta la celebraci\u00f3n del Congreso en septiembre de 2024.<\/p>\n<p><strong> <img loading=\"lazy\" decoding=\"async\" class=\"alignnone wp-image-30587\" src=\"https:\/\/www.ovpm.org\/wp-content\/uploads\/2018\/09\/cordoba-1-300x169.jpg\" alt=\"\" width=\"378\" height=\"213\" srcset=\"https:\/\/www.ovpm.org\/wp-content\/uploads\/2018\/09\/cordoba-1-300x169.jpg 300w, https:\/\/www.ovpm.org\/wp-content\/uploads\/2018\/09\/cordoba-1-1024x576.jpg 1024w, https:\/\/www.ovpm.org\/wp-content\/uploads\/2018\/09\/cordoba-1-768x432.jpg 768w, https:\/\/www.ovpm.org\/wp-content\/uploads\/2018\/09\/cordoba-1.jpg 1200w\" sizes=\"(max-width: 378px) 100vw, 378px\" \/><\/strong><\/p>\n<p><strong>\u00a0<\/strong><\/p>\n<h3><strong>\u00c9vora <\/strong><\/h3>\n<p>La ciudad de \u00c9vora organiz\u00f3 la exposici\u00f3n fotogr\u00e1fica \u00ab\u00c9vora en Detalles\u00bb. Esta exposici\u00f3n inclu\u00eda 30 fotograf\u00edas que destacaban detalles y perspectivas menos convencionales del Centro Hist\u00f3rico de \u00c9vora, Patrimonio Mundial de la UNESCO.<br \/>\n\u00c9vora fue una de las ciudades fundadoras de la OCPM y ha contribuido activamente a la preservaci\u00f3n del patrimonio mundial. La ciudad tambi\u00e9n particip\u00f3 en la creaci\u00f3n de la nueva estrategia \u00abHoja de Ruta de Quebec 2022-2024\u00bb, aprobada en el Congreso Mundial de la OCPM de 2022.<\/p>\n<p><img loading=\"lazy\" decoding=\"async\" class=\"alignnone wp-image-30611\" src=\"https:\/\/www.ovpm.org\/wp-content\/uploads\/2018\/09\/evora-212x300.jpg\" alt=\"\" width=\"284\" height=\"401\" srcset=\"https:\/\/www.ovpm.org\/wp-content\/uploads\/2018\/09\/evora-212x300.jpg 212w, https:\/\/www.ovpm.org\/wp-content\/uploads\/2018\/09\/evora-724x1024.jpg 724w, https:\/\/www.ovpm.org\/wp-content\/uploads\/2018\/09\/evora-768x1086.jpg 768w, https:\/\/www.ovpm.org\/wp-content\/uploads\/2018\/09\/evora-1086x1536.jpg 1086w, https:\/\/www.ovpm.org\/wp-content\/uploads\/2018\/09\/evora-848x1200.jpg 848w, https:\/\/www.ovpm.org\/wp-content\/uploads\/2018\/09\/evora.jpg 1448w\" sizes=\"(max-width: 284px) 100vw, 284px\" \/><\/p>\n<p>&nbsp;<\/p>\n<h3><strong>Granada<\/strong><\/h3>\n<p>El 8 de septiembre, Granada iz\u00f3 la bandera de las Ciudades del Patrimonio Mundial en la fachada del ayuntamiento para conmemorar el D\u00eda de la Solidaridad de las Ciudades del Patrimonio Mundial. La ciudad organiz\u00f3 un completo programa de actividades gratuitas para el p\u00fablico en general.<\/p>\n<p>Entre ellas, la inauguraci\u00f3n de la exposici\u00f3n \u00abArte e Inteligencia Artificial\u00bb en la Casa Zafra, visitas a monumentos hist\u00f3ricos y un recorrido guiado del Albaic\u00edn romano. Granada colabor\u00f3 con diversas instituciones del distrito para organizar estas actividades y poner en valor la protecci\u00f3n y conservaci\u00f3n de su patrimonio.<\/p>\n<p><img loading=\"lazy\" decoding=\"async\" class=\"alignnone wp-image-30590\" src=\"https:\/\/www.ovpm.org\/wp-content\/uploads\/2018\/09\/granada-300x200.jpeg\" alt=\"\" width=\"349\" height=\"232\" srcset=\"https:\/\/www.ovpm.org\/wp-content\/uploads\/2018\/09\/granada-300x200.jpeg 300w, https:\/\/www.ovpm.org\/wp-content\/uploads\/2018\/09\/granada-1024x682.jpeg 1024w, https:\/\/www.ovpm.org\/wp-content\/uploads\/2018\/09\/granada-768x512.jpeg 768w, https:\/\/www.ovpm.org\/wp-content\/uploads\/2018\/09\/granada-1536x1023.jpeg 1536w, https:\/\/www.ovpm.org\/wp-content\/uploads\/2018\/09\/granada-1200x800.jpeg 1200w, https:\/\/www.ovpm.org\/wp-content\/uploads\/2018\/09\/granada.jpeg 1600w\" sizes=\"(max-width: 349px) 100vw, 349px\" \/><\/p>\n<p>&nbsp;<\/p>\n<h3><strong>Colonia del Sacramento <\/strong><\/h3>\n<p>Este d\u00eda fue una oportunidad para poner de relieve las cuestiones relacionadas con el patrimonio y la responsabilidad de las comunidades en su protecci\u00f3n y promoci\u00f3n.<br \/>\nPara conmemorar este aniversario, el museo de Colonia organiz\u00f3 una exposici\u00f3n realizada por alumnos del Liceo N.o2 de Colonia del Sacramento. La exposici\u00f3n destac\u00f3 los v\u00ednculos intergeneracionales creados a trav\u00e9s de las actividades de preservaci\u00f3n del patrimonio.<br \/>\nEl museo de Colonia tambi\u00e9n abri\u00f3 sus puertas al p\u00fablico el 8 de septiembre, acogiendo a residentes locales, visitantes extranjeros y centros educativos del pa\u00eds. El objetivo de la jornada era sensibilizar al p\u00fablico sobre el patrimonio mundial.<\/p>\n<p><img loading=\"lazy\" decoding=\"async\" class=\"alignnone wp-image-30614\" src=\"https:\/\/www.ovpm.org\/wp-content\/uploads\/2018\/09\/colonia-del-sacramento-270x300.png\" alt=\"\" width=\"320\" height=\"356\" srcset=\"https:\/\/www.ovpm.org\/wp-content\/uploads\/2018\/09\/colonia-del-sacramento-270x300.png 270w, https:\/\/www.ovpm.org\/wp-content\/uploads\/2018\/09\/colonia-del-sacramento-920x1024.png 920w, https:\/\/www.ovpm.org\/wp-content\/uploads\/2018\/09\/colonia-del-sacramento-768x854.png 768w, https:\/\/www.ovpm.org\/wp-content\/uploads\/2018\/09\/colonia-del-sacramento-1079x1200.png 1079w, https:\/\/www.ovpm.org\/wp-content\/uploads\/2018\/09\/colonia-del-sacramento.png 1244w\" sizes=\"(max-width: 320px) 100vw, 320px\" \/><\/p>\n<p>&nbsp;<\/p>\n<h3>Filadelfia<\/h3>\n<p>El 8 de septiembre, Filadelfia acogi\u00f3 la celebraci\u00f3n anual de las Ciudades del Patrimonio Mundial en honor de Michael A. Nutter, ex alcalde de la ciudad que contribuy\u00f3 directamente a la adhesi\u00f3n de Filadelfia a la OCPM, entreg\u00e1ndole un Globy Award por su contribuci\u00f3n al liderazgo mundial.<br \/>\nLa celebraci\u00f3n tuvo lugar en uno de los 67 Monumentos Hist\u00f3ricos Nacionales de Filadelfia, ofreciendo a los participantes una velada de entretenimiento, cultura y reflexi\u00f3n sobre la ciudad como Ciudad del Patrimonio Mundial. Adem\u00e1s, en ella se celebr\u00f3 el 30\u00ba D\u00eda de la Solidaridad de las Ciudades del Patrimonio Mundial. Los fondos recaudados con la celebraci\u00f3n apoyan los esfuerzos de la ciudad por preservar y celebrar sus bienes hist\u00f3ricos y culturales, educar a los j\u00f3venes locales y concienciar sobre su condici\u00f3n de Ciudad del Patrimonio Mundial.<\/p>\n<p>Para m\u00e1s informaci\u00f3n, visite : <a href=\"https:\/\/globalphiladelphia.org\/world-heritage-city-celebration\">https:\/\/globalphiladelphia.org\/world-heritage-city-celebration<\/a><\/p>\n<p><img loading=\"lazy\" decoding=\"async\" class=\"alignnone wp-image-30593\" src=\"https:\/\/www.ovpm.org\/wp-content\/uploads\/2018\/09\/philadelphia-mexdance-240x300.jpg\" alt=\"\" width=\"303\" height=\"379\" srcset=\"https:\/\/www.ovpm.org\/wp-content\/uploads\/2018\/09\/philadelphia-mexdance-240x300.jpg 240w, https:\/\/www.ovpm.org\/wp-content\/uploads\/2018\/09\/philadelphia-mexdance-819x1024.jpg 819w, https:\/\/www.ovpm.org\/wp-content\/uploads\/2018\/09\/philadelphia-mexdance-768x960.jpg 768w, https:\/\/www.ovpm.org\/wp-content\/uploads\/2018\/09\/philadelphia-mexdance-1229x1536.jpg 1229w, https:\/\/www.ovpm.org\/wp-content\/uploads\/2018\/09\/philadelphia-mexdance-1638x2048.jpg 1638w, https:\/\/www.ovpm.org\/wp-content\/uploads\/2018\/09\/philadelphia-mexdance-960x1200.jpg 960w, https:\/\/www.ovpm.org\/wp-content\/uploads\/2018\/09\/philadelphia-mexdance-scaled.jpg 2048w\" sizes=\"(max-width: 303px) 100vw, 303px\" \/><\/p>\n<p><strong>\u00a0<\/strong><\/p>\n<h3><strong>Marrakech<\/strong><\/h3>\n<p>El 8 de septiembre se llevaron a cabo dos concursos en el Ayuntamiento de Marrakech para celebrar el D\u00eda de la Solidaridad de las Ciudades del Patrimonio Mundial: el primero fue un concurso de pintura y el segundo un concurso para crear spots (v\u00eddeos cortos) inspirados en el patrimonio de la ciudad, en colaboraci\u00f3n con la Academia Regional de Educaci\u00f3n y Formaci\u00f3n (AREF).<\/p>\n<p>Estas actividades l\u00fadicas y art\u00edsticas contribuyeron a sensibilizar al p\u00fablico sobre la importancia de preservar el patrimonio de Marrakech de una forma creativa y visualmente atractiva. Se anim\u00f3 a los participantes a crear obras de arte originales que pusieran de relieve distintos aspectos del patrimonio de Marrakech, como sus monumentos hist\u00f3ricos, su arquitectura tradicional, sus jardines, sus animados zocos, etc. Los ganadores de los concursos recibieron premios.<\/p>\n<p><strong> <img loading=\"lazy\" decoding=\"async\" class=\"alignnone wp-image-30599\" src=\"https:\/\/www.ovpm.org\/wp-content\/uploads\/2018\/09\/marrakech-214x300.jpg\" alt=\"\" width=\"300\" height=\"421\" srcset=\"https:\/\/www.ovpm.org\/wp-content\/uploads\/2018\/09\/marrakech-214x300.jpg 214w, https:\/\/www.ovpm.org\/wp-content\/uploads\/2018\/09\/marrakech-729x1024.jpg 729w, https:\/\/www.ovpm.org\/wp-content\/uploads\/2018\/09\/marrakech-768x1079.jpg 768w, https:\/\/www.ovpm.org\/wp-content\/uploads\/2018\/09\/marrakech-854x1200.jpg 854w, https:\/\/www.ovpm.org\/wp-content\/uploads\/2018\/09\/marrakech.jpg 1079w\" sizes=\"(max-width: 300px) 100vw, 300px\" \/><\/strong><\/p>\n<p><strong>\u00a0<\/strong><\/p>\n<h3><strong>San Antonio<\/strong><\/h3>\n<p>San Antonio celebr\u00f3 el D\u00eda de la Solidaridad de las Ciudades del Patrimonio Mundial a lo grande con su Festival del Patrimonio Mundial, el cual se celebra desde 2016, cuando San Antonio se convirti\u00f3 en miembro de la OCPM. Para m\u00e1s informaci\u00f3n sobre el Festival, visite<a href=\"https:\/\/www.worldheritagefestival.org\/\"> https:\/\/www.worldheritagefestival.org\/<\/a><br \/>\nEste a\u00f1o, se organiz\u00f3 un recorrido en bicicleta por el sitio de Las Misiones, \u00a1y muchos participantes se ofrecieron voluntarios! Esta es una forma estupenda de visitar y descubrir el patrimonio de San Antonio de una forma original.<\/p>\n<a href=\"https:\/\/www.instagram.com\/p\/Cw-nCT8OmuI\/\" class=\"button m-t-sm m-b-sm\">Aprender m\u00e1s<\/a>\n<p>&nbsp;<\/p>\n<h3><strong>Segovia<\/strong><\/h3>\n<p>Para celebrar este d\u00eda, Segovia iz\u00f3 la bandera de la OCPM en el Jard\u00edn de los Poetas, donde onde\u00f3 durante todo el d\u00eda, ofreciendo una vista del Alc\u00e1zar, las murallas de la ciudad y el valle del Eresma.<br \/>\nLa ciudad tambi\u00e9n organiz\u00f3 diez visitas guiadas para dar a conocer este d\u00eda tan especial y a la OCPM. Adem\u00e1s, se distribuyeron ejemplares del libro \u00abDe roca a roca\u00bb, que explora el patrimonio geol\u00f3gico de la ciudad.<br \/>\nSe anim\u00f3 a residentes y visitantes a compartir fotos de Segovia y otras Ciudades del Patrimonio Mundial en las redes sociales utilizando el hashtag #owhcsolidarityday para conmemorar el d\u00eda de la solidaridad.<\/p>\n<a href=\"https:\/\/www.instagram.com\/p\/Cw7PEG_sqMb\/\" class=\"button m-t-sm m-b-sm\">Aprender m\u00e1s<\/a>\n<p>&nbsp;<\/p>\n<h3><strong>Cuenca<\/strong><\/h3>\n<p>La ciudad de Cuenca ha publicado un mensaje en sus redes sociales para conmemorar el 30 aniversario de la Organizaci\u00f3n de Ciudades del Patrimonio Mundial y renovar su apoyo e implicaci\u00f3n como miembro de la organizaci\u00f3n.<\/p>\n<a href=\"https:\/\/www.facebook.com\/MunicipioDeCuenca\/posts\/617003317286870?ref=embed_post\" class=\"button m-t-sm m-b-sm\">Aprender m\u00e1s<\/a>\n<p><strong>\u00a0<\/strong><\/p>\n<h3><strong>Oaxaca y Mitla<\/strong><\/h3>\n<p>Les villes de Oaxaca et Mitla ont soulign\u00e9 cette Journ\u00e9e de la Solidarit\u00e9 en publiant une video reportage sur Instagram.<\/p>\n<p>Las ciudades de Oaxaca y Mitla conmemoraron este D\u00eda de la Solidaridad publicando un video reportaje en Instagram.<br \/>\nEn \u00e9l, podemos conocer que el estado de Oaxaca cuenta con 3 sitios catalogados como patrimonio mundial: el centro hist\u00f3rico de Oaxaca, la zona arqueol\u00f3gica de Monte Alb\u00e1n y el sitio prehist\u00f3rico de Yagul. Adem\u00e1s de hablarnos del patrimonio de la ciudad, tambi\u00e9n mencionan el 30 aniversario de la OCPM.<\/p>\n<p>\u00a1Felicitaciones a los j\u00f3venes que participaron en este importante aniversario!<\/p>\n<a href=\"https:\/\/www.instagram.com\/p\/Cw8mRgtr5GB\/\" class=\"button m-t-sm m-b-sm\">Aprender m\u00e1s<\/a>\n","protected":false},"excerpt":{"rendered":"<p>Edici\u00f3n 2023 Qu\u00e9bec La ciudad de Quebec celebr\u00f3 el 30\u00ba D\u00eda de la Solidaridad de las Ciudades del Patrimonio Mundial con dos actividades. Primeramente, la organizaci\u00f3n \u00abD\u00e9couvrir ma cit\u00e9\u00bb ofreci\u00f3 una serie de visitas guiadas por el Viejo Quebec los d\u00edas 9 y 10 de septiembre a los reci\u00e9n llegados a la capital. El objetivo [&hellip;]<\/p>\n","protected":false},"author":22,"featured_media":0,"parent":0,"menu_order":15,"comment_status":"closed","ping_status":"closed","template":"","meta":{"_acf_changed":false,"footnotes":""},"acf":[],"_links":{"self":[{"href":"https:\/\/www.ovpm.org\/es\/wp-json\/wp\/v2\/pages\/33726"}],"collection":[{"href":"https:\/\/www.ovpm.org\/es\/wp-json\/wp\/v2\/pages"}],"about":[{"href":"https:\/\/www.ovpm.org\/es\/wp-json\/wp\/v2\/types\/page"}],"author":[{"embeddable":true,"href":"https:\/\/www.ovpm.org\/es\/wp-json\/wp\/v2\/users\/22"}],"replies":[{"embeddable":true,"href":"https:\/\/www.ovpm.org\/es\/wp-json\/wp\/v2\/comments?post=33726"}],"version-history":[{"count":1,"href":"https:\/\/www.ovpm.org\/es\/wp-json\/wp\/v2\/pages\/33726\/revisions"}],"predecessor-version":[{"id":33727,"href":"https:\/\/www.ovpm.org\/es\/wp-json\/wp\/v2\/pages\/33726\/revisions\/33727"}],"wp:attachment":[{"href":"https:\/\/www.ovpm.org\/es\/wp-json\/wp\/v2\/media?parent=33726"}],"curies":[{"name":"wp","href":"https:\/\/api.w.org\/{rel}","templated":true}]}}