{"id":31468,"date":"2024-03-08T14:32:49","date_gmt":"2024-03-08T14:32:49","guid":{"rendered":"https:\/\/www.ovpm.org\/?page_id=31468"},"modified":"2024-03-08T14:32:49","modified_gmt":"2024-03-08T14:32:49","slug":"subvencion-del-gobierno-de-quebec-a-la-ocpm","status":"publish","type":"page","link":"https:\/\/www.ovpm.org\/es\/subvencion-del-gobierno-de-quebec-a-la-ocpm\/","title":{"rendered":"Subvenci\u00f3n del Gobierno de Qu\u00e9bec a la OCPM"},"content":{"rendered":"<p>La Organizaci\u00f3n de las Ciudades del Patrimonio Mundial (OCPM) ha recibido una subvenci\u00f3n del <em>Minist\u00e8re des Relations internationales et de la Francophonie<\/em> (Ministerio de Relaciones Internacionales y de la Francofon\u00eda) por un importe de ciento cuarenta y ocho mil d\u00f3lares para los ejercicios 2023-2026. Esta subvenci\u00f3n, concedida en el marco de la pol\u00edtica de acogida de organizaciones internacionales del Gobierno de Qu\u00e9bec, apoya la aplicaci\u00f3n de nuestra <a href=\"https:\/\/www.ovpm.org\/es\/programa\/hoja-de-ruta-de-quebec\/\">Hoja de Ruta de Qu\u00e9bec<\/a>.<\/p>\n<p>Desde 1998, el Gobierno de Qu\u00e9bec brinda apoyo financiero a la OCPM, lo que le permite desempe\u00f1ar su funci\u00f3n esencial de promoci\u00f3n del patrimonio mundial a nivel internacional y contribuir al prestigio del Distrito Hist\u00f3rico del Viejo Qu\u00e9bec, \u00fanico sitio urbano entre los tres sitios del patrimonio mundial de Qu\u00e9bec.<\/p>\n","protected":false},"excerpt":{"rendered":"<p>La Organizaci\u00f3n de las Ciudades del Patrimonio Mundial (OCPM) ha recibido una subvenci\u00f3n del Minist\u00e8re des Relations internationales et de la Francophonie (Ministerio de Relaciones Internacionales y de la Francofon\u00eda) por un importe de ciento cuarenta y ocho mil d\u00f3lares para los ejercicios 2023-2026. Esta subvenci\u00f3n, concedida en el marco de la pol\u00edtica de acogida [&hellip;]<\/p>\n","protected":false},"author":22,"featured_media":31464,"parent":0,"menu_order":20,"comment_status":"closed","ping_status":"closed","template":"","meta":{"_acf_changed":false,"footnotes":""},"acf":[],"_links":{"self":[{"href":"https:\/\/www.ovpm.org\/es\/wp-json\/wp\/v2\/pages\/31468"}],"collection":[{"href":"https:\/\/www.ovpm.org\/es\/wp-json\/wp\/v2\/pages"}],"about":[{"href":"https:\/\/www.ovpm.org\/es\/wp-json\/wp\/v2\/types\/page"}],"author":[{"embeddable":true,"href":"https:\/\/www.ovpm.org\/es\/wp-json\/wp\/v2\/users\/22"}],"replies":[{"embeddable":true,"href":"https:\/\/www.ovpm.org\/es\/wp-json\/wp\/v2\/comments?post=31468"}],"version-history":[{"count":1,"href":"https:\/\/www.ovpm.org\/es\/wp-json\/wp\/v2\/pages\/31468\/revisions"}],"predecessor-version":[{"id":31469,"href":"https:\/\/www.ovpm.org\/es\/wp-json\/wp\/v2\/pages\/31468\/revisions\/31469"}],"wp:featuredmedia":[{"embeddable":true,"href":"https:\/\/www.ovpm.org\/es\/wp-json\/wp\/v2\/media\/31464"}],"wp:attachment":[{"href":"https:\/\/www.ovpm.org\/es\/wp-json\/wp\/v2\/media?parent=31468"}],"curies":[{"name":"wp","href":"https:\/\/api.w.org\/{rel}","templated":true}]}}