{"id":29888,"date":"2023-06-20T16:03:00","date_gmt":"2023-06-20T16:03:00","guid":{"rendered":"https:\/\/www.ovpm.org\/?page_id=29888"},"modified":"2026-03-26T16:14:57","modified_gmt":"2026-03-26T16:14:57","slug":"informacion","status":"publish","type":"page","link":"https:\/\/www.ovpm.org\/es\/congresos-mundiales\/informacion\/","title":{"rendered":"Informaci\u00f3n"},"content":{"rendered":"<h3><strong>XVIII Congreso Mundial de la Organizaci\u00f3n de Ciudades del Patrimonio Mundial, Marrakech, Marruecos, 26-29 de octubre de 2026<\/strong><\/h3>\n<h3>\u00abEl Nuevo Proyecto Urbano: hacia la habitabilidad de los centros hist\u00f3ricos\u00bb<\/h3>\n<p>Los Congresos Mundiales de la Organizaci\u00f3n de Ciudades del Patrimonio Mundial (OCPM), que se celebran cada dos a\u00f1os, son importantes eventos de intercambio, trabajo y toma de decisiones que re\u00fanen a todos los miembros.<\/p>\n<p>El XVIII Congreso en Marrakech contar\u00e1 con dos momentos principales:<\/p>\n<ul>\n<li>El Simposio, en el que se presentar\u00e1 el Nuevo Proyecto Urbano de la OCPM para los centros hist\u00f3ricos. Este programa es el resultado de varios a\u00f1os de trabajo intenso por parte de las ciudades miembros. Se trata de una contribuci\u00f3n original y espec\u00edfica de la OCPM.<\/li>\n<li>La XXIX Asamblea General de miembros de la OCPM, durante la cual las ciudades miembros deben decidir el Plan de Acci\u00f3n y el presupuesto para los pr\u00f3ximos a\u00f1os.<\/li>\n<\/ul>\n<p>Desde 2022, la OCPM lleva a cabo una importante evoluci\u00f3n con el fin de reforzar sus dimensiones pol\u00edticas y operativas. Con su Nuevo Proyecto Urbano, la OCPM desea convertirse en una plataforma de promoci\u00f3n de una visi\u00f3n de la ciudad del siglo XXI, en la que el centro hist\u00f3rico es el coraz\u00f3n cultural, social y econ\u00f3mico capaz de dar respuesta a los retos contempor\u00e1neos, <strong>teniendo como objetivo la habitabilidad<\/strong>. El Congreso de Marrakech ser\u00e1 el punto de partida de una nueva fase de cooperaci\u00f3n entre las ciudades miembros y de establecimiento de relaciones con actores internacionales comprometidos con la preservaci\u00f3n y el desarrollo de las ciudades del patrimonio mundial.<\/p>\n<p><img loading=\"lazy\" decoding=\"async\" class=\"aligncenter wp-image-36866 size-large\" src=\"https:\/\/www.ovpm.org\/wp-content\/uploads\/2026\/03\/posteresp-801x1024.jpg\" alt=\"\" width=\"801\" height=\"1024\" srcset=\"https:\/\/www.ovpm.org\/wp-content\/uploads\/2026\/03\/posteresp-801x1024.jpg 801w, https:\/\/www.ovpm.org\/wp-content\/uploads\/2026\/03\/posteresp-235x300.jpg 235w, https:\/\/www.ovpm.org\/wp-content\/uploads\/2026\/03\/posteresp-768x981.jpg 768w, https:\/\/www.ovpm.org\/wp-content\/uploads\/2026\/03\/posteresp-939x1200.jpg 939w, https:\/\/www.ovpm.org\/wp-content\/uploads\/2026\/03\/posteresp-1000x1278.jpg 1000w, https:\/\/www.ovpm.org\/wp-content\/uploads\/2026\/03\/posteresp.jpg 1080w\" sizes=\"(max-width: 801px) 100vw, 801px\" \/><\/p>\n","protected":false},"excerpt":{"rendered":"<p>XVIII Congreso Mundial de la Organizaci\u00f3n de Ciudades del Patrimonio Mundial, Marrakech, Marruecos, 26-29 de octubre de 2026 \u00abEl Nuevo Proyecto Urbano: hacia la habitabilidad de los centros hist\u00f3ricos\u00bb Los Congresos Mundiales de la Organizaci\u00f3n de Ciudades del Patrimonio Mundial (OCPM), que se celebran cada dos a\u00f1os, son importantes eventos de intercambio, trabajo y toma [&hellip;]<\/p>\n","protected":false},"author":3,"featured_media":36857,"parent":360,"menu_order":20,"comment_status":"closed","ping_status":"closed","template":"","meta":{"_acf_changed":false,"footnotes":""},"acf":[],"_links":{"self":[{"href":"https:\/\/www.ovpm.org\/es\/wp-json\/wp\/v2\/pages\/29888"}],"collection":[{"href":"https:\/\/www.ovpm.org\/es\/wp-json\/wp\/v2\/pages"}],"about":[{"href":"https:\/\/www.ovpm.org\/es\/wp-json\/wp\/v2\/types\/page"}],"author":[{"embeddable":true,"href":"https:\/\/www.ovpm.org\/es\/wp-json\/wp\/v2\/users\/3"}],"replies":[{"embeddable":true,"href":"https:\/\/www.ovpm.org\/es\/wp-json\/wp\/v2\/comments?post=29888"}],"version-history":[{"count":23,"href":"https:\/\/www.ovpm.org\/es\/wp-json\/wp\/v2\/pages\/29888\/revisions"}],"predecessor-version":[{"id":36875,"href":"https:\/\/www.ovpm.org\/es\/wp-json\/wp\/v2\/pages\/29888\/revisions\/36875"}],"up":[{"embeddable":true,"href":"https:\/\/www.ovpm.org\/es\/wp-json\/wp\/v2\/pages\/360"}],"wp:featuredmedia":[{"embeddable":true,"href":"https:\/\/www.ovpm.org\/es\/wp-json\/wp\/v2\/media\/36857"}],"wp:attachment":[{"href":"https:\/\/www.ovpm.org\/es\/wp-json\/wp\/v2\/media?parent=29888"}],"curies":[{"name":"wp","href":"https:\/\/api.w.org\/{rel}","templated":true}]}}