{"id":29864,"date":"2023-06-20T13:37:55","date_gmt":"2023-06-20T13:37:55","guid":{"rendered":"https:\/\/www.ovpm.org\/?page_id=29864"},"modified":"2023-06-21T21:41:27","modified_gmt":"2023-06-21T21:41:27","slug":"todos-los-congresos-mundiales","status":"publish","type":"page","link":"https:\/\/www.ovpm.org\/es\/congresos-mundiales\/todos-los-congresos-mundiales\/","title":{"rendered":"Todos los Congresos Mundiales"},"content":{"rendered":"<p>A continuaci\u00f3n encontrar\u00e1 una lista completa de los Congresos Mundiales de la OCPM celebrados desde 1991. Cada p\u00e1gina contiene un resumen del congreso y, para la mayor\u00eda de ellos, las actas descargables.<\/p>\n","protected":false},"excerpt":{"rendered":"<p>A continuaci\u00f3n encontrar\u00e1 una lista completa de los Congresos Mundiales de la OCPM celebrados desde 1991. Cada p\u00e1gina contiene un resumen del congreso y, para la mayor\u00eda de ellos, las actas descargables.<\/p>\n","protected":false},"author":3,"featured_media":0,"parent":360,"menu_order":39,"comment_status":"closed","ping_status":"closed","template":"page-past-congress.php","meta":{"_acf_changed":false,"footnotes":""},"acf":[],"_links":{"self":[{"href":"https:\/\/www.ovpm.org\/es\/wp-json\/wp\/v2\/pages\/29864"}],"collection":[{"href":"https:\/\/www.ovpm.org\/es\/wp-json\/wp\/v2\/pages"}],"about":[{"href":"https:\/\/www.ovpm.org\/es\/wp-json\/wp\/v2\/types\/page"}],"author":[{"embeddable":true,"href":"https:\/\/www.ovpm.org\/es\/wp-json\/wp\/v2\/users\/3"}],"replies":[{"embeddable":true,"href":"https:\/\/www.ovpm.org\/es\/wp-json\/wp\/v2\/comments?post=29864"}],"version-history":[{"count":1,"href":"https:\/\/www.ovpm.org\/es\/wp-json\/wp\/v2\/pages\/29864\/revisions"}],"predecessor-version":[{"id":29865,"href":"https:\/\/www.ovpm.org\/es\/wp-json\/wp\/v2\/pages\/29864\/revisions\/29865"}],"up":[{"embeddable":true,"href":"https:\/\/www.ovpm.org\/es\/wp-json\/wp\/v2\/pages\/360"}],"wp:attachment":[{"href":"https:\/\/www.ovpm.org\/es\/wp-json\/wp\/v2\/media?parent=29864"}],"curies":[{"name":"wp","href":"https:\/\/api.w.org\/{rel}","templated":true}]}}