{"id":29448,"date":"2023-04-27T17:03:19","date_gmt":"2023-04-27T17:03:19","guid":{"rendered":"https:\/\/www.ovpm.org\/?page_id=29448"},"modified":"2023-04-27T17:03:19","modified_gmt":"2023-04-27T17:03:19","slug":"carta-de-la-ocpm","status":"publish","type":"page","link":"https:\/\/www.ovpm.org\/es\/miembros\/carta-de-la-ocpm\/","title":{"rendered":"Carta de la OCPM"},"content":{"rendered":"<p>Los representantes de las 56 ciudades participantes en el Segundo Simposio Internacional del Patrimonio Mundial, celebrado en Fez (Marruecos) el 8 de septiembre de 1993, se reunieron en Asamblea General Constitutiva y decidieron fundar la Organizaci\u00f3n de las Ciudades del Patrimonio Mundial (OCPM). En esta ocasi\u00f3n se adopt\u00f3 la Carta de la OCPM.<\/p>\n<a href=\"https:\/\/www.ovpm.org\/wp-content\/uploads\/2018\/09\/charteesp.pdf\" class=\"button m-t-sm m-b-sm\">Carta de la OCPM<\/a>\n","protected":false},"excerpt":{"rendered":"<p>Los representantes de las 56 ciudades participantes en el Segundo Simposio Internacional del Patrimonio Mundial, celebrado en Fez (Marruecos) el 8 de septiembre de 1993, se reunieron en Asamblea General Constitutiva y decidieron fundar la Organizaci\u00f3n de las Ciudades del Patrimonio Mundial (OCPM). En esta ocasi\u00f3n se adopt\u00f3 la Carta de la OCPM.<\/p>\n","protected":false},"author":3,"featured_media":0,"parent":29418,"menu_order":52,"comment_status":"closed","ping_status":"closed","template":"","meta":{"_acf_changed":false,"footnotes":""},"acf":[],"_links":{"self":[{"href":"https:\/\/www.ovpm.org\/es\/wp-json\/wp\/v2\/pages\/29448"}],"collection":[{"href":"https:\/\/www.ovpm.org\/es\/wp-json\/wp\/v2\/pages"}],"about":[{"href":"https:\/\/www.ovpm.org\/es\/wp-json\/wp\/v2\/types\/page"}],"author":[{"embeddable":true,"href":"https:\/\/www.ovpm.org\/es\/wp-json\/wp\/v2\/users\/3"}],"replies":[{"embeddable":true,"href":"https:\/\/www.ovpm.org\/es\/wp-json\/wp\/v2\/comments?post=29448"}],"version-history":[{"count":1,"href":"https:\/\/www.ovpm.org\/es\/wp-json\/wp\/v2\/pages\/29448\/revisions"}],"predecessor-version":[{"id":29449,"href":"https:\/\/www.ovpm.org\/es\/wp-json\/wp\/v2\/pages\/29448\/revisions\/29449"}],"up":[{"embeddable":true,"href":"https:\/\/www.ovpm.org\/es\/wp-json\/wp\/v2\/pages\/29418"}],"wp:attachment":[{"href":"https:\/\/www.ovpm.org\/es\/wp-json\/wp\/v2\/media?parent=29448"}],"curies":[{"name":"wp","href":"https:\/\/api.w.org\/{rel}","templated":true}]}}