{"id":29438,"date":"2023-04-27T16:44:31","date_gmt":"2023-04-27T16:44:31","guid":{"rendered":"https:\/\/www.ovpm.org\/?page_id=29438"},"modified":"2025-05-02T13:39:38","modified_gmt":"2025-05-02T13:39:38","slug":"derechos-y-privilegios","status":"publish","type":"page","link":"https:\/\/www.ovpm.org\/es\/miembros\/derechos-y-privilegios\/","title":{"rendered":"Derechos y privilegios"},"content":{"rendered":"<p>Cualquier ciudad que desee ser miembro en regla de la OCPM (que sea miembro o miembro observador), debe pagar una cuota anual de membres\u00eda, en cuyo caso beneficiar\u00e1 de los servicios siguientes, ofrecidos a cada categor\u00eda de miembro:<\/p>\n<p><object data=\"https:\/\/www.ovpm.org\/wp-content\/uploads\/2024\/11\/servicios-y-privelegios-para-miembros2024esp.pdf\" type=\"application\/pdf\" width=\"100%\" height=\"600\"><span data-mce-type=\"bookmark\" style=\"display: inline-block; width: 0px; overflow: hidden; line-height: 0;\" class=\"mce_SELRES_start\">\ufeff<\/span><embed src=\"https:\/\/www.ovpm.org\/wp-content\/uploads\/2024\/11\/servicios-y-privelegios-para-miembros2024esp.pdf\" type=\"application\/pdf\" style=\"width: 100%;\" \/><span data-mce-type=\"bookmark\" style=\"display: inline-block; width: 0px; overflow: hidden; line-height: 0;\" class=\"mce_SELRES_end\">\ufeff<\/span><\/object><\/p>\n<hr \/>\n<h3>Cuota anual<\/h3>\n<p>Las cuotas de las ciudades de la OCPM se determinan de la siguiente manera:<\/p>\n<table style=\"height: 127px;\" width=\"457\">\n<tbody>\n<tr>\n<td width=\"427\"><strong>F\u00f3rmula<\/strong>:<\/td>\n<\/tr>\n<tr>\n<td width=\"427\">Cuota = <strong>parte variable\u00a0<\/strong>[INB \/c\u00e1pita x poblaci\u00f3n \/1.000.000] + <strong>parte fija<\/strong><\/td>\n<\/tr>\n<\/tbody>\n<\/table>\n<p>La <strong><u>parte variable<\/u><\/strong> se determina con la f\u00f3rmula [<strong><u>INB\/c\u00e1pita<\/u> <\/strong>x<strong> <u>poblaci\u00f3n<\/u><\/strong><u>\/<strong>1.000.000<\/strong>]<\/u><\/p>\n<p>Los datos de la <strong>INB\/c\u00e1pita<\/strong> son determinados por el Banco Mundial. Se trata de datos comparables entre todos los pa\u00edses y que son determinados por expertos del Banco Mundial. Los datos sobre la <strong>poblaci\u00f3n <\/strong>se actualizan a partir de la base de datos en l\u00ednea <em>CityPopulation.de <\/em>o Wikipedia, que proporciona estad\u00edsticas para las principales ciudades y aglomeraciones del mundo.<\/p>\n<p>La <strong><u>parte fija<\/u><\/strong>, por otro lado, es la misma para todas las ciudades que pertenezcan a la misma categor\u00eda.<\/p>\n<p>Dichas categor\u00edas se basan tambi\u00e9n en la INB\/c\u00e1pita, y son numeradas de 1 a 4, por orden creciente de los ingresos nacionales (ver el cuadro a continuaci\u00f3n). As\u00ed pues, una ciudad de categor\u00eda 4 tendr\u00e1 una parte fija m\u00e1s elevada que aqu\u00e9lla de categor\u00eda 1. Estas categor\u00edas son aqu\u00e9llas identificadas por el Banco Mundial.<\/p>\n<table style=\"height: 222px;\" width=\"757\">\n<tbody>\n<tr>\n<td colspan=\"4\" width=\"576\"><strong>Categor\u00edas con arreglo a la INB\/c\u00e1pita (en d\u00f3lares estadounidenses corrientes):<\/strong><\/td>\n<\/tr>\n<tr>\n<td width=\"54\"><\/td>\n<td width=\"252\"><\/td>\n<td width=\"185\"><u>INB\/c\u00e1pita<br \/>\n<\/u><em>Fuente: Banco Mundial<\/em><\/td>\n<td width=\"85\"><u>Parte fija<\/u><\/td>\n<\/tr>\n<tr>\n<td width=\"54\">Cat. 1<\/td>\n<td width=\"252\">Renta baja<\/td>\n<td width=\"185\">\u2264 1,135 d\u00f3lares<\/td>\n<td width=\"85\">500 d\u00f3l.<\/td>\n<\/tr>\n<tr>\n<td width=\"54\">Cat. 2<\/td>\n<td width=\"252\">Renta intermedia del sector inferior<\/td>\n<td width=\"185\">\u2265 1,136 y \u2264 4,465 d\u00f3l.<\/td>\n<td width=\"85\">750 d\u00f3l.<\/td>\n<\/tr>\n<tr>\n<td width=\"54\">Cat. 3<\/td>\n<td width=\"252\">Renta intermedia del sector superior<\/td>\n<td width=\"185\">\u2265 4,466 y \u2264 13,845 d\u00f3l.<\/td>\n<td width=\"85\">1.000 d\u00f3l.<\/td>\n<\/tr>\n<tr>\n<td width=\"54\">Cat. 4<\/td>\n<td width=\"252\">Renta elevada<\/td>\n<td width=\"185\">\u2265 13,845 d\u00f3lares<\/td>\n<td width=\"85\">2.000 d\u00f3l.<\/td>\n<\/tr>\n<\/tbody>\n<\/table>\n","protected":false},"excerpt":{"rendered":"<p>Cualquier ciudad que desee ser miembro en regla de la OCPM (que sea miembro o miembro observador), debe pagar una cuota anual de membres\u00eda, en cuyo caso beneficiar\u00e1 de los servicios siguientes, ofrecidos a cada categor\u00eda de miembro: \ufeff\ufeff Cuota anual Las cuotas de las ciudades de la OCPM se determinan de la siguiente manera: [&hellip;]<\/p>\n","protected":false},"author":3,"featured_media":0,"parent":29418,"menu_order":49,"comment_status":"closed","ping_status":"closed","template":"","meta":{"_acf_changed":false,"footnotes":""},"acf":[],"_links":{"self":[{"href":"https:\/\/www.ovpm.org\/es\/wp-json\/wp\/v2\/pages\/29438"}],"collection":[{"href":"https:\/\/www.ovpm.org\/es\/wp-json\/wp\/v2\/pages"}],"about":[{"href":"https:\/\/www.ovpm.org\/es\/wp-json\/wp\/v2\/types\/page"}],"author":[{"embeddable":true,"href":"https:\/\/www.ovpm.org\/es\/wp-json\/wp\/v2\/users\/3"}],"replies":[{"embeddable":true,"href":"https:\/\/www.ovpm.org\/es\/wp-json\/wp\/v2\/comments?post=29438"}],"version-history":[{"count":5,"href":"https:\/\/www.ovpm.org\/es\/wp-json\/wp\/v2\/pages\/29438\/revisions"}],"predecessor-version":[{"id":34952,"href":"https:\/\/www.ovpm.org\/es\/wp-json\/wp\/v2\/pages\/29438\/revisions\/34952"}],"up":[{"embeddable":true,"href":"https:\/\/www.ovpm.org\/es\/wp-json\/wp\/v2\/pages\/29418"}],"wp:attachment":[{"href":"https:\/\/www.ovpm.org\/es\/wp-json\/wp\/v2\/media?parent=29438"}],"curies":[{"name":"wp","href":"https:\/\/api.w.org\/{rel}","templated":true}]}}