{"id":29418,"date":"2023-04-27T16:18:24","date_gmt":"2023-04-27T16:18:24","guid":{"rendered":"https:\/\/www.ovpm.org\/?page_id=29418"},"modified":"2023-04-27T17:14:56","modified_gmt":"2023-04-27T17:14:56","slug":"miembros","status":"publish","type":"page","link":"https:\/\/www.ovpm.org\/es\/miembros\/","title":{"rendered":"Miembros"},"content":{"rendered":"<p>La OCPM est\u00e1 conectada con m\u00e1s de 200 ciudades de todo el mundo que tienen en su territorio un sitio inscrito en la Lista del Patrimonio Mundial de la UNESCO.<\/p>\n<p>La adhesi\u00f3n a la OCPM est\u00e1 abierta a cualquier ciudad que tenga en su territorio un sitio que represente un conjunto urbano vivo o un bien dentro de un contexto urbano inscrito en la Lista del Patrimonio Mundial, cuyo Valor Universal Excepcional (VUE) sea reconocido por el Comit\u00e9 del Patrimonio Mundial de la UNESCO y cumpla por lo menos uno de los criterios (i) (ii) (iii) (iv) (v) o (vi) de la Convenci\u00f3n sobre la Protecci\u00f3n del Patrimonio Mundial Cultural y Natural.<\/p>\n<p>Las ciudades que deseen convertirse en miembros deben confirmar que se adhieren a los valores de la OCPM tal y como se establecen en la <a href=\"https:\/\/www.ovpm.org\/es\/miembros\/carta-de-la-ocpm\/\">Carta de la OCPM<\/a>.<\/p>\n<p>Consulte las p\u00e1ginas siguientes para saber m\u00e1s sobre la lista de miembros, sus derechos y privilegios y c\u00f3mo volverse miembro.<\/p>\n","protected":false},"excerpt":{"rendered":"<p>La OCPM est\u00e1 conectada con m\u00e1s de 200 ciudades de todo el mundo que tienen en su territorio un sitio inscrito en la Lista del Patrimonio Mundial de la UNESCO. La adhesi\u00f3n a la OCPM est\u00e1 abierta a cualquier ciudad que tenga en su territorio un sitio que represente un conjunto urbano vivo o un [&hellip;]<\/p>\n","protected":false},"author":3,"featured_media":0,"parent":0,"menu_order":46,"comment_status":"closed","ping_status":"closed","template":"","meta":{"_acf_changed":false,"footnotes":""},"acf":[],"_links":{"self":[{"href":"https:\/\/www.ovpm.org\/es\/wp-json\/wp\/v2\/pages\/29418"}],"collection":[{"href":"https:\/\/www.ovpm.org\/es\/wp-json\/wp\/v2\/pages"}],"about":[{"href":"https:\/\/www.ovpm.org\/es\/wp-json\/wp\/v2\/types\/page"}],"author":[{"embeddable":true,"href":"https:\/\/www.ovpm.org\/es\/wp-json\/wp\/v2\/users\/3"}],"replies":[{"embeddable":true,"href":"https:\/\/www.ovpm.org\/es\/wp-json\/wp\/v2\/comments?post=29418"}],"version-history":[{"count":2,"href":"https:\/\/www.ovpm.org\/es\/wp-json\/wp\/v2\/pages\/29418\/revisions"}],"predecessor-version":[{"id":29453,"href":"https:\/\/www.ovpm.org\/es\/wp-json\/wp\/v2\/pages\/29418\/revisions\/29453"}],"wp:attachment":[{"href":"https:\/\/www.ovpm.org\/es\/wp-json\/wp\/v2\/media?parent=29418"}],"curies":[{"name":"wp","href":"https:\/\/api.w.org\/{rel}","templated":true}]}}