{"id":29393,"date":"2023-04-25T18:26:10","date_gmt":"2023-04-25T18:26:10","guid":{"rendered":"https:\/\/www.ovpm.org\/?page_id=29393"},"modified":"2023-04-25T18:26:10","modified_gmt":"2023-04-25T18:26:10","slug":"gobernanza","status":"publish","type":"page","link":"https:\/\/www.ovpm.org\/es\/gobernanza\/","title":{"rendered":"Gobernanza"},"content":{"rendered":"<p>La Organizaci\u00f3n de las Ciudades del Patrimonio Mundial (OCPM) est\u00e1 regida por su Asamblea General, compuesta por los alcaldes de las Ciudades del Patrimonio Mundial que han pagado sus cuotas anuales. La Organizaci\u00f3n est\u00e1 dirigida por un Consejo de Administraci\u00f3n compuesto por ocho (8) Alcaldes elegidos por la Asamblea General.<\/p>\n<p>Consulte las p\u00e1ginas siguientes para saber m\u00e1s sobre la Asamblea General, el Reglamento General y el Consejo de Administraci\u00f3n de la OCPM.<\/p>\n","protected":false},"excerpt":{"rendered":"<p>La Organizaci\u00f3n de las Ciudades del Patrimonio Mundial (OCPM) est\u00e1 regida por su Asamblea General, compuesta por los alcaldes de las Ciudades del Patrimonio Mundial que han pagado sus cuotas anuales. La Organizaci\u00f3n est\u00e1 dirigida por un Consejo de Administraci\u00f3n compuesto por ocho (8) Alcaldes elegidos por la Asamblea General. Consulte las p\u00e1ginas siguientes para [&hellip;]<\/p>\n","protected":false},"author":3,"featured_media":0,"parent":0,"menu_order":57,"comment_status":"closed","ping_status":"closed","template":"","meta":{"_acf_changed":false,"footnotes":""},"acf":[],"_links":{"self":[{"href":"https:\/\/www.ovpm.org\/es\/wp-json\/wp\/v2\/pages\/29393"}],"collection":[{"href":"https:\/\/www.ovpm.org\/es\/wp-json\/wp\/v2\/pages"}],"about":[{"href":"https:\/\/www.ovpm.org\/es\/wp-json\/wp\/v2\/types\/page"}],"author":[{"embeddable":true,"href":"https:\/\/www.ovpm.org\/es\/wp-json\/wp\/v2\/users\/3"}],"replies":[{"embeddable":true,"href":"https:\/\/www.ovpm.org\/es\/wp-json\/wp\/v2\/comments?post=29393"}],"version-history":[{"count":1,"href":"https:\/\/www.ovpm.org\/es\/wp-json\/wp\/v2\/pages\/29393\/revisions"}],"predecessor-version":[{"id":29394,"href":"https:\/\/www.ovpm.org\/es\/wp-json\/wp\/v2\/pages\/29393\/revisions\/29394"}],"wp:attachment":[{"href":"https:\/\/www.ovpm.org\/es\/wp-json\/wp\/v2\/media?parent=29393"}],"curies":[{"name":"wp","href":"https:\/\/api.w.org\/{rel}","templated":true}]}}