{"id":26495,"date":"2022-02-22T01:31:05","date_gmt":"2022-02-22T01:31:05","guid":{"rendered":"https:\/\/www.ovpm.org\/?page_id=26495"},"modified":"2022-02-22T01:31:50","modified_gmt":"2022-02-22T01:31:50","slug":"camino-a-quebec-lanzamiento-de-los-5-talleres-tematicos-inscripcion-abiert","status":"publish","type":"page","link":"https:\/\/www.ovpm.org\/es\/camino-a-quebec-lanzamiento-de-los-5-talleres-tematicos-inscripcion-abiert\/","title":{"rendered":"\u00abCamino a Quebec\u00bb: Lanzamiento de los 5 talleres tem\u00e1ticos &#8211; \u00a1Inscripci\u00f3n abiert"},"content":{"rendered":"<p>Ha llegado el momento de inscribirse en los talleres tem\u00e1ticos que pondr\u00e1n en marcha la preparaci\u00f3n del 16\u00ba Congreso Mundial de la OCPM. Los talleres tienen como objetivo principal movilizar la experticia de la OCPM mediante la participaci\u00f3n de expertos de las ciudades miembros. \u00a1Le corresponde a usted desarrollar el contenido del Congreso!<\/p>\n<p>Durante los talleres tem\u00e1ticos, se invita a los participantes a proponer las \u00aborientaciones principales\u00bb que deber\u00e1n guiar a las ciudades miembros de la OCPM hacia su desarrollo. Estas orientaciones deben responder a los retos que plantean los actuales cambios de paradigma \u2013 la pandemia mundial, la emergencia clim\u00e1tica y la disrupci\u00f3n econ\u00f3mica &#8211; y sugerir nuevas estrategias.<\/p>\n<p>Antes de confirmar su inscripci\u00f3n, lea el <a href=\"https:\/\/www.ovpm.org\/es\/?page_id=20216\">concepto general del congreso<\/a> y la idea detr\u00e1s de los <a href=\"https:\/\/www.ovpm.org\/es\/?page_id=26332\">talleres tem\u00e1ticos<\/a> para saber m\u00e1s sobre los mismos.<\/p>\n<p>Cada uno de los 5 talleres se desarrollar\u00e1 sucesivamente en las tres lenguas de trabajo de la Organizaci\u00f3n (franc\u00e9s, ingl\u00e9s y espa\u00f1ol) en las siguientes fechas:<\/p>\n<p><a href=\"https:\/\/www.ovpm.org\/wp-content\/uploads\/2022\/02\/calendrierspa-1.png\"><img loading=\"lazy\" decoding=\"async\" class=\"alignnone wp-image-26469 size-full\" src=\"https:\/\/www.ovpm.org\/wp-content\/uploads\/2022\/02\/calendrierspa-1.png\" alt=\"\" width=\"3840\" height=\"2160\" srcset=\"https:\/\/www.ovpm.org\/wp-content\/uploads\/2022\/02\/calendrierspa-1.png 3840w, https:\/\/www.ovpm.org\/wp-content\/uploads\/2022\/02\/calendrierspa-1-300x169.png 300w, https:\/\/www.ovpm.org\/wp-content\/uploads\/2022\/02\/calendrierspa-1-768x432.png 768w, https:\/\/www.ovpm.org\/wp-content\/uploads\/2022\/02\/calendrierspa-1-1024x576.png 1024w, https:\/\/www.ovpm.org\/wp-content\/uploads\/2022\/02\/calendrierspa-1-1200x675.png 1200w\" sizes=\"(max-width: 3840px) 100vw, 3840px\" \/><\/a><\/p>\n<p>Siga el siguiente enlace para conocer los detalles de los talleres e inscribirse.<\/p>\n<a href=\"https:\/\/www.ovpm.org\/es\/congresos-mundiales\/inscripcion-talleres-tematicos\/\" class=\"button m-t-sm m-b-sm\">Inscripci\u00f3n y detalles sobre los talleres tem\u00e1ticos<\/a>\n<hr \/>\n<p><strong>A seguir: Su preparaci\u00f3n para los talleres<\/strong><\/p>\n<p>\u00abDirectrices\u00bb ser\u00e1n enviadas a los expertos que se inscribir\u00e1n de modo a ayudarlos a prepararse para los talleres.<\/p>\n<p>A m\u00e1s tardar una semana antes del taller, los participantes recibir\u00e1n un \u00abcuaderno de trabajo del taller\u00bb. Esta carpeta de trabajo contendr\u00e1:<\/p>\n<ul>\n<li>un documento introductorio sobre el tema;<\/li>\n<li>iniciativas innovadoras llevadas a cabo en nuestras ciudades miembro como base para el debate;<\/li>\n<li>una serie de preguntas espec\u00edficas las cuales guiar\u00e1n el debate;<\/li>\n<li>un cuadro para que los participantes escriban sus ideas de antemano o tomen notas durante el taller.<\/li>\n<\/ul>\n<p><strong>\u00a1SU PARTICIPACI\u00d3N ES CRUCIAL! Todas las ciudades miembros de la OCPM est\u00e1n invitadas a proponer uno o m\u00e1s expertos para participar en esta serie de talleres. <\/strong><\/p>\n<p>Para cualquier pregunta sobre los talleres, entre en contacto con Andr\u00e9anne Charest: <a href=\"mailto:acharest@ovpm.org\">acharest@ovpm.org<\/a><\/p>\n","protected":false},"excerpt":{"rendered":"<p>Ha llegado el momento de inscribirse en los talleres tem\u00e1ticos que pondr\u00e1n en marcha la preparaci\u00f3n del 16\u00ba Congreso Mundial de la OCPM. Los talleres tienen como objetivo principal movilizar la experticia de la OCPM mediante la participaci\u00f3n de expertos de las ciudades miembros. \u00a1Le corresponde a usted desarrollar el contenido del Congreso! Durante los [&hellip;]<\/p>\n","protected":false},"author":3,"featured_media":26491,"parent":0,"menu_order":74,"comment_status":"closed","ping_status":"closed","template":"","meta":{"_acf_changed":false,"footnotes":""},"acf":[],"_links":{"self":[{"href":"https:\/\/www.ovpm.org\/es\/wp-json\/wp\/v2\/pages\/26495"}],"collection":[{"href":"https:\/\/www.ovpm.org\/es\/wp-json\/wp\/v2\/pages"}],"about":[{"href":"https:\/\/www.ovpm.org\/es\/wp-json\/wp\/v2\/types\/page"}],"author":[{"embeddable":true,"href":"https:\/\/www.ovpm.org\/es\/wp-json\/wp\/v2\/users\/3"}],"replies":[{"embeddable":true,"href":"https:\/\/www.ovpm.org\/es\/wp-json\/wp\/v2\/comments?post=26495"}],"version-history":[{"count":2,"href":"https:\/\/www.ovpm.org\/es\/wp-json\/wp\/v2\/pages\/26495\/revisions"}],"predecessor-version":[{"id":26497,"href":"https:\/\/www.ovpm.org\/es\/wp-json\/wp\/v2\/pages\/26495\/revisions\/26497"}],"wp:featuredmedia":[{"embeddable":true,"href":"https:\/\/www.ovpm.org\/es\/wp-json\/wp\/v2\/media\/26491"}],"wp:attachment":[{"href":"https:\/\/www.ovpm.org\/es\/wp-json\/wp\/v2\/media?parent=26495"}],"curies":[{"name":"wp","href":"https:\/\/api.w.org\/{rel}","templated":true}]}}