{"id":26411,"date":"2022-02-17T01:32:36","date_gmt":"2022-02-17T01:32:36","guid":{"rendered":"https:\/\/www.ovpm.org\/?page_id=26411"},"modified":"2022-04-25T19:28:41","modified_gmt":"2022-04-25T19:28:41","slug":"resumen-talleres-tematicos","status":"publish","type":"page","link":"https:\/\/www.ovpm.org\/es\/congresos-mundiales\/camino-a-cordoba\/resumen-talleres-tematicos\/","title":{"rendered":"Resumen de los talleres tem\u00e1ticos"},"content":{"rendered":"<h2>Resumen de los talleres tem\u00e1ticos<\/h2>\n<p>Los 15 talleres tem\u00e1ticos celebrados en el marco del \u00abCamino a Quebec\u00bb entre el 14 de marzo y el 1 de abril reunieron a 133 gestores y expertos en patrimonio de 42 ciudades miembros de la OCPM procedentes de 25 pa\u00edses diferentes de todo el mundo.<\/p>\n<p>9 expertos lideres y 24 moderadores y relatores colaboraron con la Secretar\u00eda General de la OCPM abordando 5 temas principales: la transformaci\u00f3n de los espacios p\u00fablicos, la valorizaci\u00f3n de los espacios residenciales, la evoluci\u00f3n de la movilidad, la adaptabilidad del patrimonio construido y la afirmaci\u00f3n de una nueva gobernanza.<\/p>\n<p>Los talleres destacaron no s\u00f3lo las acciones e iniciativas que se est\u00e1n llevando a cabo actualmente en las ciudades miembros de la OCPM, sino tambi\u00e9n sus necesidades y desaf\u00edos. Los participantes tambi\u00e9n abordaron posibles estrategias globales que puedan contribuir tanto a la conservaci\u00f3n como al desarrollo urbano y econ\u00f3mico de sus Ciudades del Patrimonio Mundial.<\/p>\n<p>La etapa tem\u00e1tica del \u00abCamino a Quebec\u00bb se completar\u00e1 con la difusi\u00f3n de una s\u00edntesis de los resultados de los 15 talleres tem\u00e1ticos. Los \u00abejes estrat\u00e9gicos\u00bb transversales que surgir\u00e1n de la s\u00edntesis dar\u00e1n paso a la segunda etapa del proceso, destinada a identificar los objetivos operativos prioritarios. Esta se implementar\u00e1 en la forma de consultaciones escritas inclusivas que se enviar\u00e1n a todas las ciudades miembros a principios de mayo.<\/p>\n<p>Cada uno de los 5 talleres se desarroll\u00f3 sucesivamente en las tres lenguas de trabajo de la Organizaci\u00f3n (franc\u00e9s, ingl\u00e9s y espa\u00f1ol) en las siguientes fechas (haga clic en la imagen para agrandarla):<\/p>\n<p><a href=\"https:\/\/www.ovpm.org\/wp-content\/uploads\/2022\/02\/calendrierspa-3.png\"><img loading=\"lazy\" decoding=\"async\" class=\"alignnone wp-image-26665 size-large\" src=\"https:\/\/www.ovpm.org\/wp-content\/uploads\/2022\/02\/calendrierspa-3-1024x576.png\" alt=\"\" width=\"1024\" height=\"576\" srcset=\"https:\/\/www.ovpm.org\/wp-content\/uploads\/2022\/02\/calendrierspa-3-1024x576.png 1024w, https:\/\/www.ovpm.org\/wp-content\/uploads\/2022\/02\/calendrierspa-3-300x169.png 300w, https:\/\/www.ovpm.org\/wp-content\/uploads\/2022\/02\/calendrierspa-3-768x432.png 768w, https:\/\/www.ovpm.org\/wp-content\/uploads\/2022\/02\/calendrierspa-3-1200x675.png 1200w\" sizes=\"(max-width: 1024px) 100vw, 1024px\" \/><\/a><\/p>\n<hr \/>\n<h3>Descripci\u00f3n de los talleres y expertos participantes<\/h3>\n<h4><strong>TEMA 1 \u2013 LA TRANSFORMACI\u00d3N DE LOS ESPACIOS P\u00daBLICOS<\/strong><\/h4>\n<p>Las ciudades hist\u00f3ricas son ricas en espacios p\u00fablicos tales como parques, jardines, plazas, explanadas, calles sociables o comerciales, y lugares conmemorativos. Estos claramente son elementos estructurales, pero su valor patrimonial y funcional se ha visto perturbado, incluso desnaturalizado, por usos contempor\u00e1neos como la circulaci\u00f3n de autom\u00f3viles y estacionamientos. Adem\u00e1s, las calles peatonales o compartidas, con suelos pavimentados, captan el calor y no son suficientemente permeables para garantizar la filtraci\u00f3n y el flujo de las aguas.<\/p>\n<p>El reto ser\u00e1 adaptar y reconsiderar estos espacios para darles un rol estructurante en la organizaci\u00f3n de las nuevas necesidades de proximidad (espacio residencial) de los habitantes y para atenuar los impactos del cambio clim\u00e1tico.<\/p>\n<h3><em>TALLER 1 \u2013 RESTAURAR LA CALIDAD URBANA DE LOS ESPACIOS P\u00daBLICOS Y HACERLOS COMPATIBLES CON EL CAMBIO CLIM\u00c1TICO<\/em><\/h3>\n<ul>\n<li>\u00bfC\u00f3mo adaptar estos espacios a las nuevas funcionalidades (espacios compartidos, mixtos comerciales\/culturales, privados) y a las nuevas pr\u00e1cticas de usos colectivos al mismo tiempo que se les da un papel estructurante en los diferentes niveles de la ciudad (cuadra, barrio, centro, periferia)?<\/li>\n<li>\u00bfC\u00f3mo articular los espacios p\u00fablicos de manera m\u00e1s particular con el desarrollo del espacio residencial y la evoluci\u00f3n del transporte?<\/li>\n<\/ul>\n<div class=\"section grid col-12\" style=\"margin-left: -1rem; margin-right: -1rem;\"><div class=\"col-6 col--sm-12 grid wysiwyg p-l-xsm p-r-xsm m-b-xsm\"><\/p>\n<p><figure id=\"attachment_26790\" aria-describedby=\"caption-attachment-26790\" style=\"width: 278px\" class=\"wp-caption alignnone\"><img loading=\"lazy\" decoding=\"async\" class=\"size-medium wp-image-26790\" src=\"https:\/\/www.ovpm.org\/wp-content\/uploads\/2022\/03\/foto-mia-para-quebec-002-e1647014416641-278x300.jpg\" alt=\"\" width=\"278\" height=\"300\" srcset=\"https:\/\/www.ovpm.org\/wp-content\/uploads\/2022\/03\/foto-mia-para-quebec-002-e1647014416641-278x300.jpg 278w, https:\/\/www.ovpm.org\/wp-content\/uploads\/2022\/03\/foto-mia-para-quebec-002-e1647014416641.jpg 386w\" sizes=\"(max-width: 278px) 100vw, 278px\" \/><figcaption id=\"caption-attachment-26790\" class=\"wp-caption-text\"><strong>Experto l\u00edder y relator<\/strong><br \/><strong>\u00c1lvaro G\u00f3mez Ferrer<\/strong><br \/>Doctor en Arquitectura<br \/>Presidente de honor del Consejo Europeo de Urbanistas y vicepresidente de la Real Academia de Bellas Artes de San Carlos de Valencia<\/figcaption><\/figure><\/p>\n<p><\/div><div class=\"col-6 col--sm-12 grid wysiwyg p-l-xsm p-r-xsm m-b-xsm\"><\/p>\n<p><figure id=\"attachment_26796\" aria-describedby=\"caption-attachment-26796\" style=\"width: 218px\" class=\"wp-caption alignnone\"><img loading=\"lazy\" decoding=\"async\" class=\"size-medium wp-image-26796\" src=\"https:\/\/www.ovpm.org\/wp-content\/uploads\/2022\/03\/carlos1-1-218x300.jpg\" alt=\"\" width=\"218\" height=\"300\" \/><figcaption id=\"caption-attachment-26796\" class=\"wp-caption-text\"><strong>Moderador<\/strong><br \/><strong>Carlos Hiriart Pardo<\/strong><br \/>Doctor en Arquitectura<br \/>Profesor Investigador en la Facultad de Arquitectura de la UMSNH<\/figcaption><\/figure><\/p>\n<p><\/div><\/div>\n<h4><strong>TEMA 2 \u2013 LA VALORIZACI\u00d3N DE LOS ESPACIOS RESIDENCIALES<\/strong><\/h4>\n<p>La valorizaci\u00f3n del espacio residencial, soporte privilegiado de la vida cotidiana, pero a menudo penalizado por la depreciaci\u00f3n o la gentrificaci\u00f3n de las viviendas, implica cuestionarse sobre las maneras de convertir este espacio a la convivencia, a hacerlo habitable, donde est\u00e9n presentes todas las comodidades y donde se desarrolle una verdadera vida comunitaria.<\/p>\n<h3><em>TALLER 2 \u2013 FAVORECER LA VIDA SOCIAL A TRAV\u00c9S DE UNA RED DE SERVICIOS LOCALES<\/em><\/h3>\n<ul>\n<li>\u00bfC\u00f3mo valorizar el espacio residencial para recuperar la \u00abciudad de proximidad\u00bb, centrada en una vida colectiva?<\/li>\n<li>\u00bfC\u00f3mo mejorar la comodidad y la sociabilidad de estos espacios mediante una estrategia de creaci\u00f3n de espacios verdes en los diferentes niveles de vida social?<\/li>\n<\/ul>\n<p><img loading=\"lazy\" decoding=\"async\" class=\"alignleft wp-image-26806\" src=\"https:\/\/www.ovpm.org\/wp-content\/uploads\/2022\/03\/mrivasc-1-150x150.jpg\" alt=\"\" width=\"190\" height=\"208\" srcset=\"https:\/\/www.ovpm.org\/wp-content\/uploads\/2022\/03\/mrivasc-1-274x300.jpg 274w, https:\/\/www.ovpm.org\/wp-content\/uploads\/2022\/03\/mrivasc-1-768x840.jpg 768w, https:\/\/www.ovpm.org\/wp-content\/uploads\/2022\/03\/mrivasc-1-936x1024.jpg 936w, https:\/\/www.ovpm.org\/wp-content\/uploads\/2022\/03\/mrivasc-1-1097x1200.jpg 1097w, https:\/\/www.ovpm.org\/wp-content\/uploads\/2022\/03\/mrivasc-1.jpg 1926w\" sizes=\"(max-width: 190px) 100vw, 190px\" \/><\/p>\n<p><strong>Experto L\u00edder, Moderador y Relator<\/strong><br \/>\n<strong>Miguel Rivas<br \/>\n<\/strong><em>Socio de TASO, equipo consultor en desarrollo econ\u00f3mico y pol\u00edticas urbanas innovadoras.<br \/>\n<\/em><em>Experto principal de KAIR\u00d3S &#8211; Heritage as Urban Regeneration, a trav\u00e9s del programa URBACT<\/em><\/p>\n<p>&nbsp;<\/p>\n<h4><strong>TEMA 3 \u2013 LA EVOLUCI\u00d3N DE LA MOVILIDAD<\/strong><\/h4>\n<p>El lugar que ocupa el autom\u00f3vil en la vida cotidiana y los temas de accesibilidad han influenciado en gran medida la planificaci\u00f3n de la ciudad. La adaptaci\u00f3n a las nuevas formas de trabajo, como el teletrabajo, as\u00ed como la b\u00fasqueda por lugares tranquilos y seguros, implican pensar de otra manera sobre las necesidades de desplazamientos y son, a la luz del cambio clim\u00e1tico, una oportunidad para reconsiderar la funcionalidad urbana.<\/p>\n<h3><em>TALLER 3 \u2013 FAVORECER LAS NUEVAS FORMAS DE DESPLAZAMIENTO EN EL CUADRO DE UN USO COMPARTIDO DEL ESPACIO P\u00daBLICO<\/em><\/h3>\n<ul>\n<li>\u00bfC\u00f3mo podemos organizar de forma eficaz los cambios en el modo de desplazamiento en funci\u00f3n de las l\u00f3gicas de recorrido (acceso al centro urbano, relaci\u00f3n domicilio-trabajo, \u00e1rea residencial, entre otros)?<\/li>\n<li>\u00bfQu\u00e9 consecuencias pueden tener las nuevas formas de desplazamiento sobre la planificaci\u00f3n o utilizaci\u00f3n del espacio p\u00fablico?<\/li>\n<\/ul>\n<p>Los expertos de la RED SIMUS actuan como <strong>expertos l\u00edderes, moderadores y relatores<\/strong> de este taller:<\/p>\n<div class=\"section grid col-12\" style=\"margin-left: -1rem; margin-right: -1rem;\"><div class=\"col-6 col--sm-12 grid wysiwyg p-l-xsm p-r-xsm m-b-xsm\"><\/p>\n<p><figure id=\"attachment_26869\" aria-describedby=\"caption-attachment-26869\" style=\"width: 300px\" class=\"wp-caption alignnone\"><img loading=\"lazy\" decoding=\"async\" class=\"size-medium wp-image-26869\" src=\"https:\/\/www.ovpm.org\/wp-content\/uploads\/2022\/03\/martha-lucia-gutierrez-300x246.png\" alt=\"\" width=\"300\" height=\"246\" srcset=\"https:\/\/www.ovpm.org\/wp-content\/uploads\/2022\/03\/martha-lucia-gutierrez-300x246.png 300w, https:\/\/www.ovpm.org\/wp-content\/uploads\/2022\/03\/martha-lucia-gutierrez.png 765w\" sizes=\"(max-width: 300px) 100vw, 300px\" \/><figcaption id=\"caption-attachment-26869\" class=\"wp-caption-text\"><strong>Martha Luc\u00eda Guti\u00e9rrez<\/strong><br \/>Secretaria General<br \/>RED SIMUS<\/figcaption><\/figure><\/p>\n<p><\/div><div class=\"col-6 col--sm-12 grid wysiwyg p-l-xsm p-r-xsm m-b-xsm\"><\/p>\n<p><figure id=\"attachment_26872\" aria-describedby=\"caption-attachment-26872\" style=\"width: 300px\" class=\"wp-caption alignnone\"><img loading=\"lazy\" decoding=\"async\" class=\"size-medium wp-image-26872\" src=\"https:\/\/www.ovpm.org\/wp-content\/uploads\/2022\/03\/dario-cardona-sosa-300x200.jpg\" alt=\"\" width=\"300\" height=\"200\" srcset=\"https:\/\/www.ovpm.org\/wp-content\/uploads\/2022\/03\/dario-cardona-sosa-300x200.jpg 300w, https:\/\/www.ovpm.org\/wp-content\/uploads\/2022\/03\/dario-cardona-sosa-768x511.jpg 768w, https:\/\/www.ovpm.org\/wp-content\/uploads\/2022\/03\/dario-cardona-sosa-1024x682.jpg 1024w, https:\/\/www.ovpm.org\/wp-content\/uploads\/2022\/03\/dario-cardona-sosa-1200x799.jpg 1200w, https:\/\/www.ovpm.org\/wp-content\/uploads\/2022\/03\/dario-cardona-sosa.jpg 1280w\" sizes=\"(max-width: 300px) 100vw, 300px\" \/><figcaption id=\"caption-attachment-26872\" class=\"wp-caption-text\"><strong>Dar\u00edo Cardona Sosa<\/strong><br \/>Project manager<br \/>RED SIMUS<\/figcaption><\/figure><\/p>\n<p><\/div><\/div>\n<h4><strong>TEMA 4 \u2013 LA ADAPTABILIDAD DEL PATRIMONIO EDIFICADO<\/strong><\/h4>\n<p>A menudo el patrimonio edificado y la ciudad hist\u00f3rica sufren problemas que conducen a su degradaci\u00f3n tales como desapego de las unidades habitacionales que ya no responden a los est\u00e1ndares contempor\u00e1neos, ausencia de mantenimiento, restauraci\u00f3n mediocre y sobredensificaci\u00f3n inapropiada. Las caracter\u00edsticas demogr\u00e1ficas evolucionan, las necesidades de los hogares se diversifican y se necesitan nuevas tipolog\u00edas de habitaci\u00f3n. La capacidad de adaptaci\u00f3n del patrimonio edificado es un recurso ineludible para planificar la transformaci\u00f3n de la ciudad.<\/p>\n<h3><em>TALLER 4 \u2013 VALORIZAR LA DIMENSI\u00d3N PATRIMONIAL EXPLOTANDO LA CAPACIDAD DE ADAPTACI\u00d3N DEL PATRIMONIO EDIFICADO<\/em><\/h3>\n<ul>\n<li>\u00bfC\u00f3mo conciliar la valorizaci\u00f3n patrimonial con la evoluci\u00f3n de los usos, teniendo en cuenta las exigencias t\u00e9cnicas?<\/li>\n<li>\u00bfC\u00f3mo conciliar la valorizaci\u00f3n patrimonial que favorece la identidad local, permitiendo al mismo tiempo el desarrollo social y familiar?<\/li>\n<li>\u00bfC\u00f3mo mejorar el h\u00e1bitat para adaptarlo a las nuevas formas de vida sin perturbar sus caracter\u00edsticas patrimoniales?<\/li>\n<\/ul>\n<div class=\"section grid col-12\" style=\"margin-left: -1rem; margin-right: -1rem;\"><div class=\"col-6 col--sm-12 grid wysiwyg p-l-xsm p-r-xsm m-b-xsm\"><\/p>\n<p><figure id=\"attachment_26790\" aria-describedby=\"caption-attachment-26790\" style=\"width: 278px\" class=\"wp-caption alignnone\"><img loading=\"lazy\" decoding=\"async\" class=\"size-medium wp-image-26790\" src=\"https:\/\/www.ovpm.org\/wp-content\/uploads\/2022\/03\/foto-mia-para-quebec-002-e1647014416641-278x300.jpg\" alt=\"\" width=\"278\" height=\"300\" srcset=\"https:\/\/www.ovpm.org\/wp-content\/uploads\/2022\/03\/foto-mia-para-quebec-002-e1647014416641-278x300.jpg 278w, https:\/\/www.ovpm.org\/wp-content\/uploads\/2022\/03\/foto-mia-para-quebec-002-e1647014416641.jpg 386w\" sizes=\"(max-width: 278px) 100vw, 278px\" \/><figcaption id=\"caption-attachment-26790\" class=\"wp-caption-text\"><strong>Experto l\u00edder y relator<\/strong><br \/><strong>\u00c1lvaro G\u00f3mez Ferrer<\/strong><br \/>Doctor en Arquitectura<br \/>Presidente de honor del Consejo Europeo de Urbanistas y vicepresidente de la Real Academia de Bellas Artes de San Carlos de Valencia<\/figcaption><\/figure><\/p>\n<p><\/div><div class=\"col-6 col--sm-12 grid wysiwyg p-l-xsm p-r-xsm m-b-xsm\"><\/p>\n<p><figure id=\"attachment_26824\" aria-describedby=\"caption-attachment-26824\" style=\"width: 225px\" class=\"wp-caption alignnone\"><img loading=\"lazy\" decoding=\"async\" class=\"size-medium wp-image-26824\" src=\"https:\/\/www.ovpm.org\/wp-content\/uploads\/2022\/03\/foto-conti-225x300.jpg\" alt=\"\" width=\"225\" height=\"300\" srcset=\"https:\/\/www.ovpm.org\/wp-content\/uploads\/2022\/03\/foto-conti-225x300.jpg 225w, https:\/\/www.ovpm.org\/wp-content\/uploads\/2022\/03\/foto-conti-768x1023.jpg 768w, https:\/\/www.ovpm.org\/wp-content\/uploads\/2022\/03\/foto-conti-769x1024.jpg 769w, https:\/\/www.ovpm.org\/wp-content\/uploads\/2022\/03\/foto-conti-300x400.jpg 300w, https:\/\/www.ovpm.org\/wp-content\/uploads\/2022\/03\/foto-conti-901x1200.jpg 901w, https:\/\/www.ovpm.org\/wp-content\/uploads\/2022\/03\/foto-conti.jpg 1761w\" sizes=\"(max-width: 225px) 100vw, 225px\" \/><figcaption id=\"caption-attachment-26824\" class=\"wp-caption-text\"><strong>Moderador<\/strong><br \/><strong>Alfredo Conti<\/strong><br \/>Arquitecto especializado en conservaci\u00f3n del patrimonio<br \/>Profesor y director del Instituto de Investigaciones en Turismo, Facultad de Ciencias Econ\u00f3micas, Universidad Nacional de La Plata<\/figcaption><\/figure><\/p>\n<p><\/div><\/div>\n<h4><strong>TEMA 5 \u2013 LA AFIRMACI\u00d3N DE UNA NUEVA GESTI\u00d3N<\/strong><\/h4>\n<p>Cada vez parece m\u00e1s necesario imponer el debate p\u00fablico en el coraz\u00f3n del proyecto urbano para proponer respuestas urbanas compatibles con las limitaciones (sociales, ambientales, t\u00e9cnicas) a las que se enfrenta la ciudad hist\u00f3rica. La evoluci\u00f3n de la democracia tiende inexorablemente hacia la participaci\u00f3n de los habitantes y a su implicaci\u00f3n, al lado de los diferentes actores urbanos, en la toma de decisiones relacionadas con sus vecindarios, que van hasta la \u00abcoconstrucci\u00f3n\u00bb de los proyectos y el compromiso de los ciudadanos en la gesti\u00f3n de las acciones. El grado de responsabilidad en los procesos que buscan mejorar la comodidad, la animaci\u00f3n o la identidad de sus vecindarios, es una se\u00f1al de aceptabilidad social y de sustentabilidad.<\/p>\n<h3><em>TALLER 5 \u2013 DESARROLLAR MECANISMOS ESPEC\u00cdFICOS PARA CONSTRUIR PR\u00c1CTICAS DE DI\u00c1LOGO SOCIAL Y DE COCONSTRUCCI\u00d3N<\/em><\/h3>\n<ul>\n<li>\u00bfC\u00f3mo utilizar el patrimonio para hacer de \u00e9ste un valor de identidad?<\/li>\n<li>\u00bfCu\u00e1les son los principios de la coconstruci\u00f3n de los proyectos?<\/li>\n<li>\u00bfCu\u00e1les son las modalidades operacionales que asocian al conjunto de las partes involucradas en la elaboraci\u00f3n y la gesti\u00f3n de un proyecto?<\/li>\n<li>\u00bfQu\u00e9 econom\u00eda durable puede surgir de estos procesos?<\/li>\n<\/ul>\n<div class=\"section grid col-12\" style=\"margin-left: -1rem; margin-right: -1rem;\"><div class=\"col-6 col--sm-12 grid wysiwyg p-l-xsm p-r-xsm m-b-xsm\"><\/p>\n<p><figure id=\"attachment_26843\" aria-describedby=\"caption-attachment-26843\" style=\"width: 200px\" class=\"wp-caption alignnone\"><img loading=\"lazy\" decoding=\"async\" class=\"size-medium wp-image-26843\" src=\"https:\/\/www.ovpm.org\/wp-content\/uploads\/2022\/03\/burnhamphoto-200x300.jpg\" alt=\"\" width=\"200\" height=\"300\" srcset=\"https:\/\/www.ovpm.org\/wp-content\/uploads\/2022\/03\/burnhamphoto-200x300.jpg 200w, https:\/\/www.ovpm.org\/wp-content\/uploads\/2022\/03\/burnhamphoto-768x1152.jpg 768w, https:\/\/www.ovpm.org\/wp-content\/uploads\/2022\/03\/burnhamphoto-683x1024.jpg 683w, https:\/\/www.ovpm.org\/wp-content\/uploads\/2022\/03\/burnhamphoto-800x1200.jpg 800w, https:\/\/www.ovpm.org\/wp-content\/uploads\/2022\/03\/burnhamphoto.jpg 1800w\" sizes=\"(max-width: 200px) 100vw, 200px\" \/><figcaption id=\"caption-attachment-26843\" class=\"wp-caption-text\"><strong>Experta L\u00edder<\/strong><br \/><strong>Bonnie Burnham<\/strong><br \/><em>Presidenta y fundadora del Cultural Heritage Finance Alliance<\/em><br \/><em>Presidenta em\u00e9rita del World Monuments Fund (WMF)<\/em><\/figcaption><\/figure><\/p>\n<p><\/div><div class=\"col-6 col--sm-12 grid wysiwyg p-l-xsm p-r-xsm m-b-xsm\"><\/p>\n<p><figure id=\"attachment_26876\" aria-describedby=\"caption-attachment-26876\" style=\"width: 225px\" class=\"wp-caption alignnone\"><img loading=\"lazy\" decoding=\"async\" class=\"size-medium wp-image-26876\" src=\"https:\/\/www.ovpm.org\/wp-content\/uploads\/2022\/03\/dsc0144c-225x300.jpg\" alt=\"\" width=\"225\" height=\"300\" srcset=\"https:\/\/www.ovpm.org\/wp-content\/uploads\/2022\/03\/dsc0144c-225x300.jpg 225w, https:\/\/www.ovpm.org\/wp-content\/uploads\/2022\/03\/dsc0144c-768x1024.jpg 768w, https:\/\/www.ovpm.org\/wp-content\/uploads\/2022\/03\/dsc0144c-300x400.jpg 300w, https:\/\/www.ovpm.org\/wp-content\/uploads\/2022\/03\/dsc0144c-900x1200.jpg 900w\" sizes=\"(max-width: 225px) 100vw, 225px\" \/><figcaption id=\"caption-attachment-26876\" class=\"wp-caption-text\"><strong>Moderador y relator<\/strong><br \/><strong>Jos\u00e9 Carlos Hayakawa<\/strong><br \/>Arquitecto y Maestro en Renovaci\u00f3n Urbana por la Universidad Nacional de Ingenier\u00eda<br \/>Doctor en Turismo por la Universidad de San Mart\u00edn de Porres<\/figcaption><\/figure><\/p>\n<p><\/div><\/div>\n","protected":false},"excerpt":{"rendered":"<p>Resumen de los talleres tem\u00e1ticos Los 15 talleres tem\u00e1ticos celebrados en el marco del \u00abCamino a Quebec\u00bb entre el 14 de marzo y el 1 de abril reunieron a 133 gestores y expertos en patrimonio de 42 ciudades miembros de la OCPM procedentes de 25 pa\u00edses diferentes de todo el mundo. 9 expertos lideres y [&hellip;]<\/p>\n","protected":false},"author":3,"featured_media":0,"parent":26332,"menu_order":277,"comment_status":"closed","ping_status":"closed","template":"page-congress.php","meta":{"_acf_changed":false,"footnotes":""},"acf":[],"_links":{"self":[{"href":"https:\/\/www.ovpm.org\/es\/wp-json\/wp\/v2\/pages\/26411"}],"collection":[{"href":"https:\/\/www.ovpm.org\/es\/wp-json\/wp\/v2\/pages"}],"about":[{"href":"https:\/\/www.ovpm.org\/es\/wp-json\/wp\/v2\/types\/page"}],"author":[{"embeddable":true,"href":"https:\/\/www.ovpm.org\/es\/wp-json\/wp\/v2\/users\/3"}],"replies":[{"embeddable":true,"href":"https:\/\/www.ovpm.org\/es\/wp-json\/wp\/v2\/comments?post=26411"}],"version-history":[{"count":30,"href":"https:\/\/www.ovpm.org\/es\/wp-json\/wp\/v2\/pages\/26411\/revisions"}],"predecessor-version":[{"id":27090,"href":"https:\/\/www.ovpm.org\/es\/wp-json\/wp\/v2\/pages\/26411\/revisions\/27090"}],"up":[{"embeddable":true,"href":"https:\/\/www.ovpm.org\/es\/wp-json\/wp\/v2\/pages\/26332"}],"wp:attachment":[{"href":"https:\/\/www.ovpm.org\/es\/wp-json\/wp\/v2\/media?parent=26411"}],"curies":[{"name":"wp","href":"https:\/\/api.w.org\/{rel}","templated":true}]}}