{"id":24792,"date":"2021-05-04T19:18:59","date_gmt":"2021-05-04T19:18:59","guid":{"rendered":"https:\/\/www.ovpm.org\/?page_id=24792"},"modified":"2021-05-04T19:38:01","modified_gmt":"2021-05-04T19:38:01","slug":"rehabilitacion-del-patrimonio","status":"publish","type":"page","link":"https:\/\/www.ovpm.org\/es\/recursos\/estudios-de-casos\/rehabilitacion-del-patrimonio\/","title":{"rendered":"Rehabilitaci\u00f3n del patrimonio (2012)"},"content":{"rendered":"<div class=\"section grid col-12\" style=\"margin-left: -1rem; margin-right: -1rem;\"><\/p>\n<p style=\"text-align: left;\"><div class=\"col-6 col--sm-12 grid wysiwyg p-l-xsm p-r-xsm m-b-xsm\"><a href=\"https:\/\/www.ovpm.org\/wp-content\/uploads\/2021\/05\/rehabilitacion-del-patrimonio.pdf\"><img loading=\"lazy\" decoding=\"async\" class=\"aligncenter wp-image-24778\" src=\"https:\/\/www.ovpm.org\/wp-content\/uploads\/2021\/05\/heritage-and-archeology-2010-751x1024-220x300.jpg\" alt=\"\" width=\"250\" height=\"341\" srcset=\"https:\/\/www.ovpm.org\/wp-content\/uploads\/2021\/05\/heritage-and-archeology-2010-751x1024-220x300.jpg 220w, https:\/\/www.ovpm.org\/wp-content\/uploads\/2021\/05\/heritage-and-archeology-2010-751x1024.jpg 441w\" sizes=\"(max-width: 250px) 100vw, 250px\" \/><\/a><\/p>\n<p style=\"text-align: left;\"><\/div><\/p>\n<p style=\"text-align: left;\"><div class=\"col-6 col--sm-12 grid wysiwyg p-l-xsm p-r-xsm m-b-xsm\"><\/p>\n<h5 style=\"text-align: left;\">Autor: Secretar\u00eda Regional de Europa del Sur y del Mediterr\u00e1neo de la OCPM<br \/>\n\u00ad<br \/>\nCategor\u00eda: Estudios de Casos<br \/>\n\u00ad<br \/>\nA\u00f1o: 2012<br \/>\n\u00ad<br \/>\nIdioma: espa\u00f1ol, ingl\u00e9s, franc\u00e9s, portugu\u00e9s<\/h5>\n<p><a href=\"https:\/\/www.ovpm.org\/wp-content\/uploads\/2021\/05\/rehabilitacion-del-patrimonio.pdf\" class=\"button m-t-sm m-b-sm\">DESCARGAR<\/a><\/div><\/div>\n<hr \/>\n<p><sup><strong>Resumen:<\/strong> Esta publicaci\u00f3n quiere ser una v\u00eda para poder acercarse, desde la Secretar\u00eda Regional de Europa del Sur y Mediterr\u00e1neo de la Organizaci\u00f3n de Ciudades Patrimonio Mundial, al modo en que, distintos edificios patrimoniales han sido recuperados y rehabilitados. De esta manera pretendemos dar a conocer las posibilidades de dar funcionalidades a nuestro patrimonio, aparte de su mera contemplaci\u00f3n, de manera que \u00e9ste permanezca en uso. Las actuaciones sobre el patrimonio no deben quedarse en aspectos est\u00e9ticos o de fachada, si no que debe tener en cuenta tambi\u00e9n las distintas tipolog\u00edas constructivas y la organizaci\u00f3n original de los espacios construidos.<\/sup><\/p>\n<p>&nbsp;<\/p>\n","protected":false},"excerpt":{"rendered":"<p>Resumen: Esta publicaci\u00f3n quiere ser una v\u00eda para poder acercarse, desde la Secretar\u00eda Regional de Europa del Sur y Mediterr\u00e1neo de la Organizaci\u00f3n de Ciudades Patrimonio Mundial, al modo en que, distintos edificios patrimoniales han sido recuperados y rehabilitados. De esta manera pretendemos dar a conocer las posibilidades de dar funcionalidades a nuestro patrimonio, aparte [&hellip;]<\/p>\n","protected":false},"author":3,"featured_media":0,"parent":22702,"menu_order":355,"comment_status":"closed","ping_status":"closed","template":"","meta":{"_acf_changed":false,"footnotes":""},"acf":[],"_links":{"self":[{"href":"https:\/\/www.ovpm.org\/es\/wp-json\/wp\/v2\/pages\/24792"}],"collection":[{"href":"https:\/\/www.ovpm.org\/es\/wp-json\/wp\/v2\/pages"}],"about":[{"href":"https:\/\/www.ovpm.org\/es\/wp-json\/wp\/v2\/types\/page"}],"author":[{"embeddable":true,"href":"https:\/\/www.ovpm.org\/es\/wp-json\/wp\/v2\/users\/3"}],"replies":[{"embeddable":true,"href":"https:\/\/www.ovpm.org\/es\/wp-json\/wp\/v2\/comments?post=24792"}],"version-history":[{"count":2,"href":"https:\/\/www.ovpm.org\/es\/wp-json\/wp\/v2\/pages\/24792\/revisions"}],"predecessor-version":[{"id":24801,"href":"https:\/\/www.ovpm.org\/es\/wp-json\/wp\/v2\/pages\/24792\/revisions\/24801"}],"up":[{"embeddable":true,"href":"https:\/\/www.ovpm.org\/es\/wp-json\/wp\/v2\/pages\/22702"}],"wp:attachment":[{"href":"https:\/\/www.ovpm.org\/es\/wp-json\/wp\/v2\/media?parent=24792"}],"curies":[{"name":"wp","href":"https:\/\/api.w.org\/{rel}","templated":true}]}}