{"id":24761,"date":"2021-04-30T19:50:50","date_gmt":"2021-04-30T19:50:50","guid":{"rendered":"https:\/\/www.ovpm.org\/?page_id=24761"},"modified":"2021-04-30T19:50:50","modified_gmt":"2021-04-30T19:50:50","slug":"movilidad-talleres-en-linea-camino-a-quebec-2021","status":"publish","type":"page","link":"https:\/\/www.ovpm.org\/es\/recursos\/libros-de-referencia\/movilidad-talleres-en-linea-camino-a-quebec-2021\/","title":{"rendered":"Movilidad \u2013 Talleres en l\u00ednea \u00abCamino a Qu\u00e9bec\u00bb (2021)"},"content":{"rendered":"<div class=\"section grid col-12\" style=\"margin-left: -1rem; margin-right: -1rem;\"><\/p>\n<p style=\"text-align: left;\"><div class=\"col-6 col--sm-12 grid wysiwyg p-l-xsm p-r-xsm m-b-xsm\"><img loading=\"lazy\" decoding=\"async\" class=\"wp-image-24762 size-medium alignleft\" src=\"https:\/\/www.ovpm.org\/wp-content\/uploads\/2021\/04\/mobilitycouverture-esp-231x300.png\" alt=\"\" width=\"231\" height=\"300\" \/><\/p>\n<p style=\"text-align: left;\"><\/div><\/p>\n<p style=\"text-align: left;\"><div class=\"col-6 col--sm-12 grid wysiwyg p-l-xsm p-r-xsm m-b-xsm\"><\/p>\n<h5 style=\"text-align: left;\">Autor: Secretar\u00eda General de la OCPM<br \/>\n\u00ad<br \/>\nCategor\u00eda: Libros de referencia<br \/>\n\u00ad<br \/>\nA\u00f1o: 2021<br \/>\n\u00ad<br \/>\nIdioma: Espa\u00f1ol (ingl\u00e9s y franc\u00e9s tambi\u00e9n est\u00e1n disponibles)<\/h5>\n<p><a href=\"https:\/\/www.ovpm.org\/wp-content\/uploads\/2021\/04\/informe-movilidadesp.pdf\" class=\"button m-t-sm m-b-sm\">DESCARGAR<\/a><\/div><\/div>\n<hr \/>\n<p><sup><strong>Resumen: <\/strong>La marcada disminuci\u00f3n del tr\u00e1fico y consiguientemente la mejora considerable de la calidad del aire que caracterizaron los per\u00edodos de confinamiento, demostraron que los medios de transporte respetuosos del medio ambiente y la movilidad sostenible son esenciales para lograr la\u00a0<em>Agenda 2030 para el Desarrollo Sostenible<\/em>. Adem\u00e1s, la pandemia ha convencido a varias administraciones municipales de acelerar proyectos ambiciosos en el campo de la movilidad sostenible y ha iniciado una reflexi\u00f3n general sobre la distribuci\u00f3n del espacio entre los usuarios en los centros hist\u00f3ricos, incluidas las pol\u00edticas de la ciudad del cuarto de hora.<\/sup><\/p>\n<p><sup>Los talleres se llevaron a cabo entre el 9 de febrero y el 18 de marzo de 2021 y los temas se inspiraron del tema elegido para el XVI Congreso Mundial de la OCPM \u201cMejorando la calidad de vida en las Ciudades del Patrimonio Mundial\u201d, de la crisis global del COVID-19 y de los desaf\u00edos m\u00e1s generales que aguardan a las ciudades en el siglo XXI.<\/sup><\/p>\n","protected":false},"excerpt":{"rendered":"<p>Resumen: La marcada disminuci\u00f3n del tr\u00e1fico y consiguientemente la mejora considerable de la calidad del aire que caracterizaron los per\u00edodos de confinamiento, demostraron que los medios de transporte respetuosos del medio ambiente y la movilidad sostenible son esenciales para lograr la\u00a0Agenda 2030 para el Desarrollo Sostenible. Adem\u00e1s, la pandemia ha convencido a varias administraciones municipales [&hellip;]<\/p>\n","protected":false},"author":3,"featured_media":0,"parent":22707,"menu_order":73,"comment_status":"closed","ping_status":"closed","template":"","meta":{"_acf_changed":false,"footnotes":""},"acf":[],"_links":{"self":[{"href":"https:\/\/www.ovpm.org\/es\/wp-json\/wp\/v2\/pages\/24761"}],"collection":[{"href":"https:\/\/www.ovpm.org\/es\/wp-json\/wp\/v2\/pages"}],"about":[{"href":"https:\/\/www.ovpm.org\/es\/wp-json\/wp\/v2\/types\/page"}],"author":[{"embeddable":true,"href":"https:\/\/www.ovpm.org\/es\/wp-json\/wp\/v2\/users\/3"}],"replies":[{"embeddable":true,"href":"https:\/\/www.ovpm.org\/es\/wp-json\/wp\/v2\/comments?post=24761"}],"version-history":[{"count":1,"href":"https:\/\/www.ovpm.org\/es\/wp-json\/wp\/v2\/pages\/24761\/revisions"}],"predecessor-version":[{"id":24765,"href":"https:\/\/www.ovpm.org\/es\/wp-json\/wp\/v2\/pages\/24761\/revisions\/24765"}],"up":[{"embeddable":true,"href":"https:\/\/www.ovpm.org\/es\/wp-json\/wp\/v2\/pages\/22707"}],"wp:attachment":[{"href":"https:\/\/www.ovpm.org\/es\/wp-json\/wp\/v2\/media?parent=24761"}],"curies":[{"name":"wp","href":"https:\/\/api.w.org\/{rel}","templated":true}]}}