{"id":24750,"date":"2021-04-30T19:44:40","date_gmt":"2021-04-30T19:44:40","guid":{"rendered":"https:\/\/www.ovpm.org\/?page_id=24750"},"modified":"2021-04-30T19:44:40","modified_gmt":"2021-04-30T19:44:40","slug":"turismo-y-economia-talleres-en-linea-camino-a-quebec-2021","status":"publish","type":"page","link":"https:\/\/www.ovpm.org\/es\/recursos\/libros-de-referencia\/turismo-y-economia-talleres-en-linea-camino-a-quebec-2021\/","title":{"rendered":"Turismo y Econom\u00eda \u2013 Talleres en l\u00ednea \u00abCamino a Qu\u00e9bec\u00bb (2021)"},"content":{"rendered":"<div class=\"section grid col-12\" style=\"margin-left: -1rem; margin-right: -1rem;\"><\/p>\n<p style=\"text-align: left;\"><div class=\"col-6 col--sm-12 grid wysiwyg p-l-xsm p-r-xsm m-b-xsm\"><img loading=\"lazy\" decoding=\"async\" class=\"wp-image-24752 size-medium alignleft\" src=\"https:\/\/www.ovpm.org\/wp-content\/uploads\/2021\/04\/tourisme-et-economiecouverture-esp-231x300.png\" alt=\"\" width=\"231\" height=\"300\" \/><\/p>\n<p style=\"text-align: left;\"><\/div><\/p>\n<p style=\"text-align: left;\"><div class=\"col-6 col--sm-12 grid wysiwyg p-l-xsm p-r-xsm m-b-xsm\"><\/p>\n<h5 style=\"text-align: left;\">Autor: Secretar\u00eda General de la OCPM<br \/>\n\u00ad<br \/>\nCategor\u00eda: Libros de referencia<br \/>\n\u00ad<br \/>\nA\u00f1o: 2021<br \/>\n\u00ad<br \/>\nIdioma: Espa\u00f1ol (ingl\u00e9s y franc\u00e9s tambi\u00e9n est\u00e1n disponibles)<\/h5>\n<p><a href=\"https:\/\/www.ovpm.org\/wp-content\/uploads\/2021\/04\/informe-cultura-y-tecnologiaesp.pdf\" class=\"button m-t-sm m-b-sm\">DESCARGAR<\/a><\/div><\/div>\n<hr \/>\n<p><sup><strong>Resumen:\u00a0<\/strong>La\u00a0<em>Nueva Agenda Urbana<\/em>\u00a0destaca la necesidad de que las econom\u00edas urbanas \u201chagan una transici\u00f3n progresiva hacia una mayor productividad mediante la promoci\u00f3n de sectores de alto valor a\u00f1adido, promoviendo la diversificaci\u00f3n, la modernizaci\u00f3n tecnol\u00f3gica, la investigaci\u00f3n y la innovaci\u00f3n, incluida la creaci\u00f3n de empleos de calidad, decentes y productivos, especialmente a trav\u00e9s de las industrias culturales y creativas, el turismo sostenible, las artes esc\u00e9nicas y las actividades de conservaci\u00f3n del patrimonio\u201d. La pandemia de la COVID-19 ha resaltado la importancia de mejorar la sostenibilidad de la econom\u00eda del turismo. Tambi\u00e9n ha demostrado la importancia de apoyar a las empresas locales en tiempos de crisis.<\/sup><\/p>\n<p><sup>Los talleres se llevaron a cabo entre el 9 de febrero y el 18 de marzo de 2021 y los temas se inspiraron del tema elegido para el XVI Congreso Mundial de la OCPM \u201cMejorando la calidad de vida en las Ciudades del Patrimonio Mundial\u201d, de la crisis global del COVID-19 y de los desaf\u00edos m\u00e1s generales que aguardan a las ciudades en el siglo XXI.<\/sup><\/p>\n","protected":false},"excerpt":{"rendered":"<p>Resumen:\u00a0La\u00a0Nueva Agenda Urbana\u00a0destaca la necesidad de que las econom\u00edas urbanas \u201chagan una transici\u00f3n progresiva hacia una mayor productividad mediante la promoci\u00f3n de sectores de alto valor a\u00f1adido, promoviendo la diversificaci\u00f3n, la modernizaci\u00f3n tecnol\u00f3gica, la investigaci\u00f3n y la innovaci\u00f3n, incluida la creaci\u00f3n de empleos de calidad, decentes y productivos, especialmente a trav\u00e9s de las industrias culturales [&hellip;]<\/p>\n","protected":false},"author":3,"featured_media":0,"parent":22707,"menu_order":87,"comment_status":"closed","ping_status":"closed","template":"","meta":{"_acf_changed":false,"footnotes":""},"acf":[],"_links":{"self":[{"href":"https:\/\/www.ovpm.org\/es\/wp-json\/wp\/v2\/pages\/24750"}],"collection":[{"href":"https:\/\/www.ovpm.org\/es\/wp-json\/wp\/v2\/pages"}],"about":[{"href":"https:\/\/www.ovpm.org\/es\/wp-json\/wp\/v2\/types\/page"}],"author":[{"embeddable":true,"href":"https:\/\/www.ovpm.org\/es\/wp-json\/wp\/v2\/users\/3"}],"replies":[{"embeddable":true,"href":"https:\/\/www.ovpm.org\/es\/wp-json\/wp\/v2\/comments?post=24750"}],"version-history":[{"count":1,"href":"https:\/\/www.ovpm.org\/es\/wp-json\/wp\/v2\/pages\/24750\/revisions"}],"predecessor-version":[{"id":24755,"href":"https:\/\/www.ovpm.org\/es\/wp-json\/wp\/v2\/pages\/24750\/revisions\/24755"}],"up":[{"embeddable":true,"href":"https:\/\/www.ovpm.org\/es\/wp-json\/wp\/v2\/pages\/22707"}],"wp:attachment":[{"href":"https:\/\/www.ovpm.org\/es\/wp-json\/wp\/v2\/media?parent=24750"}],"curies":[{"name":"wp","href":"https:\/\/api.w.org\/{rel}","templated":true}]}}