{"id":24735,"date":"2021-04-30T19:23:11","date_gmt":"2021-04-30T19:23:11","guid":{"rendered":"https:\/\/www.ovpm.org\/recursos\/libros-de-referencia\/culture-et-technologie-ateliers-en-ligne-en-route-vers-quebec-2021\/"},"modified":"2021-04-30T19:43:08","modified_gmt":"2021-04-30T19:43:08","slug":"culture-et-technologie-ateliers-en-ligne-en-route-vers-quebec-2021","status":"publish","type":"page","link":"https:\/\/www.ovpm.org\/es\/recursos\/libros-de-referencia\/culture-et-technologie-ateliers-en-ligne-en-route-vers-quebec-2021\/","title":{"rendered":"Cultura y Tecnolog\u00eda \u2013 Talleres en l\u00ednea \u00abCamino a Qu\u00e9bec\u00bb (2021)"},"content":{"rendered":"<div class=\"section grid col-12\" style=\"margin-left: -1rem; margin-right: -1rem;\"><\/p>\n<p style=\"text-align: left;\"><div class=\"col-6 col--sm-12 grid wysiwyg p-l-xsm p-r-xsm m-b-xsm\"><img loading=\"lazy\" decoding=\"async\" class=\"wp-image-24736 size-medium alignleft\" src=\"https:\/\/www.ovpm.org\/wp-content\/uploads\/2021\/04\/culture-et-techonologiecouverture-esp-231x300.png\" alt=\"\" width=\"231\" height=\"300\" \/><\/p>\n<p style=\"text-align: left;\"><\/div><\/p>\n<p style=\"text-align: left;\"><div class=\"col-6 col--sm-12 grid wysiwyg p-l-xsm p-r-xsm m-b-xsm\"><\/p>\n<h5 style=\"text-align: left;\">Autor: Secretar\u00eda General de la OCPM<br \/>\n\u00ad<br \/>\nCategor\u00eda: Libros de referencia<br \/>\n\u00ad<br \/>\nA\u00f1o: 2021<br \/>\n\u00ad<br \/>\nIdioma: Espa\u00f1ol (ingl\u00e9s y franc\u00e9s tambi\u00e9n est\u00e1n disponibles)<\/h5>\n<p><a href=\"https:\/\/www.ovpm.org\/wp-content\/uploads\/2021\/04\/informe-cultura-y-tecnologiaesp.pdf\" class=\"button m-t-sm m-b-sm\">DESCARGAR<\/a><\/div><\/div>\n<hr \/>\n<p><sup><strong>Resumen:\u00a0<\/strong>En su informe titulado <em>Cultura, futuro urbano<\/em> (2016), la UNESCO atribuy\u00f3 a la cultura el papel de catalizador del desarrollo sostenible en medio urbano al afirmar que la cultura ocupa el centro de la renovaci\u00f3n urbana y la innovaci\u00f3n. No obstante, durante la pandemia, varias ciudades del Patrimonio Mundial y sus protagonistas en el \u00e1mbito de cultura y patrimonio tuvieron que hacer frente a importantes retos debido al cierre de sitios hist\u00f3ricos y museos. Las nuevas tecnolog\u00edas representan, m\u00e1s que nunca, una de las herramientas clave para que las organizaciones sigan acerc\u00e1ndose al p\u00fablico en general. Asimismo se establecieron nuevos modelos de medici\u00f3n de ayuda, permitiendo as\u00ed que los artistas y los artesanos afrontasen la crisis.<\/sup><\/p>\n<p><sup>Los talleres se llevaron a cabo entre el 9 de febrero y el 18 de marzo de 2021 y los temas se inspiraron del tema elegido para el XVI Congreso Mundial de la OCPM \u201cMejorando la calidad de vida en las Ciudades del Patrimonio Mundial\u201d, de la crisis global del COVID-19 y de los desaf\u00edos m\u00e1s generales que aguardan a las ciudades en el siglo XXI.<\/sup><\/p>\n","protected":false},"excerpt":{"rendered":"<p>Resumen:\u00a0En su informe titulado Cultura, futuro urbano (2016), la UNESCO atribuy\u00f3 a la cultura el papel de catalizador del desarrollo sostenible en medio urbano al afirmar que la cultura ocupa el centro de la renovaci\u00f3n urbana y la innovaci\u00f3n. No obstante, durante la pandemia, varias ciudades del Patrimonio Mundial y sus protagonistas en el \u00e1mbito [&hellip;]<\/p>\n","protected":false},"author":3,"featured_media":0,"parent":22707,"menu_order":90,"comment_status":"closed","ping_status":"closed","template":"","meta":{"_acf_changed":false,"footnotes":""},"acf":[],"_links":{"self":[{"href":"https:\/\/www.ovpm.org\/es\/wp-json\/wp\/v2\/pages\/24735"}],"collection":[{"href":"https:\/\/www.ovpm.org\/es\/wp-json\/wp\/v2\/pages"}],"about":[{"href":"https:\/\/www.ovpm.org\/es\/wp-json\/wp\/v2\/types\/page"}],"author":[{"embeddable":true,"href":"https:\/\/www.ovpm.org\/es\/wp-json\/wp\/v2\/users\/3"}],"replies":[{"embeddable":true,"href":"https:\/\/www.ovpm.org\/es\/wp-json\/wp\/v2\/comments?post=24735"}],"version-history":[{"count":3,"href":"https:\/\/www.ovpm.org\/es\/wp-json\/wp\/v2\/pages\/24735\/revisions"}],"predecessor-version":[{"id":24751,"href":"https:\/\/www.ovpm.org\/es\/wp-json\/wp\/v2\/pages\/24735\/revisions\/24751"}],"up":[{"embeddable":true,"href":"https:\/\/www.ovpm.org\/es\/wp-json\/wp\/v2\/pages\/22707"}],"wp:attachment":[{"href":"https:\/\/www.ovpm.org\/es\/wp-json\/wp\/v2\/media?parent=24735"}],"curies":[{"name":"wp","href":"https:\/\/api.w.org\/{rel}","templated":true}]}}