{"id":23626,"date":"2020-10-06T14:24:00","date_gmt":"2020-10-06T14:24:00","guid":{"rendered":"https:\/\/www.ovpm.org\/?page_id=23626"},"modified":"2021-02-09T19:40:30","modified_gmt":"2021-02-09T19:40:30","slug":"politica-de-uso-de-medios-sociales","status":"publish","type":"page","link":"https:\/\/www.ovpm.org\/es\/politica-de-uso-de-medios-sociales\/","title":{"rendered":"Pol\u00edtica de uso de medios sociales"},"content":{"rendered":"<h2>Pol\u00edtica de uso de medios sociales<\/h2>\n<h3>Netiqueta<\/h3>\n<p>La presencia de la OCPM en los medios sociales y en otras plataformas digitales reservadas al debate tiene como objetivo crear un espacio que favorezca intercambios enriquecedores sobre los asuntos de la organizaci\u00f3n y temas de actualidad, en relaci\u00f3n siempre con la misi\u00f3n de la organizaci\u00f3n, es decir la valorizaci\u00f3n y la protecci\u00f3n del patrimonio.<\/p>\n<p>Todo comentario sobre las comunicaciones de la OCPM es valioso y bienvenido. Fomentamos la discusi\u00f3n entre todos los internautas que se interesan en las actividades de la organizaci\u00f3n. Para lograr este objetivo y que los intercambios de opiniones se realicen de forma harmoniosa y respetuosa debemos aplicar ciertas reglas.<\/p>\n<h3>Identidad y vida privada<\/h3>\n<p>La presencia de la OCPM en los medios sociales y en otras plataformas digitales no es una presencia an\u00f3nima. Los internautas que deseen utilizar estas plataformas para intercambiar opiniones y comentarios con la organizaci\u00f3n deber\u00e1n identificarse. La OCPM se reserva el derecho de no publicar un comentario o no contestar una pregunta si cabe alguna duda sobre la identidad de su autor. No se tolerar\u00e1 la usurpaci\u00f3n de la identidad de un bloguero, redactor, moderador o de cualquier otra persona.<\/p>\n<p>La OCPM aprueba la protecci\u00f3n de la vida privada de sus internautas y en ning\u00fan caso pedir\u00e1 ni divulgar\u00e1 informaci\u00f3n si no cuenta con el consentimiento y la conformidad de la parte interesada. Para toda informaci\u00f3n suplementaria lo invitamos a consultar la <a href=\"https:\/\/www.ovpm.org\/es\/politica-de-privacidad\/\">pol\u00edtica de privacidad<\/a> disponible en la p\u00e1gina web de la OCPM.<\/p>\n<h3>Reglas de buena conducta<\/h3>\n<p>El contenido que la OCPM publica en los medios sociales y en otras plataformas digitales es accesible a todos. La OCPM no aceptar\u00e1 la publicaci\u00f3n de contenido ilegal, inapropiado, obsceno, ofensivo, difamatorio, amenazante, abusivo o que no tenga relaci\u00f3n con esta organizaci\u00f3n; la OCPM se reserva el derecho de suprimir un contenido tal, a su entera discreci\u00f3n y sin aviso previo.<\/p>\n<p>La OCPM considera que el uso excesivo de may\u00fasculas en el lenguaje Internet equivale a levantar la voz y se puede interpretar como un acto de agresividad. Por lo tanto, se suprimir\u00e1 todo mensaje que contenga una palabra en may\u00fasculas (con excepci\u00f3n de siglas y acr\u00f3nimos).<\/p>\n<p>La OCPM corregir\u00e1 tan pronto como sea posible toda informaci\u00f3n que considere inexacta o falsa.<\/p>\n<p>La OCPM se reserva el derecho de modificar los t\u00e9rminos de esta netiqueta o de cerrar alguno de sus medios sociales o una de sus plataformas digitales sin aviso previo alguno.<\/p>\n<h3>Contenido difundido<\/h3>\n<p>El contenido que la OCPM publica en sus medios sociales y otras plataformas digitales tratan sobre los temas de la organizaci\u00f3n, es decir el patrimonio. Todo comentario fuera de tema podr\u00eda convertirse en tema futuro de discusi\u00f3n, pero mientras tanto se puede desplazar o suprimir el mismo sin preaviso si la OCPM considera que el mismo interfiere con la discusi\u00f3n en curso.<\/p>\n<p>La OCPM responder\u00e1 a las preguntas tan pronto como sea posible, seg\u00fan sea el caso.<\/p>\n<p>La OCPM no revisa los comentarios y preguntas, pero podr\u00e1 actuar como moderador sobre las mismas. Si se publican comentarios o preguntas de los internautas, estos van en forma integral. Algunas plataformas no permiten que los internautas retiren sus mensajes una vez publicados, de ah\u00ed la importancia de que \u00e9stos reflejen bien sus intenciones y las consecuencias de publicarlos.<\/p>\n<p>Se podr\u00e1 incluir un hiperv\u00ednculo en el comentario, siempre y cuando \u00e9ste lleve a una p\u00e1gina internet o a un art\u00edculo que est\u00e9 directamente relacionado con el tema de la conversaci\u00f3n.<\/p>\n<p>No se tolerar\u00e1 el env\u00edo de mensajes repetidos ya que perjudican el intercambio de mensajes. Asimismo, no se tolerar\u00e1 que se publique el mismo comentario m\u00e1s de una vez, lo que se considerar\u00e1 como publicaciones no solicitadas.<\/p>\n<h3>Uso del idioma<\/h3>\n<p>Los idiomas oficiales que se utilizan en las plataformas de la OCPM son el ingl\u00e9s, franc\u00e9s y espa\u00f1ol.<\/p>\n<h3>Autenticidad de la informaci\u00f3n<\/h3>\n<p>Los internautas deber\u00e1n asegurarse de que el contenido que publican sea verdadero y que no viole derechos de propiedad, confidencialidad y otros derechos de terceros.<\/p>\n<h3>Difusi\u00f3n<\/h3>\n<p>Al publicar contenido en alguna plataforma de la OCPM los internautas otorgan a la OCPM permiso y derecho gratuito e ilimitado para utilizar y difundir el contenido para todos los fines que sean pertinentes.<\/p>\n<p>Al escribir en uno de los medios sociales y\/o una plataforma digital dedicada al intercambio de opiniones, los internautas comprenden que sus comentarios se publican en la web por un per\u00edodo indefinido, y que ser\u00e1n clasificados por los motores de b\u00fasqueda de Internet.<\/p>\n<h3>Servicio al cliente<\/h3>\n<p>En caso de problemas relacionados con los servicios que ofrece la OCPM a sus clientes, sugerimos a los internautas comunicarse con un representante de servicio al cliente en alguna de las siguientes modalidades:<\/p>\n<ul>\n<li>enviando un mensaje privado por Messenger,<\/li>\n<li>llamando por tel\u00e9fono a la OCPM, o<\/li>\n<li>visitando la p\u00e1gina web<\/li>\n<\/ul>\n<h3>Informar sobre un abuso<\/h3>\n<p>Los internautas podr\u00e1n informar todo contenido o componente il\u00edcito que se encuentre en alguno de los medios sociales o en una plataforma digital enviando un correo electr\u00f3nico a <a href=\"mailto:secretariat@ovpm.org\">secretariat@ovpm.org<\/a>.<\/p>\n","protected":false},"excerpt":{"rendered":"<p>Pol\u00edtica de uso de medios sociales Netiqueta La presencia de la OCPM en los medios sociales y en otras plataformas digitales reservadas al debate tiene como objetivo crear un espacio que favorezca intercambios enriquecedores sobre los asuntos de la organizaci\u00f3n y temas de actualidad, en relaci\u00f3n siempre con la misi\u00f3n de la organizaci\u00f3n, es decir [&hellip;]<\/p>\n","protected":false},"author":3,"featured_media":0,"parent":0,"menu_order":97,"comment_status":"closed","ping_status":"closed","template":"","meta":{"_acf_changed":false,"footnotes":""},"acf":[],"_links":{"self":[{"href":"https:\/\/www.ovpm.org\/es\/wp-json\/wp\/v2\/pages\/23626"}],"collection":[{"href":"https:\/\/www.ovpm.org\/es\/wp-json\/wp\/v2\/pages"}],"about":[{"href":"https:\/\/www.ovpm.org\/es\/wp-json\/wp\/v2\/types\/page"}],"author":[{"embeddable":true,"href":"https:\/\/www.ovpm.org\/es\/wp-json\/wp\/v2\/users\/3"}],"replies":[{"embeddable":true,"href":"https:\/\/www.ovpm.org\/es\/wp-json\/wp\/v2\/comments?post=23626"}],"version-history":[{"count":0,"href":"https:\/\/www.ovpm.org\/es\/wp-json\/wp\/v2\/pages\/23626\/revisions"}],"wp:attachment":[{"href":"https:\/\/www.ovpm.org\/es\/wp-json\/wp\/v2\/media?parent=23626"}],"curies":[{"name":"wp","href":"https:\/\/api.w.org\/{rel}","templated":true}]}}