{"id":22767,"date":"2020-06-29T18:05:28","date_gmt":"2020-06-29T18:05:28","guid":{"rendered":"https:\/\/www.ovpm.org\/?page_id=22767"},"modified":"2020-06-29T19:13:49","modified_gmt":"2020-06-29T19:13:49","slug":"my-first-book-on-cultural-heritage-2019","status":"publish","type":"page","link":"https:\/\/www.ovpm.org\/es\/recursos\/descubrir-el-patrimonio-mundial\/my-first-book-on-cultural-heritage-2019\/","title":{"rendered":"My First Book on Cultural Heritage (2019)"},"content":{"rendered":"<div class=\"section grid col-12\" style=\"margin-left: -1rem; margin-right: -1rem;\"><\/p>\n<p style=\"text-align: left;\"><div class=\"col-6 col--sm-12 grid wysiwyg p-l-xsm p-r-xsm m-b-xsm\"><img loading=\"lazy\" decoding=\"async\" class=\"aligncenter wp-image-21784\" src=\"https:\/\/www.ovpm.org\/wp-content\/uploads\/2020\/06\/first-book-on-cultural-heritage-2019-220x300.jpg\" alt=\"\" width=\"300\" height=\"409\" srcset=\"https:\/\/www.ovpm.org\/wp-content\/uploads\/2020\/06\/first-book-on-cultural-heritage-2019-220x300.jpg 220w, https:\/\/www.ovpm.org\/wp-content\/uploads\/2020\/06\/first-book-on-cultural-heritage-2019-768x1047.jpg 768w, https:\/\/www.ovpm.org\/wp-content\/uploads\/2020\/06\/first-book-on-cultural-heritage-2019-751x1024.jpg 751w, https:\/\/www.ovpm.org\/wp-content\/uploads\/2020\/06\/first-book-on-cultural-heritage-2019-880x1200.jpg 880w\" sizes=\"(max-width: 300px) 100vw, 300px\" \/><\/p>\n<p style=\"text-align: left;\"><\/div><\/p>\n<p style=\"text-align: left;\"><div class=\"col-6 col--sm-12 grid wysiwyg p-l-xsm p-r-xsm m-b-xsm\"><\/p>\n<h5 style=\"text-align: left;\">Autor: Dr. Kiss Katalin (dir.)<br \/>\n\u00ad<br \/>\nCoautores: Dr. Miron Brezno\u0161\u010d\u00e1k; K\u00e1rp\u00e1ti S\u00e1ndorn\u00e9; Mirka Brezno\u0161\u010d\u00e1kov\u00e1 Kuli\u0161ekov\u00e1<br \/>\n\u00ad\u00a0\u00ad<br \/>\nCon el apoyo de la Organizaci\u00f3n de las Ciudades del Patrimonio Mundial (OCPM)<br \/>\n\u00ad<br \/>\nCategor\u00eda: Descubrir el Patrimonio Mundial<br \/>\n\u00ad<br \/>\nA\u00f1o: 2019<br \/>\n\u00ad<br \/>\nIdioma: ingl\u00e9s<\/h5>\n<p><a href=\"mailto:drkisskatalin50@gmail.com\" class=\"button m-t-sm m-b-sm\">PEDIR EL LIBRO<\/a><\/div><\/div>\n<hr \/>\n<p><sup><strong>Resumen<\/strong>\u00a0(solamente en ingl\u00e9s): <em>The pupils of the elementary schools are the future engineers, architects, investors, developers or conservationists and archaeologists, but most of all, they will make the decisions in the future. Anyone can be involved in decisions, even the inhabitants of a village. Our workshop\u2019s aim is to show the children how sensitive questions can arise concerning heritage, and we hope it will help them understand their responsibility when they grow up. The sense of responsibility is very important because our immediate and broader environment\u2019s future is based on such decisions. The aim is complex; the mastering of the material related to cultural heritage is complemented by our moral contribution, world view, and how we see our future.<\/em><\/sup><\/p>\n<p><em><sup><a href=\"https:\/\/www.ovpm.org\/program\/my-first-book-on-cultural-heritage\/\">M\u00e1s informaci\u00f3n (solamente en ingl\u00e9s) &gt;<\/a><\/sup><\/em><\/p>\n","protected":false},"excerpt":{"rendered":"<p>Resumen\u00a0(solamente en ingl\u00e9s): The pupils of the elementary schools are the future engineers, architects, investors, developers or conservationists and archaeologists, but most of all, they will make the decisions in the future. Anyone can be involved in decisions, even the inhabitants of a village. Our workshop\u2019s aim is to show the children how sensitive questions [&hellip;]<\/p>\n","protected":false},"author":3,"featured_media":0,"parent":22719,"menu_order":117,"comment_status":"closed","ping_status":"closed","template":"","meta":{"_acf_changed":false,"footnotes":""},"acf":[],"_links":{"self":[{"href":"https:\/\/www.ovpm.org\/es\/wp-json\/wp\/v2\/pages\/22767"}],"collection":[{"href":"https:\/\/www.ovpm.org\/es\/wp-json\/wp\/v2\/pages"}],"about":[{"href":"https:\/\/www.ovpm.org\/es\/wp-json\/wp\/v2\/types\/page"}],"author":[{"embeddable":true,"href":"https:\/\/www.ovpm.org\/es\/wp-json\/wp\/v2\/users\/3"}],"replies":[{"embeddable":true,"href":"https:\/\/www.ovpm.org\/es\/wp-json\/wp\/v2\/comments?post=22767"}],"version-history":[{"count":0,"href":"https:\/\/www.ovpm.org\/es\/wp-json\/wp\/v2\/pages\/22767\/revisions"}],"up":[{"embeddable":true,"href":"https:\/\/www.ovpm.org\/es\/wp-json\/wp\/v2\/pages\/22719"}],"wp:attachment":[{"href":"https:\/\/www.ovpm.org\/es\/wp-json\/wp\/v2\/media?parent=22767"}],"curies":[{"name":"wp","href":"https:\/\/api.w.org\/{rel}","templated":true}]}}