{"id":22765,"date":"2020-06-29T18:03:05","date_gmt":"2020-06-29T18:03:05","guid":{"rendered":"https:\/\/www.ovpm.org\/?page_id=22765"},"modified":"2020-09-29T13:45:41","modified_gmt":"2020-09-29T13:45:41","slug":"world-heritage-recipes-enjoy-the-taste-of-world-heritage-2019","status":"publish","type":"page","link":"https:\/\/www.ovpm.org\/es\/recursos\/descubrir-el-patrimonio-mundial\/world-heritage-recipes-enjoy-the-taste-of-world-heritage-2019\/","title":{"rendered":"World Heritage Recipes &#8211; Enjoy the Taste of World Heritage (2019)"},"content":{"rendered":"<div class=\"section grid col-12\" style=\"margin-left: -1rem; margin-right: -1rem;\"><\/p>\n<p style=\"text-align: left;\"><div class=\"col-6 col--sm-12 grid wysiwyg p-l-xsm p-r-xsm m-b-xsm\"><img loading=\"lazy\" decoding=\"async\" class=\"aligncenter wp-image-21718\" src=\"https:\/\/www.ovpm.org\/wp-content\/uploads\/2020\/06\/world-heritage-recipe-2019-1-220x300.jpg\" alt=\"\" width=\"300\" height=\"409\" srcset=\"https:\/\/www.ovpm.org\/wp-content\/uploads\/2020\/06\/world-heritage-recipe-2019-1-220x300.jpg 220w, https:\/\/www.ovpm.org\/wp-content\/uploads\/2020\/06\/world-heritage-recipe-2019-1-768x1047.jpg 768w, https:\/\/www.ovpm.org\/wp-content\/uploads\/2020\/06\/world-heritage-recipe-2019-1-751x1024.jpg 751w, https:\/\/www.ovpm.org\/wp-content\/uploads\/2020\/06\/world-heritage-recipe-2019-1-880x1200.jpg 880w\" sizes=\"(max-width: 300px) 100vw, 300px\" \/><\/p>\n<p style=\"text-align: left;\"><\/div><\/p>\n<p style=\"text-align: left;\"><div class=\"col-6 col--sm-12 grid wysiwyg p-l-xsm p-r-xsm m-b-xsm\"><\/p>\n<h5 style=\"text-align: left;\">Coordinaci\u00f3n: Matthias Ripp, Coordinador Regional de la Secretar\u00eda Regional Europa del Noroeste y Am\u00e9rica del Norte de la OCPM<br \/>\n\u00ad<br \/>\nTrabajo editorial: Monika G\u00f6ttler, Jakob Helmhold, Matthias Ripp<br \/>\n\u00ad<br \/>\nCategor\u00eda: Descubrir el Patrimonio Mundial<br \/>\n\u00ad<br \/>\nA\u00f1o: 2019<br \/>\n\u00ad<br \/>\nIdioma: ingl\u00e9s (tambi\u00e9n disponible en <a href=\"https:\/\/www.regensburg.de\/fm\/RBG_SIXTUS_1A64.a.578.de\/r_upload\/SR-OWHC-Rezeptbuch2-deutsch-RZ-Online.3706773.pdf\">alem\u00e1n<\/a>)<\/h5>\n<p><a href=\"https:\/\/www.ovpm.org\/wp-content\/uploads\/2019\/06\/owhc-recipebook-onlinesmall.pdf\" class=\"button m-t-sm m-b-sm\">DESCARGAR<\/a><\/div><\/div>\n<hr \/>\n<p><sup><strong>Resumen<\/strong>\u00a0(solamente en ingl\u00e9s): <em>This brochure was created by the Secretariat for Northwest Europe and North America, hosted by the City of Regensburg, Germany. We promote communi-cation between member cities and organize regular meetings with experts and delegates from each city to discuss ideas and problems. We also try to bring World Heritage closer to our own citizens by organizing projects and events, like photo and video competitions or travel scholarships.<\/em><\/sup><\/p>\n<p><em><sup>In this brochure, we combine tangible and intangible heritage: we not only inform you about the outstanding universal value of our World Heritage cities, but also give you insights about each city\u2019s culinary heritage. By providing an easy to follow recipe about each region\u2019s most famous dish, we invite you to taste a delicious heritage.<\/sup><\/em><\/p>\n<p><em><sup>Have fun, and enjoy trying out our international recipes!<\/sup><\/em><\/p>\n","protected":false},"excerpt":{"rendered":"<p>Resumen\u00a0(solamente en ingl\u00e9s): This brochure was created by the Secretariat for Northwest Europe and North America, hosted by the City of Regensburg, Germany. We promote communi-cation between member cities and organize regular meetings with experts and delegates from each city to discuss ideas and problems. We also try to bring World Heritage closer to our [&hellip;]<\/p>\n","protected":false},"author":3,"featured_media":0,"parent":22719,"menu_order":105,"comment_status":"closed","ping_status":"closed","template":"","meta":{"_acf_changed":false,"footnotes":""},"acf":[],"_links":{"self":[{"href":"https:\/\/www.ovpm.org\/es\/wp-json\/wp\/v2\/pages\/22765"}],"collection":[{"href":"https:\/\/www.ovpm.org\/es\/wp-json\/wp\/v2\/pages"}],"about":[{"href":"https:\/\/www.ovpm.org\/es\/wp-json\/wp\/v2\/types\/page"}],"author":[{"embeddable":true,"href":"https:\/\/www.ovpm.org\/es\/wp-json\/wp\/v2\/users\/3"}],"replies":[{"embeddable":true,"href":"https:\/\/www.ovpm.org\/es\/wp-json\/wp\/v2\/comments?post=22765"}],"version-history":[{"count":0,"href":"https:\/\/www.ovpm.org\/es\/wp-json\/wp\/v2\/pages\/22765\/revisions"}],"up":[{"embeddable":true,"href":"https:\/\/www.ovpm.org\/es\/wp-json\/wp\/v2\/pages\/22719"}],"wp:attachment":[{"href":"https:\/\/www.ovpm.org\/es\/wp-json\/wp\/v2\/media?parent=22765"}],"curies":[{"name":"wp","href":"https:\/\/api.w.org\/{rel}","templated":true}]}}