{"id":22763,"date":"2020-06-29T17:59:49","date_gmt":"2020-06-29T17:59:49","guid":{"rendered":"https:\/\/www.ovpm.org\/?page_id=22763"},"modified":"2020-06-29T17:59:49","modified_gmt":"2020-06-29T17:59:49","slug":"informe-anual-2019","status":"publish","type":"page","link":"https:\/\/www.ovpm.org\/es\/recursos\/informes-anuales\/informe-anual-2019\/","title":{"rendered":"Informe Anual 2019"},"content":{"rendered":"<div class=\"section grid col-12\" style=\"margin-left: -1rem; margin-right: -1rem;\"><\/p>\n<p style=\"text-align: left;\"><div class=\"col-6 col--sm-12 grid wysiwyg p-l-xsm p-r-xsm m-b-xsm\"><img loading=\"lazy\" decoding=\"async\" class=\"aligncenter wp-image-21712\" src=\"https:\/\/www.ovpm.org\/wp-content\/uploads\/2020\/06\/2019-annual-report-220x300.jpg\" alt=\"\" width=\"250\" height=\"341\" srcset=\"https:\/\/www.ovpm.org\/wp-content\/uploads\/2020\/06\/2019-annual-report-220x300.jpg 220w, https:\/\/www.ovpm.org\/wp-content\/uploads\/2020\/06\/2019-annual-report-768x1047.jpg 768w, https:\/\/www.ovpm.org\/wp-content\/uploads\/2020\/06\/2019-annual-report-751x1024.jpg 751w, https:\/\/www.ovpm.org\/wp-content\/uploads\/2020\/06\/2019-annual-report-880x1200.jpg 880w\" sizes=\"(max-width: 250px) 100vw, 250px\" \/><\/p>\n<p style=\"text-align: left;\"><\/div><\/p>\n<p style=\"text-align: left;\"><div class=\"col-6 col--sm-12 grid wysiwyg p-l-xsm p-r-xsm m-b-xsm\"><\/p>\n<h5 style=\"text-align: left;\">Autor: Organizaci\u00f3n de las Ciudades del Patrimonio Mundial (OCPM)<br \/>\n\u00ad<br \/>\nCategor\u00eda: Informes Anuales<br \/>\n\u00ad<br \/>\nA\u00f1o: 2019<br \/>\n\u00ad<br \/>\nIdioma: espa\u00f1ol<\/h5>\n<p><a href=\"https:\/\/www.ovpm.org\/wp-content\/uploads\/2020\/06\/ocpminforme-anual-2019espweb.pdf\" class=\"button m-t-sm m-b-sm\">DESCARGAR<\/a><\/div><\/div>\n<hr \/>\n<p><sup><strong>Resumen:<\/strong>El punto culminante del a\u00f1o 2019 fue sin duda alguna el XV Congreso Mundial que se celebr\u00f3 en Cracovia (Polonia), del 2 al 5 de junio. El tema del Simposio Cient\u00edfico \u00abPatrimonio y turismo, comunidades locales y visitantes \u2013 responsabilidades compartidas\u00bb result\u00f3 ser de una gran pertinencia para los alcaldes, responsables municipales y expertos en patrimonio.<br \/>\n<\/sup><\/p>\n<p><sup>Otro momento de gran importancia fue la atribuci\u00f3n del Premio Jean-Paul-L\u2019Allier para el Patrimonio 2019 a la ciudad de San Petersburgo (Federaci\u00f3n Rusa) como reconocimiento por la transformaci\u00f3n exitosa de cinco sitios del Patrimonio Industrial (f\u00e1bricas) en espacios creativos para actividades sociales y culturales din\u00e1micas.<br \/>\n<\/sup><\/p>\n<p><sup>Por \u00faltimo, se parece primordial recordar el \u00e9xito de la Conferencia de Viena, titulada \u00abPreservaci\u00f3n, desarrollo y gesti\u00f3n del Patrimonio Mundial en las ciudades din\u00e1micas\u00bb. Aquel encuentro reuni\u00f3 a ediles municipales y profesionales del patrimonio de 25 ciudades del mundo y permiti\u00f3 compartir buenas pr\u00e1cticas y debates interactivos. He aqu\u00ed un excelente ejemplo de actividad que permiti\u00f3 llevar a la pr\u00e1ctica uno de los objetivos claves de la OCPM: el intercambio de informaciones y pericia en materia de conservaci\u00f3n y gesti\u00f3n del patrimonio urbano.<\/sup><\/p>\n","protected":false},"excerpt":{"rendered":"<p>Resumen:El punto culminante del a\u00f1o 2019 fue sin duda alguna el XV Congreso Mundial que se celebr\u00f3 en Cracovia (Polonia), del 2 al 5 de junio. El tema del Simposio Cient\u00edfico \u00abPatrimonio y turismo, comunidades locales y visitantes \u2013 responsabilidades compartidas\u00bb result\u00f3 ser de una gran pertinencia para los alcaldes, responsables municipales y expertos en [&hellip;]<\/p>\n","protected":false},"author":3,"featured_media":0,"parent":22717,"menu_order":199,"comment_status":"closed","ping_status":"closed","template":"","meta":{"_acf_changed":false,"footnotes":""},"acf":[],"_links":{"self":[{"href":"https:\/\/www.ovpm.org\/es\/wp-json\/wp\/v2\/pages\/22763"}],"collection":[{"href":"https:\/\/www.ovpm.org\/es\/wp-json\/wp\/v2\/pages"}],"about":[{"href":"https:\/\/www.ovpm.org\/es\/wp-json\/wp\/v2\/types\/page"}],"author":[{"embeddable":true,"href":"https:\/\/www.ovpm.org\/es\/wp-json\/wp\/v2\/users\/3"}],"replies":[{"embeddable":true,"href":"https:\/\/www.ovpm.org\/es\/wp-json\/wp\/v2\/comments?post=22763"}],"version-history":[{"count":0,"href":"https:\/\/www.ovpm.org\/es\/wp-json\/wp\/v2\/pages\/22763\/revisions"}],"up":[{"embeddable":true,"href":"https:\/\/www.ovpm.org\/es\/wp-json\/wp\/v2\/pages\/22717"}],"wp:attachment":[{"href":"https:\/\/www.ovpm.org\/es\/wp-json\/wp\/v2\/media?parent=22763"}],"curies":[{"name":"wp","href":"https:\/\/api.w.org\/{rel}","templated":true}]}}