{"id":22757,"date":"2020-06-29T17:47:34","date_gmt":"2020-06-29T17:47:34","guid":{"rendered":"https:\/\/www.ovpm.org\/?page_id=22757"},"modified":"2020-06-29T17:47:34","modified_gmt":"2020-06-29T17:47:34","slug":"safeguarding-and-further-developing-world-heritage-cities-2014","status":"publish","type":"page","link":"https:\/\/www.ovpm.org\/es\/recursos\/documentos-de-posicion\/safeguarding-and-further-developing-world-heritage-cities-2014\/","title":{"rendered":"Safeguarding and Further Developing World Heritage Cities (2014)"},"content":{"rendered":"<div class=\"section grid col-12\" style=\"margin-left: -1rem; margin-right: -1rem;\"><\/p>\n<p style=\"text-align: left;\"><div class=\"col-6 col--sm-12 grid wysiwyg p-l-xsm p-r-xsm m-b-xsm\"><img loading=\"lazy\" decoding=\"async\" class=\"aligncenter wp-image-21703\" src=\"https:\/\/www.ovpm.org\/wp-content\/uploads\/2020\/06\/safeguarding-and-further-developing-world-heritage-cities-2014-220x300.jpg\" alt=\"\" width=\"300\" height=\"409\" srcset=\"https:\/\/www.ovpm.org\/wp-content\/uploads\/2020\/06\/safeguarding-and-further-developing-world-heritage-cities-2014-220x300.jpg 220w, https:\/\/www.ovpm.org\/wp-content\/uploads\/2020\/06\/safeguarding-and-further-developing-world-heritage-cities-2014-768x1047.jpg 768w, https:\/\/www.ovpm.org\/wp-content\/uploads\/2020\/06\/safeguarding-and-further-developing-world-heritage-cities-2014-751x1024.jpg 751w, https:\/\/www.ovpm.org\/wp-content\/uploads\/2020\/06\/safeguarding-and-further-developing-world-heritage-cities-2014-880x1200.jpg 880w\" sizes=\"(max-width: 300px) 100vw, 300px\" \/><\/p>\n<p style=\"text-align: left;\"><\/div><\/p>\n<p style=\"text-align: left;\"><div class=\"col-6 col--sm-12 grid wysiwyg p-l-xsm p-r-xsm m-b-xsm\"><\/p>\n<h5 style=\"text-align: left;\">Coordinaci\u00f3n: Matthias Ripp, Coordinador Regional de la Secretar\u00eda Regional Europa del Noroeste y Am\u00e9rica del Norte de la OCPM<br \/>\n\u00ad<br \/>\nCategor\u00eda: Documentos de Posici\u00f3n<br \/>\n\u00ad<br \/>\nA\u00f1o: 2014<br \/>\n\u00ad<br \/>\nIdioma: ingl\u00e9s<\/h5>\n<p><a href=\"https:\/\/www.ovpm.org\/wp-content\/uploads\/2020\/06\/safeguarding-and-further-developing-world-heritage-cities-2013-northwest-europe.pdf\" class=\"button m-t-sm m-b-sm\">DESCARGAR<\/a><\/div><\/div>\n<hr \/>\n<p><sup><strong>Resumen<\/strong>\u00a0(solamente en ingl\u00e9s): <em>Built environments that are especially worthy of protection, like UNESCO World Heritage Cities, are often affected by intensive use from a wide range of municipal functions. Tourism and associated transportation uses, alongside residential and commercial uses in the retail and service industries, can affect the ecclesiastical and public functions (of a town). This leads to conflicts and requires special and careful planning that is coordinated and integrated. In addition to the resultant challenges, such as achieving a desirable balance between residential and event uses, there lie, within balance, great opportunities to advance economic development by using the UNESCO World Heritage status. In this way a city can develop its own competitive profile. New challenges such as demographic change, climate change, migration trends, and the resultant needs for integration can only be overcome by integrated approaches and an appropriate administrative framework.<\/em><\/sup><\/p>\n","protected":false},"excerpt":{"rendered":"<p>Resumen\u00a0(solamente en ingl\u00e9s): Built environments that are especially worthy of protection, like UNESCO World Heritage Cities, are often affected by intensive use from a wide range of municipal functions. Tourism and associated transportation uses, alongside residential and commercial uses in the retail and service industries, can affect the ecclesiastical and public functions (of a town). [&hellip;]<\/p>\n","protected":false},"author":3,"featured_media":0,"parent":22713,"menu_order":140,"comment_status":"closed","ping_status":"closed","template":"","meta":{"_acf_changed":false,"footnotes":""},"acf":[],"_links":{"self":[{"href":"https:\/\/www.ovpm.org\/es\/wp-json\/wp\/v2\/pages\/22757"}],"collection":[{"href":"https:\/\/www.ovpm.org\/es\/wp-json\/wp\/v2\/pages"}],"about":[{"href":"https:\/\/www.ovpm.org\/es\/wp-json\/wp\/v2\/types\/page"}],"author":[{"embeddable":true,"href":"https:\/\/www.ovpm.org\/es\/wp-json\/wp\/v2\/users\/3"}],"replies":[{"embeddable":true,"href":"https:\/\/www.ovpm.org\/es\/wp-json\/wp\/v2\/comments?post=22757"}],"version-history":[{"count":0,"href":"https:\/\/www.ovpm.org\/es\/wp-json\/wp\/v2\/pages\/22757\/revisions"}],"up":[{"embeddable":true,"href":"https:\/\/www.ovpm.org\/es\/wp-json\/wp\/v2\/pages\/22713"}],"wp:attachment":[{"href":"https:\/\/www.ovpm.org\/es\/wp-json\/wp\/v2\/media?parent=22757"}],"curies":[{"name":"wp","href":"https:\/\/api.w.org\/{rel}","templated":true}]}}