{"id":22755,"date":"2020-06-29T17:44:56","date_gmt":"2020-06-29T17:44:56","guid":{"rendered":"https:\/\/www.ovpm.org\/?page_id=22755"},"modified":"2020-06-29T17:44:56","modified_gmt":"2020-06-29T17:44:56","slug":"keepers-of-traditions-and-laboratories-of-the-future-2020","status":"publish","type":"page","link":"https:\/\/www.ovpm.org\/es\/recursos\/documentos-de-posicion\/keepers-of-traditions-and-laboratories-of-the-future-2020\/","title":{"rendered":"Keepers of Traditions and Laboratories of the Future (2020)"},"content":{"rendered":"<div class=\"section grid col-12\" style=\"margin-left: -1rem; margin-right: -1rem;\"><\/p>\n<p style=\"text-align: left;\"><div class=\"col-6 col--sm-12 grid wysiwyg p-l-xsm p-r-xsm m-b-xsm\"><img loading=\"lazy\" decoding=\"async\" class=\"aligncenter wp-image-21651\" src=\"https:\/\/www.ovpm.org\/wp-content\/uploads\/2020\/06\/keepers-of-traditions-2020-3-220x300.jpg\" alt=\"\" width=\"300\" height=\"409\" srcset=\"https:\/\/www.ovpm.org\/wp-content\/uploads\/2020\/06\/keepers-of-traditions-2020-3-220x300.jpg 220w, https:\/\/www.ovpm.org\/wp-content\/uploads\/2020\/06\/keepers-of-traditions-2020-3-768x1047.jpg 768w, https:\/\/www.ovpm.org\/wp-content\/uploads\/2020\/06\/keepers-of-traditions-2020-3-751x1024.jpg 751w, https:\/\/www.ovpm.org\/wp-content\/uploads\/2020\/06\/keepers-of-traditions-2020-3-880x1200.jpg 880w\" sizes=\"(max-width: 300px) 100vw, 300px\" \/><\/p>\n<p style=\"text-align: left;\"><\/div><\/p>\n<p style=\"text-align: left;\"><div class=\"col-6 col--sm-12 grid wysiwyg p-l-xsm p-r-xsm m-b-xsm\"><\/p>\n<h5 style=\"text-align: left;\">Coordinaci\u00f3n: Matthias Ripp, Coordinador Regional de la Secretar\u00eda Regional Europa del Noroeste y Am\u00e9rica del Norte de la OCPM<br \/>\n\u00ad<br \/>\nTrabajo editorial: Monika G\u00f6ttler, Matthias Ripp, con el apoyo de Colleen Swain y Melissa Stevens<br \/>\n\u00ad<br \/>\nCategor\u00eda: Documentos de Posici\u00f3n<br \/>\n\u00ad<br \/>\nA\u00f1o: 2020<br \/>\n\u00ad<br \/>\nIdioma: ingl\u00e9s<\/h5>\n<p><a href=\"https:\/\/www.ovpm.org\/wp-content\/uploads\/2020\/03\/owhcpositionpaper2020final.pdf\" class=\"button m-t-sm m-b-sm\">DESCARGAR<\/a><\/div><\/div>\n<hr \/>\n<p><sup><strong>Resumen<\/strong>\u00a0(solamente en ingl\u00e9s): <em>Recognition of a historic town or a city district as a UNESCO World Heritage site is the highest international distinction given for preservation. Even more than with other World Heritage sites, urban sites are particularly challenged to withstand and balance the tensions between tradition and modernity and preserving historical heritage and developing a vibrant city. The distinction opens up new economic prospects, especially in tourism, but it can also have its drawbacks, for example in the impact of large numbers of users visiting a site. In addressing these issues, new impulses arise to integrate urban development\u2014which also benefit cities that are not World Heritage. The aim is to heighten a city\u2019s own profile, to develop a shared city identity that draws on both a European and global context, and to promote social cohesion. In view of the current challenges of globalization, climate change, immigration and social segregation, these goals and the ways in which they are operationalized are very important.<\/em><\/sup><\/p>\n","protected":false},"excerpt":{"rendered":"<p>Resumen\u00a0(solamente en ingl\u00e9s): Recognition of a historic town or a city district as a UNESCO World Heritage site is the highest international distinction given for preservation. Even more than with other World Heritage sites, urban sites are particularly challenged to withstand and balance the tensions between tradition and modernity and preserving historical heritage and developing [&hellip;]<\/p>\n","protected":false},"author":3,"featured_media":0,"parent":22713,"menu_order":131,"comment_status":"closed","ping_status":"closed","template":"","meta":{"_acf_changed":false,"footnotes":""},"acf":[],"_links":{"self":[{"href":"https:\/\/www.ovpm.org\/es\/wp-json\/wp\/v2\/pages\/22755"}],"collection":[{"href":"https:\/\/www.ovpm.org\/es\/wp-json\/wp\/v2\/pages"}],"about":[{"href":"https:\/\/www.ovpm.org\/es\/wp-json\/wp\/v2\/types\/page"}],"author":[{"embeddable":true,"href":"https:\/\/www.ovpm.org\/es\/wp-json\/wp\/v2\/users\/3"}],"replies":[{"embeddable":true,"href":"https:\/\/www.ovpm.org\/es\/wp-json\/wp\/v2\/comments?post=22755"}],"version-history":[{"count":0,"href":"https:\/\/www.ovpm.org\/es\/wp-json\/wp\/v2\/pages\/22755\/revisions"}],"up":[{"embeddable":true,"href":"https:\/\/www.ovpm.org\/es\/wp-json\/wp\/v2\/pages\/22713"}],"wp:attachment":[{"href":"https:\/\/www.ovpm.org\/es\/wp-json\/wp\/v2\/media?parent=22755"}],"curies":[{"name":"wp","href":"https:\/\/api.w.org\/{rel}","templated":true}]}}