{"id":22742,"date":"2020-06-29T14:22:33","date_gmt":"2020-06-29T14:22:33","guid":{"rendered":"https:\/\/www.ovpm.org\/?page_id=22742"},"modified":"2021-05-04T19:36:27","modified_gmt":"2021-05-04T19:36:27","slug":"patrimonio-y-arqueologia-2010","status":"publish","type":"page","link":"https:\/\/www.ovpm.org\/es\/recursos\/estudios-de-casos\/patrimonio-y-arqueologia-2010\/","title":{"rendered":"Patrimonio y Arqueolog\u00eda (2010)"},"content":{"rendered":"<div class=\"section grid col-12\" style=\"margin-left: -1rem; margin-right: -1rem;\"><\/p>\n<p style=\"text-align: left;\"><div class=\"col-6 col--sm-12 grid wysiwyg p-l-xsm p-r-xsm m-b-xsm\"><img loading=\"lazy\" decoding=\"async\" class=\"aligncenter wp-image-21693\" src=\"https:\/\/www.ovpm.org\/wp-content\/uploads\/2020\/06\/heritage-and-archeology-2010-220x300.jpg\" alt=\"\" width=\"250\" height=\"341\" srcset=\"https:\/\/www.ovpm.org\/wp-content\/uploads\/2020\/06\/heritage-and-archeology-2010-220x300.jpg 220w, https:\/\/www.ovpm.org\/wp-content\/uploads\/2020\/06\/heritage-and-archeology-2010-768x1047.jpg 768w, https:\/\/www.ovpm.org\/wp-content\/uploads\/2020\/06\/heritage-and-archeology-2010-751x1024.jpg 751w, https:\/\/www.ovpm.org\/wp-content\/uploads\/2020\/06\/heritage-and-archeology-2010-880x1200.jpg 880w\" sizes=\"(max-width: 250px) 100vw, 250px\" \/><\/p>\n<p style=\"text-align: left;\"><\/div><\/p>\n<p style=\"text-align: left;\"><div class=\"col-6 col--sm-12 grid wysiwyg p-l-xsm p-r-xsm m-b-xsm\"><\/p>\n<h5 style=\"text-align: left;\">Autor: Secretar\u00eda Regional de Europa del Sur y del Mediterr\u00e1neo de la OCPM<br \/>\n\u00ad<br \/>\nCategor\u00eda: Estudios de Casos<br \/>\n\u00ad<br \/>\nA\u00f1o: 2012<br \/>\n\u00ad<br \/>\nIdioma: espa\u00f1ol, ingl\u00e9s, franc\u00e9s, portugu\u00e9s<\/h5>\n<p><a href=\"https:\/\/www.ovpm.org\/wp-content\/uploads\/2018\/09\/folleto-arqueologia-y-patrimonio2019reduced.pdf\" class=\"button m-t-sm m-b-sm\">DESCARGAR<\/a><\/div><\/div>\n<hr \/>\n<p><sup><strong>Resumen:<\/strong> Fundada el 8 de septiembre de 1993, en Fez (Marruecos), la Organizaci\u00f3n de las Ciudades del Patrimonio Mundial (OCPM) reune las 227 ciudades que tienen en su territorio un sitio inscrito por la UNESCO en la Lista del Patrimonio Mundial. Las acciones de la OCPM van encaminadas a contribuir a la implantaci\u00f3n de la Convenci\u00f3n del Patrimonio Mundial de 1972 y se estructura en varias Secretar\u00edas Regionales. La Secretar\u00eda Regional de Europa del Sur y del Mediterr\u00e1neo se constituy\u00f3 en C\u00f3rdoba (Espa\u00f1a) el 18 de septiembre de 2001 con el fin de establecer una red de ciudades para propiciar la puesta en marcha de proyectos comunes y contribuir a fortalecer los lazos de cooperaci\u00f3n entre estas ciudades que comparten un marco geogr\u00e1fico, hist\u00f3rico y cultural com\u00fan. Esta Gu\u00eda sobre Arqueolog\u00eda y Patrimonio es el resultado de uno de esos proyectos.<\/sup><\/p>\n<p>&nbsp;<\/p>\n","protected":false},"excerpt":{"rendered":"<p>Resumen: Fundada el 8 de septiembre de 1993, en Fez (Marruecos), la Organizaci\u00f3n de las Ciudades del Patrimonio Mundial (OCPM) reune las 227 ciudades que tienen en su territorio un sitio inscrito por la UNESCO en la Lista del Patrimonio Mundial. Las acciones de la OCPM van encaminadas a contribuir a la implantaci\u00f3n de la [&hellip;]<\/p>\n","protected":false},"author":3,"featured_media":0,"parent":22702,"menu_order":84,"comment_status":"closed","ping_status":"closed","template":"","meta":{"_acf_changed":false,"footnotes":""},"acf":[],"_links":{"self":[{"href":"https:\/\/www.ovpm.org\/es\/wp-json\/wp\/v2\/pages\/22742"}],"collection":[{"href":"https:\/\/www.ovpm.org\/es\/wp-json\/wp\/v2\/pages"}],"about":[{"href":"https:\/\/www.ovpm.org\/es\/wp-json\/wp\/v2\/types\/page"}],"author":[{"embeddable":true,"href":"https:\/\/www.ovpm.org\/es\/wp-json\/wp\/v2\/users\/3"}],"replies":[{"embeddable":true,"href":"https:\/\/www.ovpm.org\/es\/wp-json\/wp\/v2\/comments?post=22742"}],"version-history":[{"count":2,"href":"https:\/\/www.ovpm.org\/es\/wp-json\/wp\/v2\/pages\/22742\/revisions"}],"predecessor-version":[{"id":24811,"href":"https:\/\/www.ovpm.org\/es\/wp-json\/wp\/v2\/pages\/22742\/revisions\/24811"}],"up":[{"embeddable":true,"href":"https:\/\/www.ovpm.org\/es\/wp-json\/wp\/v2\/pages\/22702"}],"wp:attachment":[{"href":"https:\/\/www.ovpm.org\/es\/wp-json\/wp\/v2\/media?parent=22742"}],"curies":[{"name":"wp","href":"https:\/\/api.w.org\/{rel}","templated":true}]}}