{"id":22733,"date":"2020-06-29T14:07:25","date_gmt":"2020-06-29T14:07:25","guid":{"rendered":"https:\/\/www.ovpm.org\/?page_id=22733"},"modified":"2021-05-04T19:34:55","modified_gmt":"2021-05-04T19:34:55","slug":"ciudades-historicas-en-desarrollo-2014","status":"publish","type":"page","link":"https:\/\/www.ovpm.org\/es\/recursos\/estudios-de-casos\/ciudades-historicas-en-desarrollo-2014\/","title":{"rendered":"Ciudades Hist\u00f3ricas en Desarrollo (2014)"},"content":{"rendered":"<div class=\"section grid col-12\" style=\"margin-left: -1rem; margin-right: -1rem;\"><\/p>\n<p style=\"text-align: left;\"><div class=\"col-6 col--sm-12 grid wysiwyg p-l-xsm p-r-xsm m-b-xsm\"><img loading=\"lazy\" decoding=\"async\" class=\"aligncenter wp-image-21702\" src=\"https:\/\/www.ovpm.org\/wp-content\/uploads\/2020\/06\/developing-historic-cities-2014-1-220x300.jpg\" alt=\"\" width=\"250\" height=\"341\" srcset=\"https:\/\/www.ovpm.org\/wp-content\/uploads\/2020\/06\/developing-historic-cities-2014-1-220x300.jpg 220w, https:\/\/www.ovpm.org\/wp-content\/uploads\/2020\/06\/developing-historic-cities-2014-1-768x1047.jpg 768w, https:\/\/www.ovpm.org\/wp-content\/uploads\/2020\/06\/developing-historic-cities-2014-1-751x1024.jpg 751w, https:\/\/www.ovpm.org\/wp-content\/uploads\/2020\/06\/developing-historic-cities-2014-1-880x1200.jpg 880w\" sizes=\"(max-width: 250px) 100vw, 250px\" \/><\/p>\n<p style=\"text-align: left;\"><\/div><\/p>\n<p style=\"text-align: left;\"><div class=\"col-6 col--sm-12 grid wysiwyg p-l-xsm p-r-xsm m-b-xsm\"><\/p>\n<h5 style=\"text-align: left;\">Autores: Organizaci\u00f3n de las Ciudades del Patrimonio Mundial (OCPM), Ciudad de Lyon, Centro del Patrimonio Mundial de la UNESCO, Convenci\u00f3n Francia-UNESCO, Consejo de Europa, The Getty Conservation Institute, ICOMOS<br \/>\n\u00ad<br \/>\nCategor\u00eda: Estudios de Casos<br \/>\n\u00ad<br \/>\nA\u00f1o: 2014<br \/>\n\u00ad<br \/>\nIdioma: ingl\u00e9s, franc\u00e9s, espa\u00f1ol<\/h5>\n<p><a href=\"https:\/\/www.ovpm.org\/wp-content\/uploads\/2020\/06\/ciudades-historicas-en-desarrollo-claves-para-comprender-y-actuar.pdf\" class=\"button m-t-sm m-b-sm\">DESCARGAR<\/a><\/div><\/div>\n<hr \/>\n<p><sup><strong>Resumen:<\/strong> Este proyecto de estudios de casos se propone aportar una contribuci\u00f3n al debate animado, a escala mundial, por el Comit\u00e9 del Patrimonio Mundial, as\u00ed como por las instituciones y ONG internacionales, para proporcionar instrumentos a los Estados, a los alcaldes responsables del desarrollo de sus ciudades, a los gestores de bienes del Patrimonio Mundial y, m\u00e1s ampliamente, de las ciudades hist\u00f3ricas. Asimismo, aspira a valorizar la experiencia pr\u00e1ctica, sobre el terreno, propiciando as\u00ed la cooperaci\u00f3n entre ciudades.<\/sup><\/p>\n<p>&nbsp;<\/p>\n","protected":false},"excerpt":{"rendered":"<p>Resumen: Este proyecto de estudios de casos se propone aportar una contribuci\u00f3n al debate animado, a escala mundial, por el Comit\u00e9 del Patrimonio Mundial, as\u00ed como por las instituciones y ONG internacionales, para proporcionar instrumentos a los Estados, a los alcaldes responsables del desarrollo de sus ciudades, a los gestores de bienes del Patrimonio Mundial [&hellip;]<\/p>\n","protected":false},"author":3,"featured_media":0,"parent":22702,"menu_order":324,"comment_status":"closed","ping_status":"closed","template":"","meta":{"_acf_changed":false,"footnotes":""},"acf":[],"_links":{"self":[{"href":"https:\/\/www.ovpm.org\/es\/wp-json\/wp\/v2\/pages\/22733"}],"collection":[{"href":"https:\/\/www.ovpm.org\/es\/wp-json\/wp\/v2\/pages"}],"about":[{"href":"https:\/\/www.ovpm.org\/es\/wp-json\/wp\/v2\/types\/page"}],"author":[{"embeddable":true,"href":"https:\/\/www.ovpm.org\/es\/wp-json\/wp\/v2\/users\/3"}],"replies":[{"embeddable":true,"href":"https:\/\/www.ovpm.org\/es\/wp-json\/wp\/v2\/comments?post=22733"}],"version-history":[{"count":2,"href":"https:\/\/www.ovpm.org\/es\/wp-json\/wp\/v2\/pages\/22733\/revisions"}],"predecessor-version":[{"id":24807,"href":"https:\/\/www.ovpm.org\/es\/wp-json\/wp\/v2\/pages\/22733\/revisions\/24807"}],"up":[{"embeddable":true,"href":"https:\/\/www.ovpm.org\/es\/wp-json\/wp\/v2\/pages\/22702"}],"wp:attachment":[{"href":"https:\/\/www.ovpm.org\/es\/wp-json\/wp\/v2\/media?parent=22733"}],"curies":[{"name":"wp","href":"https:\/\/api.w.org\/{rel}","templated":true}]}}