{"id":22731,"date":"2020-06-29T13:51:02","date_gmt":"2020-06-29T13:51:02","guid":{"rendered":"https:\/\/www.ovpm.org\/?page_id=22731"},"modified":"2021-05-04T19:34:02","modified_gmt":"2021-05-04T19:34:02","slug":"patrimonio-y-movilidad-2019","status":"publish","type":"page","link":"https:\/\/www.ovpm.org\/es\/recursos\/estudios-de-casos\/patrimonio-y-movilidad-2019\/","title":{"rendered":"Patrimonio y Movilidad (2019)"},"content":{"rendered":"<div class=\"section grid col-12\" style=\"margin-left: -1rem; margin-right: -1rem;\"><\/p>\n<p style=\"text-align: left;\"><div class=\"col-6 col--sm-12 grid wysiwyg p-l-xsm p-r-xsm m-b-xsm\"><img loading=\"lazy\" decoding=\"async\" class=\"alignleft wp-image-21803\" src=\"https:\/\/www.ovpm.org\/wp-content\/uploads\/2020\/06\/heritage-and-mobility-2019-1-220x300.jpg\" alt=\"\" width=\"250\" height=\"341\" srcset=\"https:\/\/www.ovpm.org\/wp-content\/uploads\/2020\/06\/heritage-and-mobility-2019-1-220x300.jpg 220w, https:\/\/www.ovpm.org\/wp-content\/uploads\/2020\/06\/heritage-and-mobility-2019-1-768x1047.jpg 768w, https:\/\/www.ovpm.org\/wp-content\/uploads\/2020\/06\/heritage-and-mobility-2019-1-751x1024.jpg 751w, https:\/\/www.ovpm.org\/wp-content\/uploads\/2020\/06\/heritage-and-mobility-2019-1-880x1200.jpg 880w\" sizes=\"(max-width: 250px) 100vw, 250px\" \/><\/p>\n<p style=\"text-align: left;\"><\/div><\/p>\n<p style=\"text-align: left;\"><div class=\"col-6 col--sm-12 grid wysiwyg p-l-xsm p-r-xsm m-b-xsm\"><\/p>\n<h5 style=\"text-align: left;\">Autor: Secretar\u00eda Regional Europa del Sur\/Mediterr\u00e1neo de la OCPM<br \/>\n\u00ad<br \/>\nCategor\u00eda: Estudios de Caso<br \/>\n\u00ad<br \/>\nA\u00f1o: 2019<br \/>\n\u00ad<br \/>\nIdioma: espa\u00f1ol, ingl\u00e9s, franc\u00e9s, portugu\u00e9s<\/h5>\n<p><a href=\"https:\/\/www.ovpm.org\/wp-content\/uploads\/2018\/09\/folleto-definitivo-patrimonio-y-movilidad-1.pdf\" class=\"button m-t-sm m-b-sm\">DESCARGAR<\/a><\/div><\/div>\n<hr \/>\n<p><sup><strong>Resumen:<\/strong> La Secretar\u00eda Regional Europa del Sur\/Mediterr\u00e1neo de la OCPM asume el compromiso de intercambiar informaci\u00f3n y conocimientos entre las ciudades que la integran para promover una mejor gesti\u00f3n de sus recursos y mayor alcance en sus objetivos. La generaci\u00f3n de Grupos de Trabajo ha permitido compartir experiencias sobre diferentes \u00e1mbitos del Patrimonio y elaborar documentos que resumen y ejemplifican el esfuerzo desarrollado. A los anteriormente publicados \u201cPatrimonio y Arqueolog\u00eda\u201d, \u201cRehabilitaci\u00f3n del Patrimonio\u201d y \u201cAccesibilidad y Patrimonio\u201d, se une este ejemplar, \u201cPatrimonio y Movilidad\u201d,en el que se recogen actuaciones y proyectos que se efect\u00faan desde el obligado respeto a los valores patrimoniales y a su protecci\u00f3n, e incorporan una nueva perspectiva: Movilidad. <\/sup><\/p>\n<p>&nbsp;<\/p>\n","protected":false},"excerpt":{"rendered":"<p>Resumen: La Secretar\u00eda Regional Europa del Sur\/Mediterr\u00e1neo de la OCPM asume el compromiso de intercambiar informaci\u00f3n y conocimientos entre las ciudades que la integran para promover una mejor gesti\u00f3n de sus recursos y mayor alcance en sus objetivos. La generaci\u00f3n de Grupos de Trabajo ha permitido compartir experiencias sobre diferentes \u00e1mbitos del Patrimonio y elaborar [&hellip;]<\/p>\n","protected":false},"author":3,"featured_media":0,"parent":22702,"menu_order":321,"comment_status":"closed","ping_status":"closed","template":"","meta":{"_acf_changed":false,"footnotes":""},"acf":[],"_links":{"self":[{"href":"https:\/\/www.ovpm.org\/es\/wp-json\/wp\/v2\/pages\/22731"}],"collection":[{"href":"https:\/\/www.ovpm.org\/es\/wp-json\/wp\/v2\/pages"}],"about":[{"href":"https:\/\/www.ovpm.org\/es\/wp-json\/wp\/v2\/types\/page"}],"author":[{"embeddable":true,"href":"https:\/\/www.ovpm.org\/es\/wp-json\/wp\/v2\/users\/3"}],"replies":[{"embeddable":true,"href":"https:\/\/www.ovpm.org\/es\/wp-json\/wp\/v2\/comments?post=22731"}],"version-history":[{"count":1,"href":"https:\/\/www.ovpm.org\/es\/wp-json\/wp\/v2\/pages\/22731\/revisions"}],"predecessor-version":[{"id":24804,"href":"https:\/\/www.ovpm.org\/es\/wp-json\/wp\/v2\/pages\/22731\/revisions\/24804"}],"up":[{"embeddable":true,"href":"https:\/\/www.ovpm.org\/es\/wp-json\/wp\/v2\/pages\/22702"}],"wp:attachment":[{"href":"https:\/\/www.ovpm.org\/es\/wp-json\/wp\/v2\/media?parent=22731"}],"curies":[{"name":"wp","href":"https:\/\/api.w.org\/{rel}","templated":true}]}}