{"id":22702,"date":"2020-06-26T18:07:01","date_gmt":"2020-06-26T18:07:01","guid":{"rendered":"https:\/\/www.ovpm.org\/?page_id=22702"},"modified":"2021-05-04T19:28:33","modified_gmt":"2021-05-04T19:28:33","slug":"estudios-de-casos","status":"publish","type":"page","link":"https:\/\/www.ovpm.org\/es\/recursos\/estudios-de-casos\/","title":{"rendered":"Estudios de casos"},"content":{"rendered":"<div>\n<div style=\"text-align: center;\">\n<div data-tid=\"messageBodyContainer\">\n<div data-tid=\"messageBodyContent\">\n<div>\n<div>\n<p><em>Puede realizar una b\u00fasqueda avanzada en la secci\u00f3n de estudios de casos haciendo clic <a href=\"https:\/\/www.ovpm.org\/es\/?page_id=180\">aqu\u00ed<\/a>.<\/em><\/p>\n<\/div>\n<\/div>\n<\/div>\n<\/div>\n<\/div>\n<\/div>\n<p><div class=\"section grid col-12\" style=\"margin-left: -1rem; margin-right: -1rem;\"><div class=\"col-6 col--sm-12 grid wysiwyg p-l-xsm p-r-xsm m-b-xsm\"><\/p>\n<h5 style=\"text-align: center;\">Patrimonio y Movilidad (2019)<a href=\"https:\/\/www.ovpm.org\/es\/recursos\/estudios-de-casos\/patrimonio-y-movilidad-2019\/\"><img loading=\"lazy\" decoding=\"async\" class=\"aligncenter wp-image-21803\" src=\"https:\/\/www.ovpm.org\/wp-content\/uploads\/2020\/06\/heritage-and-mobility-2019-1-220x300.jpg\" alt=\"\" width=\"300\" height=\"409\" srcset=\"https:\/\/www.ovpm.org\/wp-content\/uploads\/2020\/06\/heritage-and-mobility-2019-1-220x300.jpg 220w, https:\/\/www.ovpm.org\/wp-content\/uploads\/2020\/06\/heritage-and-mobility-2019-1-768x1047.jpg 768w, https:\/\/www.ovpm.org\/wp-content\/uploads\/2020\/06\/heritage-and-mobility-2019-1-751x1024.jpg 751w, https:\/\/www.ovpm.org\/wp-content\/uploads\/2020\/06\/heritage-and-mobility-2019-1-880x1200.jpg 880w\" sizes=\"(max-width: 300px) 100vw, 300px\" \/><\/a><br \/>\n<a href=\"https:\/\/www.ovpm.org\/es\/recursos\/estudios-de-casos\/patrimonio-y-movilidad-2019\/\">CONSULTAR<\/a><\/div><\/h5>\n<p style=\"text-align: center;\"><div class=\"col-6 col--sm-12 grid wysiwyg p-l-xsm p-r-xsm m-b-xsm\"><\/p>\n<h5 style=\"text-align: center;\">Ciudades Hist\u00f3ricas en Desarrollo (2014)<a href=\"https:\/\/www.ovpm.org\/es\/recursos\/estudios-de-casos\/ciudades-historicas-en-desarrollo-2014\/\"><img loading=\"lazy\" decoding=\"async\" class=\"aligncenter wp-image-21702\" src=\"https:\/\/www.ovpm.org\/wp-content\/uploads\/2020\/06\/developing-historic-cities-2014-1-220x300.jpg\" alt=\"\" width=\"300\" height=\"409\" srcset=\"https:\/\/www.ovpm.org\/wp-content\/uploads\/2020\/06\/developing-historic-cities-2014-1-220x300.jpg 220w, https:\/\/www.ovpm.org\/wp-content\/uploads\/2020\/06\/developing-historic-cities-2014-1-768x1047.jpg 768w, https:\/\/www.ovpm.org\/wp-content\/uploads\/2020\/06\/developing-historic-cities-2014-1-751x1024.jpg 751w, https:\/\/www.ovpm.org\/wp-content\/uploads\/2020\/06\/developing-historic-cities-2014-1-880x1200.jpg 880w\" sizes=\"(max-width: 300px) 100vw, 300px\" \/><\/a><br \/>\n<a href=\"https:\/\/www.ovpm.org\/es\/recursos\/estudios-de-casos\/ciudades-historicas-en-desarrollo-2014\/\">CONSULTAR<\/a><\/div><\/div><\/h5>\n<p style=\"text-align: center;\"><div class=\"section grid col-12\" style=\"margin-left: -1rem; margin-right: -1rem;\"><div class=\"col-6 col--sm-12 grid wysiwyg p-l-xsm p-r-xsm m-b-xsm\"><\/p>\n<h5 style=\"text-align: center;\">Patrimonio y Accesibilidad (2012)<a href=\"https:\/\/www.ovpm.org\/es\/recursos\/estudios-de-casos\/patrimonio-y-accesibilidad-2012\/\"><img loading=\"lazy\" decoding=\"async\" class=\"aligncenter wp-image-21661\" src=\"https:\/\/www.ovpm.org\/wp-content\/uploads\/2020\/06\/heritage-and-accessibility-220x300.jpg\" alt=\"\" width=\"300\" height=\"409\" srcset=\"https:\/\/www.ovpm.org\/wp-content\/uploads\/2020\/06\/heritage-and-accessibility-220x300.jpg 220w, https:\/\/www.ovpm.org\/wp-content\/uploads\/2020\/06\/heritage-and-accessibility-768x1047.jpg 768w, https:\/\/www.ovpm.org\/wp-content\/uploads\/2020\/06\/heritage-and-accessibility-751x1024.jpg 751w, https:\/\/www.ovpm.org\/wp-content\/uploads\/2020\/06\/heritage-and-accessibility-880x1200.jpg 880w\" sizes=\"(max-width: 300px) 100vw, 300px\" \/><\/a><br \/>\n<a href=\"https:\/\/www.ovpm.org\/es\/recursos\/estudios-de-casos\/patrimonio-y-accesibilidad-2012\/\">CONSULTAR<\/a><\/div><\/h5>\n<p style=\"text-align: center;\"><div class=\"col-6 col--sm-12 grid wysiwyg p-l-xsm p-r-xsm m-b-xsm\"><\/p>\n<h5 style=\"text-align: center;\">Rehabilitaci\u00f3n del patrimonio (2012)<a href=\"https:\/\/www.ovpm.org\/es\/recursos\/estudios-de-casos\/rehabilitacion-del-patrimonio\/\"><img loading=\"lazy\" decoding=\"async\" class=\"aligncenter wp-image-24778\" src=\"https:\/\/www.ovpm.org\/wp-content\/uploads\/2021\/05\/heritage-and-archeology-2010-751x1024-220x300.jpg\" alt=\"\" width=\"300\" height=\"409\" srcset=\"https:\/\/www.ovpm.org\/wp-content\/uploads\/2021\/05\/heritage-and-archeology-2010-751x1024-220x300.jpg 220w, https:\/\/www.ovpm.org\/wp-content\/uploads\/2021\/05\/heritage-and-archeology-2010-751x1024.jpg 441w\" sizes=\"(max-width: 300px) 100vw, 300px\" \/><\/a><br \/>\n<a href=\"https:\/\/www.ovpm.org\/es\/recursos\/estudios-de-casos\/rehabilitacion-del-patrimonio\/\">CONSULTAR<\/a><\/div><\/div><\/h5>\n<p style=\"text-align: center;\"><div class=\"section grid col-12\" style=\"margin-left: -1rem; margin-right: -1rem;\"><div class=\"col-6 col--sm-12 grid wysiwyg p-l-xsm p-r-xsm m-b-xsm\"><\/p>\n<h5 style=\"text-align: center;\">Patrimonio y Arqueolog\u00eda (2010)<a href=\"https:\/\/www.ovpm.org\/es\/recursos\/estudios-de-casos\/patrimonio-y-arqueologia-2010\/\"><img loading=\"lazy\" decoding=\"async\" class=\"aligncenter wp-image-21693\" src=\"https:\/\/www.ovpm.org\/wp-content\/uploads\/2020\/06\/heritage-and-archeology-2010-220x300.jpg\" alt=\"\" width=\"300\" height=\"409\" srcset=\"https:\/\/www.ovpm.org\/wp-content\/uploads\/2020\/06\/heritage-and-archeology-2010-220x300.jpg 220w, https:\/\/www.ovpm.org\/wp-content\/uploads\/2020\/06\/heritage-and-archeology-2010-768x1047.jpg 768w, https:\/\/www.ovpm.org\/wp-content\/uploads\/2020\/06\/heritage-and-archeology-2010-751x1024.jpg 751w, https:\/\/www.ovpm.org\/wp-content\/uploads\/2020\/06\/heritage-and-archeology-2010-880x1200.jpg 880w\" sizes=\"(max-width: 300px) 100vw, 300px\" \/><\/a><br \/>\n<a href=\"https:\/\/www.ovpm.org\/es\/recursos\/estudios-de-casos\/patrimonio-y-arqueologia-2010\/\">CONSULTAR<\/a><\/div><\/h5>\n<p style=\"text-align: center;\"><div class=\"col-6 col--sm-12 grid wysiwyg p-l-xsm p-r-xsm m-b-xsm\"><\/p>\n<h5 style=\"text-align: center;\"><\/div><\/div><\/h5>\n","protected":false},"excerpt":{"rendered":"<p>Puede realizar una b\u00fasqueda avanzada en la secci\u00f3n de estudios de casos haciendo clic aqu\u00ed.<\/p>\n","protected":false},"author":3,"featured_media":0,"parent":22682,"menu_order":147,"comment_status":"closed","ping_status":"closed","template":"","meta":{"_acf_changed":false,"footnotes":""},"acf":[],"_links":{"self":[{"href":"https:\/\/www.ovpm.org\/es\/wp-json\/wp\/v2\/pages\/22702"}],"collection":[{"href":"https:\/\/www.ovpm.org\/es\/wp-json\/wp\/v2\/pages"}],"about":[{"href":"https:\/\/www.ovpm.org\/es\/wp-json\/wp\/v2\/types\/page"}],"author":[{"embeddable":true,"href":"https:\/\/www.ovpm.org\/es\/wp-json\/wp\/v2\/users\/3"}],"replies":[{"embeddable":true,"href":"https:\/\/www.ovpm.org\/es\/wp-json\/wp\/v2\/comments?post=22702"}],"version-history":[{"count":2,"href":"https:\/\/www.ovpm.org\/es\/wp-json\/wp\/v2\/pages\/22702\/revisions"}],"predecessor-version":[{"id":24797,"href":"https:\/\/www.ovpm.org\/es\/wp-json\/wp\/v2\/pages\/22702\/revisions\/24797"}],"up":[{"embeddable":true,"href":"https:\/\/www.ovpm.org\/es\/wp-json\/wp\/v2\/pages\/22682"}],"wp:attachment":[{"href":"https:\/\/www.ovpm.org\/es\/wp-json\/wp\/v2\/media?parent=22702"}],"curies":[{"name":"wp","href":"https:\/\/api.w.org\/{rel}","templated":true}]}}