{"id":22682,"date":"2020-06-26T16:07:08","date_gmt":"2020-06-26T16:07:08","guid":{"rendered":"https:\/\/www.ovpm.org\/?page_id=22682"},"modified":"2026-04-07T17:36:55","modified_gmt":"2026-04-07T17:36:55","slug":"recursos","status":"publish","type":"page","link":"https:\/\/www.ovpm.org\/es\/recursos\/","title":{"rendered":"Recursos"},"content":{"rendered":"<h2 style=\"text-align: left;\">Recursos<\/h2>\n<h2>Marco de Turismo Cultural y Gesti\u00f3n de Visitantes (TC&amp;GV)<\/h2>\n<p>El Marco de Turismo Cultural y Gesti\u00f3n de Visitantes (TC&amp;GV) es una herramienta desarrollada por el Comit\u00e9 Internacional de Turismo Cultural de ICOMOS (ICOMOS-ICTC) para la OCPM. Esta herramienta de autoevaluaci\u00f3n puede ser utilizada como un recurso estrat\u00e9gico para apoyar a las autoridades locales en la identificaci\u00f3n de objetivos y acciones las cuales les permitan establecer pol\u00edticas y estrategias m\u00e1s operativas.<\/p>\n<a href=\"https:\/\/www.ovpm.org\/wp-content\/uploads\/2023\/09\/ctvm-framework-report-final.pdf\" class=\"button m-t-sm m-b-sm\">Marco de TC&amp;GV (en ingl\u00e9s)<\/a>\n<p style=\"text-align: left;\"><a href=\"https:\/\/www.ovpm.org\/wp-content\/uploads\/2023\/09\/ctvm-framework-workbook-final.pdf\" class=\"button m-t-sm m-b-sm\">Marco de TC&amp;GV &#8211; Cuaderno de trabajo (en ingl\u00e9s)<\/a><\/p>\n<hr \/>\n<h2>Estudios de Casos<\/h2>\n<ul>\n<li>Patrimonio y Movilidad (2019) &#8211;\u00a0 <a href=\"https:\/\/www.ovpm.org\/es\/recursos\/estudios-de-casos\/patrimonio-y-movilidad-2019\/\">CONSULTAR<\/a><\/li>\n<li>Ciudades Hist\u00f3ricas en Desarrollo (2014) &#8211;\u00a0<a href=\"https:\/\/www.ovpm.org\/es\/recursos\/estudios-de-casos\/ciudades-historicas-en-desarrollo-2014\/\">CONSULTAR<\/a><\/li>\n<\/ul>\n<p style=\"text-align: left;\"><a href=\"http:\/\/www.ovpm.org\/es\/recursos\/estudios-de-casos\/\" class=\"button m-t-sm m-b-sm\">CONSULTAR TODOS LOS ESTUDIOS DE CASOS<\/a><\/p>\n<hr \/>\n<h2 style=\"text-align: left;\">Libros de Referencia<\/h2>\n<ul>\n<li style=\"text-align: left;\">Movilidad &#8211; Talleres en l\u00ednea \u00abCamino a Qu\u00e9bec\u00bb (2021) <a href=\"https:\/\/www.ovpm.org\/es\/recursos\/libros-de-referencia\/movilidad-talleres-en-linea-camino-a-quebec-2021\/\">CONSULTAR<\/a><\/li>\n<li style=\"text-align: left;\">Turismo y Econom\u00eda &#8211; Talleres en l\u00ednea\u00bb Camino a Qu\u00e9bec\u00bb (2021) <a href=\"https:\/\/www.ovpm.org\/es\/recursos\/libros-de-referencia\/turismo-y-economia-talleres-en-linea-camino-a-quebec-2021\/\">CONSULTAR<\/a><\/li>\n<li style=\"text-align: left;\">World Heritage, Place Making and sustainable Tourism (2022) <a href=\"https:\/\/eplus.uni-salzburg.at\/obvusboa\/download\/pdf\/7825838?originalFilename=true\">CONSULTAR\u00a0<\/a>(solamente en ingl\u00e9s)<\/li>\n<li>Cultura y Tecnolog\u00eda &#8211;\u00a0 Talleres en l\u00ednea \u00abCamino a Qu\u00e9bec\u00bb (2021) &#8211; <a href=\"https:\/\/www.ovpm.org\/fr\/ressources\/livres-de-reference\/culture-et-technologie-ateliers-en-ligne-en-route-vers-quebec-2021\/\">CONSULTAR<\/a><\/li>\n<li style=\"text-align: left;\">\u201c50 Years World Heritage Convention: Shared Responsability &#8211; Conflict &amp; Reconciliation (Heritage Studies) \u201d (2022) &#8211; <a href=\"https:\/\/link.springer.com\/book\/10.1007\/978-3-031-05660-4\">CONSULTAR<\/a> (solamente en ingl\u00e9s)<\/li>\n<li style=\"text-align: left;\">\u201cBringing Heritage-Based Urban Regeneration and Development to the Road: Success Factors and Principles\u201d (2021) &#8211; <a href=\"https:\/\/www.researchgate.net\/publication\/356175657_Bringing_Heritage-Based_Urban_Regeneration_and_Development_to_the_Road_Success_Factors_and_Principles\">CONSULTAR<\/a> (solamente en ingl\u00e9s)<\/li>\n<li>\u201cWriting a New Story: Using Heritage-Based Urban Regeneration to Stimulate Urban Resilience\u201d (2021) &#8211; <a href=\"https:\/\/www.researchgate.net\/publication\/355174595_Writing_a_New_Story_Using_Heritage-Based_Urban_Regeneration_to_Stimulate_Urban_Resilience_Article_written_for_the_URBACT_Network_Kairos\">CONSULTAR<\/a> (solamente en ingl\u00e9s)<\/li>\n<\/ul>\n<p style=\"text-align: left;\"><a href=\"https:\/\/www.ovpm.org\/es\/recursos\/libros-de-referencia\/\" class=\"button m-t-sm m-b-sm\">CONSULTAR TODOS LOS LIBROS DE REFERENCIA<\/a><\/p>\n<hr \/>\n<h2 style=\"text-align: left;\">Declaraciones y Recomendaciones<\/h2>\n<ul>\n<li>Vienna Declaration &#8211; Cities Facing Development and Preservation (2019) <a href=\"https:\/\/www.ovpm.org\/es\/recursos\/declaraciones-y-recomendaciones\/vienna-declaration-cities-facing-development-and-preservation-2019\/\">CONSULTAR <\/a>(solamente en ingl\u00e9s)<\/li>\n<li>Recomendaciones de Gyeongju (2017) <a href=\"https:\/\/www.ovpm.org\/es\/recursos\/declaraciones-y-recomendaciones\/recomendaciones-de-gyeongju-2017\/\">CONSULTAR<\/a>\u00ad<\/li>\n<\/ul>\n<a href=\"https:\/\/www.ovpm.org\/es\/recursos\/declaraciones-y-recomendaciones\/\" class=\"button m-t-sm m-b-sm\">CONSULTAR TODAS LAS DECLARACIONES Y RECOMENDACIONES<\/a>\n<hr \/>\n<h2 style=\"text-align: left;\">Documentos de Posici\u00f3n<\/h2>\n<ul>\n<li style=\"text-align: left;\">Keepers of Traditions and Laboratories of the Future (2020) <a href=\"https:\/\/www.ovpm.org\/es\/recursos\/documentos-de-posicion\/keepers-of-traditions-and-laboratories-of-the-future-2020\/\">CONSULTAR <\/a>(solamente en ingl\u00e9s)<\/li>\n<li style=\"text-align: left;\">Safeguarding and Further Developing World Heritage Cities (2014) <a href=\"https:\/\/www.ovpm.org\/es\/recursos\/documentos-de-posicion\/safeguarding-and-further-developing-world-heritage-cities-2014\/\">CONSULTAR <\/a>(solamente en ingl\u00e9s)<\/li>\n<\/ul>\n<p style=\"text-align: left;\"><a href=\"https:\/\/www.ovpm.org\/es\/recursos\/documentos-de-posicion\/\" class=\"button m-t-sm m-b-sm\">CONSULTAR TODOS LOS DOCUMENTOS DE POSICI\u00d3N<\/a><\/p>\n<hr \/>\n<h2>Actas del Congreso Mundial<\/h2>\n<ul>\n<li>16\u00ba Congreso Mundial de la OCPM &#8211; Mejorar la calidad de vida en las ciudades del Patrimonio Mundial (2022)\u00a0<a href=\"https:\/\/www.ovpm.org\/wp-content\/uploads\/2022\/12\/actes-du-congresspa.pdf\">CONSULTAR<\/a><\/li>\n<li>15\u00ba Congreso Mundial de la OCPM &#8211; Patrimonio y Turismo (2019) <a href=\"https:\/\/www.ovpm.org\/es\/recursos\/actas-del-congreso-mundial\/15o-congreso-mundial-de-la-ocpm-patrimonio-y-turismo-2019\/\">CONSULTAR<\/a><\/li>\n<li>14<sup>o<\/sup> Congreso Mundial de la OCPM &#8211; Patrimonio y Comunidades (2017) <a href=\"https:\/\/www.ovpm.org\/es\/recursos\/actas-del-congreso-mundial\/14o-congreso-mundial-de-la-ocpm-patrimonio-y-comunidades-2017\/\">CONSULTAR<\/a><\/li>\n<\/ul>\n<a href=\"https:\/\/www.ovpm.org\/es\/recursos\/actas\/\" class=\"button m-t-sm m-b-sm\">CONSULTAR TODAS LAS ACTAS<\/a>\n<hr \/>\n<h2>Informes Anuales<\/h2>\n<ul>\n<li>Informe Anual 2019 <a href=\"https:\/\/www.ovpm.org\/resources\/annual-reports\/2019-annual-report\/\">CONSULTAR<\/a><\/li>\n<li>Informe Anual 2020 <a href=\"https:\/\/www.ovpm.org\/wp-content\/uploads\/2022\/07\/informe-anual-2020esp.pdf\">CONSULTAR<\/a><\/li>\n<li>Informe Anual 2021-2022\u00a0 <a href=\"https:\/\/www.ovpm.org\/wp-content\/uploads\/2022\/11\/informe-anual-2021-2022esp.pdf\">CONSULTAR<\/a><\/li>\n<li>Informe Anual 2023 <a href=\"https:\/\/www.ovpm.org\/wp-content\/uploads\/2024\/04\/rapport-annuel-2023-esp-1.pdf\">CONSULTAR<\/a><\/li>\n<li>Informe Anual 2024 <a href=\"https:\/\/www.ovpm.org\/wp-content\/uploads\/2025\/05\/vf-rapport-annuel-2024-esp.pdf\">CONSULTAR<\/a><\/li>\n<li>Informe Anual 2025 <a href=\"https:\/\/www.ovpm.org\/wp-content\/uploads\/2026\/04\/rapport-annuel-2025-esp-1.pdf\">CONSULTAR<\/a><\/li>\n<\/ul>\n<a href=\"https:\/\/www.ovpm.org\/es\/recursos\/informes-anuales\/\" class=\"button m-t-sm m-b-sm\">CONSULTAR TODOS LOS INFORMES ANUALES<\/a>\n<hr \/>\n<h2 style=\"text-align: left;\">Descubrir el Patrimonio Mundial<\/h2>\n<ul>\n<li style=\"text-align: left;\">World Heritage Recipes &#8211; Enjoy the Taste of World Heritage (2019) <a href=\"https:\/\/www.ovpm.org\/es\/recursos\/descubrir-el-patrimonio-mundial\/world-heritage-recipes-enjoy-the-taste-of-world-heritage-2019\/\">CONSULTAR <\/a>(solamente en ingl\u00e9s)<\/li>\n<li style=\"text-align: left;\">My First Book on Cultural Heritage (2019) <a href=\"https:\/\/www.ovpm.org\/es\/recursos\/descubrir-el-patrimonio-mundial\/my-first-book-on-cultural-heritage-2019\/\">CONSULTAR <\/a>(solamente en ingl\u00e9s)<\/li>\n<\/ul>\n<p style=\"text-align: left;\"><a href=\"https:\/\/www.ovpm.org\/es\/recursos\/descubrir-el-patrimonio-mundial\/\" class=\"button m-t-sm m-b-sm\">CONSULTAR TODO PARA DESCUBRIR EL PATRIMONIO MUNDIAL<\/a><\/p>\n<hr \/>\n<h2 style=\"text-align: left;\">La Revista #HeCiTag<\/h2>\n<ul>\n<li>#HeCiTag vol. 16 (2022) &#8211; <a href=\"http:\/\/www.owhc-ap.co.kr\/eng\/archive\/publication02.php?ptype=view&amp;idx=5966&amp;page=1&amp;code=publication02_eng&amp;category=133\">CONSULTAR <\/a>(solamente en ingl\u00e9s)<\/li>\n<li>#HeCiTag vol. 15 (2021) &#8211; <a href=\"http:\/\/www.owhc-ap.co.kr\/eng\/archive\/publication02.php?ptype=view&amp;idx=5953&amp;page=1&amp;code=publication02_eng&amp;category=133\">CONSULTAR\u00a0 <\/a>(solamente en ingl\u00e9s)<\/li>\n<li>#HeCiTag vol. 14 (2021) &#8211; <a href=\"http:\/\/www.owhc-ap.co.kr\/eng\/archive\/publication02.php?ptype=view&amp;idx=5950&amp;page=1&amp;code=publication02_eng&amp;category=133\">CONSULTAR<\/a> (solamente en ingl\u00e9s)<\/li>\n<li>#HeCiTag vol. 13 (2021) &#8211; <a href=\"http:\/\/www.owhc-ap.co.kr\/eng\/archive\/publication02.php?ptype=view&amp;idx=5854&amp;page=1&amp;code=publication02_eng&amp;category=133\">CONSULTAR<\/a> (solamente en ingl\u00e9s)<\/li>\n<li style=\"text-align: left;\">#HeCiTag vol.12 (2019) <a href=\"https:\/\/www.ovpm.org\/es\/recursos\/la-revista-hecitag\/hecitag-vol-12-2019\/\">CONSULTAR <\/a>(solamente en ingl\u00e9s)<\/li>\n<li style=\"text-align: left;\">#HeCiTag vol.11 (2019) <a href=\"https:\/\/www.ovpm.org\/es\/recursos\/la-revista-hecitag\/hecitag-vol-11-2019\/\">CONSULTAR \u00a0<\/a>(solamente en ingl\u00e9s)<\/li>\n<\/ul>\n<p style=\"text-align: left;\"><a href=\"https:\/\/www.ovpm.org\/es\/recursos\/la-revista-hecitag\/\" class=\"button m-t-sm m-b-sm\">CONSULTAR TODAS LAS REVISTAS<\/a><\/p>\n<hr \/>\n<h2 style=\"text-align: left;\">Conferencias Regionales<\/h2>\n<ul>\n<li style=\"text-align: left;\">Amsterdam (Netherlands) &#8211; Heritage &amp; Tourism (2018) <a href=\"https:\/\/www.ovpm.org\/es\/recursos\/conferencias-regionales\/amsterdam-netherlands-heritage-tourism-2018\/\">CONSULTAR <\/a>(solamente en ingl\u00e9s)<\/li>\n<li style=\"text-align: left;\">Gyeongju (South Korea) &#8211; Heritage &amp; Community (2016) <a href=\"https:\/\/www.ovpm.org\/es\/recursos\/conferencias-regionales\/gyeongju-south-korea-heritage-community-2016\/\">CONSULTAR <\/a>(solamente en ingl\u00e9s)<\/li>\n<\/ul>\n<p style=\"text-align: left;\"><a href=\"https:\/\/www.ovpm.org\/es\/recursos\/conferencias-regionales\/\" class=\"button m-t-sm m-b-sm\">CONSULTAR TODOS LOS INFORMES DE LAS CONFERENCIAS REGIONALES<\/a><\/p>\n<hr \/>\n<h2>Boletines de Noticias<\/h2>\n<ul>\n<li>Bolet\u00edn #28 (Noviembre de 2022) &#8211; <a href=\"https:\/\/us17.admin.mailchimp.com\/campaigns\/show?id=13815950\">CONSULTAR<\/a><\/li>\n<li>Bolet\u00edn #27 (Abril de 2022) &#8211; <a href=\"https:\/\/mailchi.mp\/077eb1b75b85\/infolettre-13622210\">CONSULTAR<\/a><\/li>\n<li>Bolet\u00edn #26 (Marzo de 2022) &#8211; <a href=\"https:\/\/mailchi.mp\/c435fc6a6fe9\/boletn-de-noticias-26\">CONSULTAR<\/a><\/li>\n<li>Bolet\u00edn #25 (Febrero de 2022) &#8211; <a href=\"https:\/\/mailchi.mp\/9afc057d50a8\/newsletter-18-news-about-the-16th-world-congress-13603034\">CONSULTAR<\/a><\/li>\n<li>Bolet\u00edn #24 (Diciembre de 2021) &#8211; <a href=\"https:\/\/mailchi.mp\/a33024f2ef52\/newsletter-24-new-action-plan-for-13420558\">CONSULTAR<\/a><\/li>\n<li>Bolet\u00edn #23 (Octubre de 2021) &#8211; <a href=\"https:\/\/mailchi.mp\/1a9a519f11bb\/newsletter-13408562\">CONSULTAR<\/a><\/li>\n<li>Bolet\u00edn #22 (Agosto de 2021) &#8211; <a href=\"https:\/\/mailchi.mp\/a2e6532c6c2b\/newsletter-22-including-2020-annual-report-13394950\">CONSULTAR<\/a><\/li>\n<li>Bolet\u00edn #21 (Junio de 2021) &#8211; <a href=\"https:\/\/mailchi.mp\/cd302419a9bb\/newsletter-5170282\">CONSULTAR<\/a><\/li>\n<li style=\"text-align: left;\">Bolet\u00edn #20 (Abril de 2021) <a href=\"https:\/\/mailchi.mp\/186ad9d2e0e7\/newsletter-20-reports-on-the-on-the-road-to-qube-workshops-5157114\">CONSULTAR<\/a><\/li>\n<li style=\"text-align: left;\">Bolet\u00edn #19 (Marzo de 2021)<a href=\"https:\/\/mailchi.mp\/c5b37c857b30\/newsletter-18-news-about-the-16th-world-congress-5148322\">CONSULTAR<\/a><\/li>\n<\/ul>\n<p style=\"text-align: left;\"><a href=\"https:\/\/www.ovpm.org\/es\/recursos\/boletines-de-noticias\/\" class=\"button m-t-sm m-b-sm\">CONSULTAR TODOS LOS BOLETINES DE NOTICIAS<\/a><\/p>\n","protected":false},"excerpt":{"rendered":"<p>Recursos Marco de Turismo Cultural y Gesti\u00f3n de Visitantes (TC&amp;GV) El Marco de Turismo Cultural y Gesti\u00f3n de Visitantes (TC&amp;GV) es una herramienta desarrollada por el Comit\u00e9 Internacional de Turismo Cultural de ICOMOS (ICOMOS-ICTC) para la OCPM. Esta herramienta de autoevaluaci\u00f3n puede ser utilizada como un recurso estrat\u00e9gico para apoyar a las autoridades locales en [&hellip;]<\/p>\n","protected":false},"author":3,"featured_media":0,"parent":0,"menu_order":348,"comment_status":"closed","ping_status":"closed","template":"","meta":{"_acf_changed":false,"footnotes":""},"acf":[],"_links":{"self":[{"href":"https:\/\/www.ovpm.org\/es\/wp-json\/wp\/v2\/pages\/22682"}],"collection":[{"href":"https:\/\/www.ovpm.org\/es\/wp-json\/wp\/v2\/pages"}],"about":[{"href":"https:\/\/www.ovpm.org\/es\/wp-json\/wp\/v2\/types\/page"}],"author":[{"embeddable":true,"href":"https:\/\/www.ovpm.org\/es\/wp-json\/wp\/v2\/users\/3"}],"replies":[{"embeddable":true,"href":"https:\/\/www.ovpm.org\/es\/wp-json\/wp\/v2\/comments?post=22682"}],"version-history":[{"count":25,"href":"https:\/\/www.ovpm.org\/es\/wp-json\/wp\/v2\/pages\/22682\/revisions"}],"predecessor-version":[{"id":36928,"href":"https:\/\/www.ovpm.org\/es\/wp-json\/wp\/v2\/pages\/22682\/revisions\/36928"}],"wp:attachment":[{"href":"https:\/\/www.ovpm.org\/es\/wp-json\/wp\/v2\/media?parent=22682"}],"curies":[{"name":"wp","href":"https:\/\/api.w.org\/{rel}","templated":true}]}}