{"id":20746,"date":"2020-04-16T14:41:39","date_gmt":"2020-04-16T14:41:39","guid":{"rendered":"https:\/\/www.ovpm.org\/?page_id=20746"},"modified":"2020-12-07T14:42:43","modified_gmt":"2020-12-07T14:42:43","slug":"covid-19","status":"publish","type":"page","link":"https:\/\/www.ovpm.org\/es\/covid-19\/","title":{"rendered":"COVID-19"},"content":{"rendered":"<h2>La OCPM en tiempos de crisis<\/h2>\n<p>En estos tiempos dif\u00edciles, la OCPM contin\u00faa expresando su solidaridad con todos los l\u00edderes y trabajadores de nuestras ciudades que realizan enormes esfuerzos a diario para proteger a todos los ciudadanos de sus comunidades.<\/p>\n<p>Uno de los objetivos de la OCPM es fomentar la cooperaci\u00f3n y el intercambio de informaci\u00f3n entre los miembros, adem\u00e1s de desarrollar un sentido de solidaridad entre ellos. La cooperaci\u00f3n de ciudad a ciudad siendo crucial estos dias, la OCPM apela a su sentido de comunidad para apoyar a todas las ciudades del Patrimonio Mundial.<\/p>\n<p>En 2015, el tema de nuestro 13\u00ba Congreso Mundial era \u201cCiudades Patrimonio Mundial, Ciudades Resilientes\u201d. Como parte de la Resoluci\u00f3n de Arequipa, se concluy\u00f3 que \u201cEl papel del patrimonio cultural, en lo que se refiere a la resiliencia, no deber\u00eda limitarse a las preocupaciones ante los riesgos naturales. La resiliencia econ\u00f3mica y social deber\u00eda ser tambi\u00e9n una parte importante de nuestra comprensi\u00f3n del concepto\u201d. Indudablemente, la situaci\u00f3n actual nos obliga a enfrentar el problema vital de la resiliencia econ\u00f3mica y social.<\/p>\n<p>En este sentido, comprom\u00e9tenos en una acci\u00f3n virtual colectiva al movilizar nuestra red hac\u00eda una causa com\u00fan: mostrando la singularidad y las similitudes de nuestras ciudades y la resiliencia que demuestran en estos tiempos de crisis.<\/p>\n<p>No hay mejor manera de conectarse, compartir e intercambiar que a trav\u00e9s de herramientas en l\u00ednea. Al navegar en estas p\u00e1ginas, encontrar\u00e1n informaci\u00f3n y contenido \u00fatiles, desde las iniciativas de ciudades miembros para mitigar los impactos de la crisis de la COVID-19 en sus comunidades, hacia las fotos impresionantes de nuestros sitios vac\u00edos del Patrimonio Mundial.<\/p>\n<p>La OCPM se compromete a distribuir cualquier informaci\u00f3n \u00fatil en su red en relaci\u00f3n con la pandemia que los miembros nos compartan.<\/p>\n<div class=\"section grid col-12\" style=\"margin-left: -1rem; margin-right: -1rem;\"><div class=\"col-6 col--sm-12 grid wysiwyg p-l-xsm p-r-xsm m-b-xsm\"><\/p>\n<p style=\"text-align: center;\"><a href=\"https:\/\/www.ovpm.org\/es\/covid-19\/iniciativas\/\"><img loading=\"lazy\" decoding=\"async\" class=\"aligncenter wp-image-20862 size-medium\" src=\"https:\/\/www.ovpm.org\/wp-content\/uploads\/2020\/04\/icon-iniciativasesp-300x140.png\" alt=\"\" width=\"300\" height=\"140\" srcset=\"https:\/\/www.ovpm.org\/wp-content\/uploads\/2020\/04\/icon-iniciativasesp-300x140.png 300w, https:\/\/www.ovpm.org\/wp-content\/uploads\/2020\/04\/icon-iniciativasesp.png 354w\" sizes=\"(max-width: 300px) 100vw, 300px\" \/><\/a><\/p>\n<h5 style=\"text-align: center;\">Comparta sus iniciativas para mitigar los impactos de la COVID-19 en sus comunidades<\/h5>\n<p><\/div><div class=\"col-6 col--sm-12 grid wysiwyg p-l-xsm p-r-xsm m-b-xsm\"><\/p>\n<p style=\"text-align: center;\"><a href=\"https:\/\/www.ovpm.org\/es\/covid-19\/redes-sociales\/\"><img loading=\"lazy\" decoding=\"async\" class=\"aligncenter wp-image-20865 size-medium\" src=\"https:\/\/www.ovpm.org\/wp-content\/uploads\/2020\/04\/icon-redes-socialesesp-300x140.png\" alt=\"\" width=\"300\" height=\"140\" srcset=\"https:\/\/www.ovpm.org\/wp-content\/uploads\/2020\/04\/icon-redes-socialesesp-300x140.png 300w, https:\/\/www.ovpm.org\/wp-content\/uploads\/2020\/04\/icon-redes-socialesesp.png 357w\" sizes=\"(max-width: 300px) 100vw, 300px\" \/><\/a><\/p>\n<h5 style=\"text-align: center;\">#ResilientHeritageCities \u2013 Comparta fotos y videos de sus ciudades y sitios patrimoniales<\/h5>\n<p><\/div><\/div>\n<p style=\"text-align: center;\"><a href=\"https:\/\/www.ovpm.org\/es\/covid-19\/cuentenos-su-historia\/\"><img loading=\"lazy\" decoding=\"async\" class=\"aligncenter wp-image-20868 size-medium\" src=\"https:\/\/www.ovpm.org\/wp-content\/uploads\/2020\/04\/iconcuentenos-su-historiaesp-300x140.png\" alt=\"\" width=\"300\" height=\"140\" srcset=\"https:\/\/www.ovpm.org\/wp-content\/uploads\/2020\/04\/iconcuentenos-su-historiaesp-300x140.png 300w, https:\/\/www.ovpm.org\/wp-content\/uploads\/2020\/04\/iconcuentenos-su-historiaesp.png 356w\" sizes=\"(max-width: 300px) 100vw, 300px\" \/><\/a><\/p>\n<h5 style=\"text-align: center;\">#HeritageCityStories \u2013 Comparta sus historias con nosotros. Cu\u00e9ntenos c\u00f3mo est\u00e1 viviendo esta situaci\u00f3n sin precedentes.<\/h5>\n","protected":false},"excerpt":{"rendered":"<p>La OCPM en tiempos de crisis En estos tiempos dif\u00edciles, la OCPM contin\u00faa expresando su solidaridad con todos los l\u00edderes y trabajadores de nuestras ciudades que realizan enormes esfuerzos a diario para proteger a todos los ciudadanos de sus comunidades. Uno de los objetivos de la OCPM es fomentar la cooperaci\u00f3n y el intercambio de [&hellip;]<\/p>\n","protected":false},"author":3,"featured_media":20713,"parent":0,"menu_order":242,"comment_status":"closed","ping_status":"closed","template":"","meta":{"_acf_changed":false,"footnotes":""},"acf":[],"_links":{"self":[{"href":"https:\/\/www.ovpm.org\/es\/wp-json\/wp\/v2\/pages\/20746"}],"collection":[{"href":"https:\/\/www.ovpm.org\/es\/wp-json\/wp\/v2\/pages"}],"about":[{"href":"https:\/\/www.ovpm.org\/es\/wp-json\/wp\/v2\/types\/page"}],"author":[{"embeddable":true,"href":"https:\/\/www.ovpm.org\/es\/wp-json\/wp\/v2\/users\/3"}],"replies":[{"embeddable":true,"href":"https:\/\/www.ovpm.org\/es\/wp-json\/wp\/v2\/comments?post=20746"}],"version-history":[{"count":0,"href":"https:\/\/www.ovpm.org\/es\/wp-json\/wp\/v2\/pages\/20746\/revisions"}],"wp:featuredmedia":[{"embeddable":true,"href":"https:\/\/www.ovpm.org\/es\/wp-json\/wp\/v2\/media\/20713"}],"wp:attachment":[{"href":"https:\/\/www.ovpm.org\/es\/wp-json\/wp\/v2\/media?parent=20746"}],"curies":[{"name":"wp","href":"https:\/\/api.w.org\/{rel}","templated":true}]}}