{"id":20532,"date":"2020-03-27T19:59:59","date_gmt":"2020-03-27T19:59:59","guid":{"rendered":"https:\/\/www.ovpm.org\/?page_id=20532"},"modified":"2021-01-06T16:10:23","modified_gmt":"2021-01-06T16:10:23","slug":"iniciativas","status":"publish","type":"page","link":"https:\/\/www.ovpm.org\/es\/covid-19\/iniciativas\/","title":{"rendered":"Iniciativas"},"content":{"rendered":"<h2>Respuestas de las Ciudades del Patrimonio Mundial a la pandemia de COVID-19<\/h2>\n<p>La epidemia de COVID-19 est\u00e1 instando a todas las ciudades a proporcionar respuestas inmediatas a una crisis global que amenaza no solo la salud de la poblaci\u00f3n, sino tambi\u00e9n la econom\u00eda y la infraestructura de nuestros territorios.<\/p>\n<p>Las Ciudades del Patrimonio Mundial no son una excepci\u00f3n y la OCPM quiere ayudar a compartir experiencias de primera mano sobre las diferentes formas en que enfrentan la situaci\u00f3n.\u00a0<strong>\u00bfC\u00f3mo pueden contribuir el patrimonio y la cultura a la reactivaci\u00f3n de esas actividades?<\/strong><\/p>\n<p>Descubra a continuaci\u00f3n las acciones implementadas por diferentes ciudades del mundo y comparta las mejores pr\u00e1cticas de su ciudad, haciendo clic en el siguiente bot\u00f3n.<\/p>\n<p style=\"text-align: center;\"><a href=\"https:\/\/www.ovpm.org\/es\/covid-19\/iniciativas\/formulario\/\" class=\"button m-t-sm m-b-sm\">Compartir una iniciativa<\/a><\/p>\n","protected":false},"excerpt":{"rendered":"<p>Respuestas de las Ciudades del Patrimonio Mundial a la pandemia de COVID-19 La epidemia de COVID-19 est\u00e1 instando a todas las ciudades a proporcionar respuestas inmediatas a una crisis global que amenaza no solo la salud de la poblaci\u00f3n, sino tambi\u00e9n la econom\u00eda y la infraestructura de nuestros territorios. Las Ciudades del Patrimonio Mundial no [&hellip;]<\/p>\n","protected":false},"author":3,"featured_media":20713,"parent":20746,"menu_order":95,"comment_status":"closed","ping_status":"closed","template":"","meta":{"_acf_changed":false,"footnotes":""},"acf":[],"_links":{"self":[{"href":"https:\/\/www.ovpm.org\/es\/wp-json\/wp\/v2\/pages\/20532"}],"collection":[{"href":"https:\/\/www.ovpm.org\/es\/wp-json\/wp\/v2\/pages"}],"about":[{"href":"https:\/\/www.ovpm.org\/es\/wp-json\/wp\/v2\/types\/page"}],"author":[{"embeddable":true,"href":"https:\/\/www.ovpm.org\/es\/wp-json\/wp\/v2\/users\/3"}],"replies":[{"embeddable":true,"href":"https:\/\/www.ovpm.org\/es\/wp-json\/wp\/v2\/comments?post=20532"}],"version-history":[{"count":0,"href":"https:\/\/www.ovpm.org\/es\/wp-json\/wp\/v2\/pages\/20532\/revisions"}],"up":[{"embeddable":true,"href":"https:\/\/www.ovpm.org\/es\/wp-json\/wp\/v2\/pages\/20746"}],"wp:featuredmedia":[{"embeddable":true,"href":"https:\/\/www.ovpm.org\/es\/wp-json\/wp\/v2\/media\/20713"}],"wp:attachment":[{"href":"https:\/\/www.ovpm.org\/es\/wp-json\/wp\/v2\/media?parent=20532"}],"curies":[{"name":"wp","href":"https:\/\/api.w.org\/{rel}","templated":true}]}}