{"id":15767,"date":"2018-10-17T20:33:46","date_gmt":"2018-10-17T20:33:46","guid":{"rendered":"https:\/\/www.ovpm.org\/?page_id=15767"},"modified":"2025-03-04T16:59:31","modified_gmt":"2025-03-04T16:59:31","slug":"politica-de-privacidad","status":"publish","type":"page","link":"https:\/\/www.ovpm.org\/es\/politica-de-privacidad\/","title":{"rendered":"Pol\u00edtica de privacidad"},"content":{"rendered":"<h2>Pol\u00edtica de privacidad &#8211; OCPM<\/h2>\n<p>Con el fin de permitirle navegar por nuestro sitio con confianza, la Organizaci\u00f3n de las Ciudades del Patrimonio Mundial (OCPM) se adhiere a estrictas medidas de seguridad y a la protecci\u00f3n de la privacidad y de la informaci\u00f3n personal.<\/p>\n<h3>Marco legal para la protecci\u00f3n de la informaci\u00f3n personal<\/h3>\n<p>El sitio web de la OCPM se publica en Canad\u00e1. Las leyes canadienses protegen la informaci\u00f3n personal del usuario.<\/p>\n<h3>Definici\u00f3n de informaci\u00f3n personal<\/h3>\n<p>Los datos personales son informaci\u00f3n sobre un individuo identificable seg\u00fan la ley canadiense de privacidad aplicable (es decir, la ley federal, provincial y territorial). Esto incluye cualquier informaci\u00f3n que pueda ser utilizada para distinguir, identificar o contactar a un individuo en particular. Los datos personales tambi\u00e9n pueden incluir opiniones, creencias y hechos relativos a la persona o relacionados con ella. La informaci\u00f3n de contacto comercial y cierta informaci\u00f3n disponible p\u00fablicamente, como nombres, direcciones y n\u00fameros de tel\u00e9fono publicados en las gu\u00edas telef\u00f3nicas, no se considerar\u00e1n datos personales. Cuando un individuo utiliza su informaci\u00f3n de contacto personal como informaci\u00f3n de contacto profesional, consideramos que la informaci\u00f3n de contacto proporcionada es informaci\u00f3n de contacto profesional. Por consiguiente, no pueden estar sujetos al mismo nivel de protecci\u00f3n que los datos personales.<\/p>\n<h3>Pol\u00edtica de privacidad y protecci\u00f3n de datos<\/h3>\n<p>Con el fin de proteger el car\u00e1cter confidencial de los datos personales obtenidos en el sitio www.ovpm.org, la OCPM ha puesto en marcha medidas eficaces para gestionarlos con discreci\u00f3n y rigor. Esto evita la p\u00e9rdida o el uso no autorizado de la informaci\u00f3n obtenida.<\/p>\n<h3>Datos recopilados<\/h3>\n<p>Los datos personales recogidos por la OCPM pueden incluir: nombre, t\u00edtulo profesional, organizaci\u00f3n, ciudad, pa\u00eds, correo electr\u00f3nico, n\u00famero de tel\u00e9fono, preferencias de idioma y \u00e1reas de inter\u00e9s y experiencia.<\/p>\n<h3>Uso de la informaci\u00f3n personal<\/h3>\n<p>La OCPM no transmite ninguna informaci\u00f3n personal sobre sus miembros o participantes en el espacio de colaboraci\u00f3n. Ning\u00fan perfil de usuario es creado o transmitido a un tercero basado en la informaci\u00f3n obtenida.<\/p>\n<h3>Uso de cookies<\/h3>\n<p>El sitio web de la OCPM utiliza cookies propiedad de Google Analytics para generar informes sobre las interacciones de los visitantes con el sitio web del Centro. Estas cookies no identifican personalmente a los usuarios de Internet. Las cookies internas almacenadas en los navegadores no son v\u00e1lidas de un dominio a otro. La organizaci\u00f3n toma las medidas necesarias para cumplir con todas las condiciones de uso de Google Analytics que proh\u00edben la transmisi\u00f3n de informaci\u00f3n personal a Google Analytics o a terceros proveedores. En cualquier momento, puede desactivar la aceptaci\u00f3n de cookies mediante las opciones de su navegador o mediante el complemento de desactivaci\u00f3n de Google Analytics. Sin embargo, esto podr\u00eda privarlo de algunas caracter\u00edsticas avanzadas del sitio web.<\/p>\n<h3>Acceso a los datos personales<\/h3>\n<p>Sujeto a ciertas excepciones, que est\u00e1n previstas por la ley de privacidad aplicable o la Ley de Protecci\u00f3n de Informaci\u00f3n Personal y Documentos Electr\u00f3nicos, usted tiene derecho a ser informado de los datos personales que tenemos sobre usted y a qui\u00e9nes podemos haber revelado dichos datos. Tambi\u00e9n usted tiene derecho a hacer correcciones si cree que cualquier dato personal que tengamos sobre usted puede ser inexacto. Para m\u00e1s informaci\u00f3n, usted puede ponerse en contacto con el Oficial de Privacidad de la OCPM.<\/p>\n<p>Andr\u00e9anne Charest<br \/>\nResponsable des programmes et projets \/ Programs and Projects Manager \/ Gerente de Programas y Proyectos<br \/>\n<a href=\"tel:+14186920000&quot;\">+1 418-692-0000<\/a><br \/>\n<a href=\"mailto:acharest@ovpm.org\">acharest@ovpm.org<\/a><\/p>\n","protected":false},"excerpt":{"rendered":"<p>Pol\u00edtica de privacidad &#8211; OCPM Con el fin de permitirle navegar por nuestro sitio con confianza, la Organizaci\u00f3n de las Ciudades del Patrimonio Mundial (OCPM) se adhiere a estrictas medidas de seguridad y a la protecci\u00f3n de la privacidad y de la informaci\u00f3n personal. Marco legal para la protecci\u00f3n de la informaci\u00f3n personal El sitio [&hellip;]<\/p>\n","protected":false},"author":1,"featured_media":0,"parent":0,"menu_order":385,"comment_status":"closed","ping_status":"closed","template":"","meta":{"_acf_changed":false,"footnotes":""},"acf":[],"_links":{"self":[{"href":"https:\/\/www.ovpm.org\/es\/wp-json\/wp\/v2\/pages\/15767"}],"collection":[{"href":"https:\/\/www.ovpm.org\/es\/wp-json\/wp\/v2\/pages"}],"about":[{"href":"https:\/\/www.ovpm.org\/es\/wp-json\/wp\/v2\/types\/page"}],"author":[{"embeddable":true,"href":"https:\/\/www.ovpm.org\/es\/wp-json\/wp\/v2\/users\/1"}],"replies":[{"embeddable":true,"href":"https:\/\/www.ovpm.org\/es\/wp-json\/wp\/v2\/comments?post=15767"}],"version-history":[{"count":1,"href":"https:\/\/www.ovpm.org\/es\/wp-json\/wp\/v2\/pages\/15767\/revisions"}],"predecessor-version":[{"id":34654,"href":"https:\/\/www.ovpm.org\/es\/wp-json\/wp\/v2\/pages\/15767\/revisions\/34654"}],"wp:attachment":[{"href":"https:\/\/www.ovpm.org\/es\/wp-json\/wp\/v2\/media?parent=15767"}],"curies":[{"name":"wp","href":"https:\/\/api.w.org\/{rel}","templated":true}]}}