{"id":15423,"date":"2018-10-10T14:23:17","date_gmt":"2018-10-10T14:23:17","guid":{"rendered":"https:\/\/www.ovpm.org\/?page_id=15423"},"modified":"2018-10-12T19:17:56","modified_gmt":"2018-10-12T19:17:56","slug":"taller-camino-a-oaxaca","status":"publish","type":"page","link":"https:\/\/www.ovpm.org\/es\/taller-camino-a-oaxaca\/","title":{"rendered":"Taller Camino a Oaxaca"},"content":{"rendered":"<p class=\"rtejustify\">Del 4 al 6 de junio de 2013, 19 participantes presentaron en C\u00f3rdoba (Espa\u00f1a), ante un jurado internacional de 6 personas, 13 proyectos sobre el tema de la gesti\u00f3n del patrimonio vinculado al desarrollo sostenible con motivo del taller \u201cCamino a Oaxaca\u201d.<\/p>\n<p class=\"rtejustify\">El jurado estaba integrado por:<\/p>\n<ul>\n<li class=\"rtejustify\">La Sra. Kerstin Manz, representante del Centro del Patrimonio Mundial de la UNESCO<\/li>\n<li class=\"rtejustify\">El Sr. Charles Moumouni, representante de la Universidad Laval, de Quebec (Canad\u00e1)<\/li>\n<li class=\"rtejustify\">La Sra. Fran\u00e7oise DesCamps, representante del Instituto de Conservaci\u00f3n Getty<\/li>\n<li class=\"rtejustify\">El Sr. Gerardo Corres, representante de la Ciudad de Oaxaca<\/li>\n<li class=\"rtejustify\">La Sra. Vera de la Cruz, representante de la Facultad de Arquitectura 5 de Mayo de la Universidad Aut\u00f3noma Benito Ju\u00e1rez, de Oaxaca (M\u00e9xico)<\/li>\n<li class=\"rtejustify\">Y la Sra. Manon Auffray de l\u2019\u00c9tang, representante de la Secretar\u00eda General de la OCPM<\/li>\n<\/ul>\n<table>\n<tbody>\n<tr>\n<th>Ciudad<\/th>\n<th>Pa\u00eds<\/th>\n<th>T\u00edtulo del<br \/>\nproyecto<\/th>\n<th>PPT de presentac\u00edon<\/th>\n<th>Videos de presentac\u00edon<\/th>\n<\/tr>\n<tr>\n<td>Andong<\/td>\n<td>Corea del Sur<\/td>\n<td><a href=\"https:\/\/www.ovpm.org\/wp-content\/uploads\/2018\/10\/andongproject.pdf\" target=\"_blank\" rel=\"noopener\">World Heritage, Korea\u2019s Historical Village Development Program<\/a><\/td>\n<td><a href=\"https:\/\/www.ovpm.org\/wp-content\/uploads\/2018\/10\/andong-hahoe-owhc.ppt\" target=\"_blank\" rel=\"noopener\">PPT Andong<\/a><\/td>\n<td><a href=\"https:\/\/www.youtube.com\/watch?v=BJFjyCrxd4k&amp;feature=youtu.be\" target=\"_blank\" rel=\"noopener\">Andong.AVI<\/a><\/td>\n<\/tr>\n<tr>\n<td>Aranjuez<\/td>\n<td>Espa\u00f1a<\/td>\n<td><a href=\"https:\/\/www.ovpm.org\/wp-content\/uploads\/2018\/10\/aranjuezproyecto.pdf\" target=\"_blank\" rel=\"noopener\">Nuestro patrimonio: desde lo local a lo universal<\/a><\/td>\n<td><a href=\"https:\/\/www.ovpm.org\/wp-content\/uploads\/2018\/10\/aranjuez.pptx\" target=\"_blank\" rel=\"noopener\">PPT Aranjuez<\/a><\/td>\n<td><a href=\"https:\/\/www.youtube.com\/watch?v=F7YBEGYlqoQ&amp;feature=youtu.be\" target=\"_blank\" rel=\"noopener\">Aranjuez.AVI<\/a><\/td>\n<\/tr>\n<tr>\n<td>C\u00f3rdoba<\/td>\n<td>Espa\u00f1a<\/td>\n<td><a href=\"https:\/\/www.ovpm.org\/wp-content\/uploads\/2018\/10\/cordoue.pdf\" target=\"_blank\" rel=\"noopener\">Actuaciones y gesti\u00f3n de la movilidad en el Conjunto Hist\u00f3rico de C\u00f3rdoba: el Puente Romano y su entorno<\/a><\/td>\n<td><\/td>\n<td><a href=\"https:\/\/www.youtube.com\/watch?v=6VSrnp4cXU8&amp;feature=youtu.be\" target=\"_blank\" rel=\"noopener\">C\u00f3rdoba.AVI<\/a><\/td>\n<\/tr>\n<tr>\n<td>Estrasburgo<\/td>\n<td>Francia<\/td>\n<td><a href=\"https:\/\/www.ovpm.org\/wp-content\/uploads\/2018\/10\/questionnairedappelaprojetstrasbourg.pdf\" target=\"_blank\" rel=\"noopener\">Valorisation des d\u00e9placements alternatifs \u00e0 la voiture<\/a><\/td>\n<td><a href=\"https:\/\/www.ovpm.org\/wp-content\/uploads\/2018\/10\/strasbourgcordoue.ppt\" target=\"_blank\" rel=\"noopener\">PPT Estrasburgo<\/a><\/td>\n<td><a href=\"https:\/\/www.youtube.com\/watch?v=p79Vt_Ud0xU&amp;feature=youtu.be\" target=\"_blank\" rel=\"noopener\">Estrasburgo.AVI<\/a><\/td>\n<\/tr>\n<tr>\n<td>\u00c9vora<\/td>\n<td>Portugal<\/td>\n<td><a href=\"https:\/\/www.ovpm.org\/wp-content\/uploads\/2018\/10\/evoraproject.pdf\" target=\"_blank\" rel=\"noopener\">\u00c9vora \u2013 Public Use Plan<\/a><\/td>\n<td><a href=\"https:\/\/www.ovpm.org\/wp-content\/uploads\/2018\/10\/evora.pptx\" target=\"_blank\" rel=\"noopener\">PPT \u00c9vora<\/a><\/td>\n<td><a href=\"https:\/\/www.youtube.com\/watch?v=Vow2Gv2N16M&amp;feature=youtu.be\" target=\"_blank\" rel=\"noopener\">\u00c9vora.AVI<\/a><\/td>\n<\/tr>\n<tr>\n<td>La Habana<\/td>\n<td>Cuba<\/td>\n<td><a href=\"https:\/\/www.ovpm.org\/wp-content\/uploads\/2018\/10\/lahavanaproyecto.pdf\" target=\"_blank\" rel=\"noopener\">Santo \u00c1ngel por dentro<\/a><\/td>\n<td><a href=\"https:\/\/www.ovpm.org\/wp-content\/uploads\/2018\/10\/habana.ppt\" target=\"_blank\" rel=\"noopener\">PPT La Habana<\/a><\/td>\n<td><a href=\"https:\/\/www.youtube.com\/watch?v=nYQjHWBTeDk&amp;feature=youtu.be\" target=\"_blank\" rel=\"noopener\">La Habana.AVI<\/a><\/td>\n<\/tr>\n<tr>\n<td>Luxemburgo<\/td>\n<td>Luxemburgo<\/td>\n<td><a href=\"https:\/\/www.ovpm.org\/wp-content\/uploads\/2018\/10\/luxembourgprojet.pdf\" target=\"_blank\" rel=\"noopener\">Restauration et r\u00e9novation de la Vieille Ville<\/a><\/td>\n<td><\/td>\n<td><a href=\"https:\/\/www.youtube.com\/watch?v=rzRDzlqo7LE&amp;feature=youtu.be\" target=\"_blank\" rel=\"noopener\">Luxemburgo.AVI<\/a><\/td>\n<\/tr>\n<tr>\n<td>Oaxaca<\/td>\n<td>M\u00e9xico<\/td>\n<td><a href=\"https:\/\/www.ovpm.org\/wp-content\/uploads\/2018\/10\/oaxacaproyecto.pdf\" target=\"_blank\" rel=\"noopener\">\u00c1rboles notables e hist\u00f3ricos, patrimonio vivo para el futuro<\/a><\/td>\n<td><a href=\"https:\/\/www.ovpm.org\/wp-content\/uploads\/2018\/10\/oaxaca.ppsx\" target=\"_blank\" rel=\"noopener\">PPT Oaxaca<\/a><\/td>\n<td><a href=\"https:\/\/www.youtube.com\/watch?v=gqDv3hNF_y8&amp;feature=youtu.be\" target=\"_blank\" rel=\"noopener\">Oaxaca.AVI<\/a><\/td>\n<\/tr>\n<tr>\n<td>Puebla<\/td>\n<td>M\u00e9xico<\/td>\n<td><a href=\"https:\/\/www.ovpm.org\/wp-content\/uploads\/2018\/10\/pueblaproyecto.pdf\" target=\"_blank\" rel=\"noopener\">Gu\u00eda del Patrimonio Religioso de la Ciudad de Puebla<\/a><\/td>\n<td><a href=\"https:\/\/www.ovpm.org\/wp-content\/uploads\/2018\/10\/puebla-vf.ppt\" target=\"_blank\" rel=\"noopener\">PPT Puebla<\/a><\/td>\n<td><a href=\"https:\/\/www.youtube.com\/watch?v=p4K3wT03OtM&amp;feature=youtu.be\" target=\"_blank\" rel=\"noopener\">Puebla.AVI<\/a><\/td>\n<\/tr>\n<tr>\n<td>Quebec<\/td>\n<td>Canad\u00e1<\/td>\n<td>Gestion int\u00e9gr\u00e9e des d\u00e9placements dans l\u2019arrondissement historique du Vieux-Qu\u00e9bec \u2013 une composante du plan de mobilit\u00e9 durable de la Ville de Qu\u00e9bec<\/td>\n<td><\/td>\n<td><\/td>\n<\/tr>\n<tr>\n<td>Ratisbona<\/td>\n<td>Alemania<\/td>\n<td><a href=\"https:\/\/www.ovpm.org\/wp-content\/uploads\/2018\/10\/regensburgproject.pdf\" target=\"_blank\" rel=\"noopener\">World Heritage Management Plan for the Old Town of Regensburg with Stadtamhof<\/a><\/td>\n<td><a href=\"https:\/\/www.ovpm.org\/wp-content\/uploads\/2018\/10\/regensburgpecha-kucka.pptx\" target=\"_blank\" rel=\"noopener\">PPT Ratisbona<\/a><\/td>\n<td><a href=\"https:\/\/www.youtube.com\/watch?v=ekgK6w7QYgM&amp;feature=youtu.be\" target=\"_blank\" rel=\"noopener\">Ratisbona.AVI<\/a><\/td>\n<\/tr>\n<tr>\n<td>Tallinn<\/td>\n<td>Estonia<\/td>\n<td><a href=\"https:\/\/www.ovpm.org\/wp-content\/uploads\/2018\/10\/tallinnproject.pdf\" target=\"_blank\" rel=\"noopener\">Revitalization of Tallinn\u2019s seaside. Unique seaplane hangar restored into a maritime museum<\/a><\/td>\n<td><a href=\"https:\/\/www.ovpm.org\/wp-content\/uploads\/2018\/10\/tallin.pptx\" target=\"_blank\" rel=\"noopener\">PPT Tallinn<\/a><\/td>\n<td><a href=\"https:\/\/www.youtube.com\/watch?v=apx_SjsKMiw&amp;feature=youtu.be\" target=\"_blank\" rel=\"noopener\">Tallinn.AVI<\/a><\/td>\n<\/tr>\n<tr>\n<td>Varsovia<\/td>\n<td>Polonia<\/td>\n<td><a href=\"https:\/\/www.ovpm.org\/wp-content\/uploads\/2018\/10\/warsawproject.pdf\" target=\"_blank\" rel=\"noopener\">Pavement renovation in the old town in Warsaw \u2013 UNESCO World Heritage Site<\/a><\/td>\n<td><a href=\"https:\/\/www.ovpm.org\/wp-content\/uploads\/2018\/10\/warsaw.ppt\" target=\"_blank\" rel=\"noopener\">PPT Varsovia<\/a><\/td>\n<td><a href=\"https:\/\/www.youtube.com\/watch?v=yIaocMcxX2o&amp;feature=youtu.be\" target=\"_blank\" rel=\"noopener\">Varsovia.AVI<\/a><\/td>\n<\/tr>\n<\/tbody>\n<\/table>\n<p class=\"rtejustify\">Cabe recordar que dicho taller apuntaba a cumplir tres objetivos.<\/p>\n<ul>\n<li class=\"rtejustify\">El primero consist\u00eda en cumplir los compromisos contra\u00eddos por la OCPM en su\u00a0<a href=\"https:\/\/drive.google.com\/open?id=0B9YnmLTULX57d0V2NllwYkNOMkU\" target=\"_blank\" rel=\"noopener\"><em>Contribuci\u00f3n de Sintra<\/em><\/a>.<\/li>\n<\/ul>\n<p class=\"rtejustify\">M\u00e1s espec\u00edficamente, se trataba de sus dos primeros compromisos relativos a la compilaci\u00f3n de experiencias y la capitalizaci\u00f3n de pericias.<\/p>\n<ul>\n<li class=\"rtejustify\">El segundo era contribuir a la programaci\u00f3n del\u00a0XII Congreso Mundial de la OCPM \u201cCiudades Patrimonio, Ciudades Sustentables\u201d, cuya celebraci\u00f3n est\u00e1 prevista en Oaxaca (M\u00e9xico) del 19 al 22 de noviembre de 2013.\u00a0 Cuatro de los 13 proyectos explicados durante el taller de C\u00f3rdoba se presentar\u00e1n el mi\u00e9rcoles, 20 de noviembre de 2013: son los de Aranjuez, La Habana, Oaxaca y Ratisbona.<\/li>\n<\/ul>\n<p class=\"rtejustify\">Estos 4 proyectos fueron seleccionados por su pertinencia en lo relativo a alguno de los 4 temas del Congreso Mundial:<\/p>\n<ol class=\"rteindent1\">\n<li class=\"rtejustify\">Medio ambiente: La conservaci\u00f3n del medio ambiente y la vitalidad del Patrimonio Cultural.<\/li>\n<li class=\"rtejustify\">\u00c1mbito urbano (una ciudad y un territorio): La planificaci\u00f3n urbana integral en las Ciudades Patrimonio.<\/li>\n<li class=\"rtejustify\">Cultura: El Patrimonio Cultural en el contexto del desarrollo sostenible<\/li>\n<li class=\"rtejustify\">Sociedad: El valor de la sociedad en la preservaci\u00f3n del Patrimonio Cultural.<\/li>\n<\/ol>\n<p class=\"rtejustify\">Por otra parte, mencionemos que las ciudades autoras de los 13 proyectos en C\u00f3rdoba fueron invitadas a participar en la sesi\u00f3n de p\u00f3sters durante el Congreso Mundial de la OCPM.<\/p>\n<ul>\n<li class=\"rtejustify\">El \u00faltimo objetivo era utilizar las conclusiones y observaciones de los participantes en el taller \u201cCamino a Oaxaca\u201d, combin\u00e1ndolas con las conclusiones del Congreso Mundial, a fin de crear un programa de desarrollo sostenible permanente en el seno de la OCPM.<\/li>\n<\/ul>\n<p class=\"rtejustify\">Tambi\u00e9n se pueden visualizar las fotos sacadas durante el evento, haciendo clic\u00a0<a href=\"https:\/\/www.flickr.com\/gp\/ovpm\/a68UUh\" target=\"_blank\" rel=\"noopener\">AQU\u00cd<\/a>.<\/p>\n<p>Para cualquier informaci\u00f3n adicional, favor de comunicar con la administradora del programa, Andr\u00e9anne Charest:\u00a0<a href=\"mailto:acharest@ovpm.org\">acharest@ovpm.org<\/a><\/p>\n<h4>Adjunto<\/h4>\n<p><a href=\"https:\/\/www.ovpm.org\/wp-content\/uploads\/2018\/10\/questionnairedappelaprojetesp0.doc\" target=\"_blank\" rel=\"noopener\" type=\"application\/msword; length=126976\">CAMINO A OAXACA &#8211; cuestionario<\/a><\/p>\n<p><a href=\"https:\/\/www.ovpm.org\/wp-content\/uploads\/2018\/10\/documentofficielesp0.doc\" target=\"_blank\" rel=\"noopener\" type=\"application\/msword; length=122368\">CAMINO A OAXACA &#8211; documento oficial<\/a><\/p>\n","protected":false},"excerpt":{"rendered":"<p>Del 4 al 6 de junio de 2013, 19 participantes presentaron en C\u00f3rdoba (Espa\u00f1a), ante un jurado internacional de 6 personas, 13 proyectos sobre el tema de la gesti\u00f3n del patrimonio vinculado al desarrollo sostenible con motivo del taller \u201cCamino a Oaxaca\u201d. El jurado estaba integrado por: La Sra. Kerstin Manz, representante del Centro del [&hellip;]<\/p>\n","protected":false},"author":1,"featured_media":0,"parent":0,"menu_order":310,"comment_status":"closed","ping_status":"closed","template":"","meta":{"_acf_changed":false,"footnotes":""},"acf":[],"_links":{"self":[{"href":"https:\/\/www.ovpm.org\/es\/wp-json\/wp\/v2\/pages\/15423"}],"collection":[{"href":"https:\/\/www.ovpm.org\/es\/wp-json\/wp\/v2\/pages"}],"about":[{"href":"https:\/\/www.ovpm.org\/es\/wp-json\/wp\/v2\/types\/page"}],"author":[{"embeddable":true,"href":"https:\/\/www.ovpm.org\/es\/wp-json\/wp\/v2\/users\/1"}],"replies":[{"embeddable":true,"href":"https:\/\/www.ovpm.org\/es\/wp-json\/wp\/v2\/comments?post=15423"}],"version-history":[{"count":0,"href":"https:\/\/www.ovpm.org\/es\/wp-json\/wp\/v2\/pages\/15423\/revisions"}],"wp:attachment":[{"href":"https:\/\/www.ovpm.org\/es\/wp-json\/wp\/v2\/media?parent=15423"}],"curies":[{"name":"wp","href":"https:\/\/api.w.org\/{rel}","templated":true}]}}